{"id":42736,"date":"2025-05-13T14:33:27","date_gmt":"2025-05-13T14:33:27","guid":{"rendered":"https:\/\/milicia-pro.com\/?post_type=product&#038;p=42736"},"modified":"2026-02-26T10:30:34","modified_gmt":"2026-02-26T10:30:34","slug":"algemas-de-corrente-niqueladas","status":"publish","type":"product","link":"https:\/\/milicia-pro.com\/index.php\/product\/algemas-de-corrente-niqueladas\/","title":{"rendered":"ALGEMAS DE CORRENTE NIQUELADAS"},"content":{"rendered":"<p>Estas algemas s\u00e3o em a\u00e7o inoxid\u00e1vel. O acabamento \u00e9 em n\u00edquel. Quando dobradas facilitam o transporte em qualquer bolsa ou \u00e1 cintura. Tem sistema de abertura por chave nas duas algemas. Tem bloqueio lateral nas duas algemas.<\/p>\n<ul>\n<li>Peso: 275gr.<\/li>\n<\/ul>\n","protected":false},"excerpt":{"rendered":"<p>Estas algemas s\u00e3o em a\u00e7o inoxid\u00e1vel. O acabamento \u00e9 em n\u00edquel. Quando dobradas facilitam o transporte em qualquer bolsa ou \u00e1 cintura. Tem sistema de abertura por chave nas duas algemas. Tem bloqueio lateral nas duas algemas. Peso: 275gr.<\/p>\n","protected":false},"featured_media":42738,"comment_status":"open","ping_status":"closed","template":"","meta":{"_monsterinsights_skip_tracking":false,"_monsterinsights_sitenote_active":false,"_monsterinsights_sitenote_note":"","_monsterinsights_sitenote_category":0},"product_brand":[1513],"product_cat":[1135,1064,1163,829],"product_tag":[501],"class_list":{"0":"post-42736","1":"product","2":"type-product","3":"status-publish","4":"has-post-thumbnail","6":"product_brand-hiatt","7":"product_cat-algemas","8":"product_cat-equipamentotatico","9":"product_cat-hiatt","10":"product_cat-marcas","11":"product_tag-algemas","13":"first","14":"outofstock","15":"shipping-taxable","16":"purchasable","17":"product-type-variable"},"aioseo_notices":[],"jetpack_sharing_enabled":true,"_links":{"self":[{"href":"https:\/\/milicia-pro.com\/index.php\/wp-json\/wp\/v2\/product\/42736","targetHints":{"allow":["GET"]}}],"collection":[{"href":"https:\/\/milicia-pro.com\/index.php\/wp-json\/wp\/v2\/product"}],"about":[{"href":"https:\/\/milicia-pro.com\/index.php\/wp-json\/wp\/v2\/types\/product"}],"replies":[{"embeddable":true,"href":"https:\/\/milicia-pro.com\/index.php\/wp-json\/wp\/v2\/comments?post=42736"}],"wp:featuredmedia":[{"embeddable":true,"href":"https:\/\/milicia-pro.com\/index.php\/wp-json\/wp\/v2\/media\/42738"}],"wp:attachment":[{"href":"https:\/\/milicia-pro.com\/index.php\/wp-json\/wp\/v2\/media?parent=42736"}],"wp:term":[{"taxonomy":"product_brand","embeddable":true,"href":"https:\/\/milicia-pro.com\/index.php\/wp-json\/wp\/v2\/product_brand?post=42736"},{"taxonomy":"product_cat","embeddable":true,"href":"https:\/\/milicia-pro.com\/index.php\/wp-json\/wp\/v2\/product_cat?post=42736"},{"taxonomy":"product_tag","embeddable":true,"href":"https:\/\/milicia-pro.com\/index.php\/wp-json\/wp\/v2\/product_tag?post=42736"}],"curies":[{"name":"wp","href":"https:\/\/api.w.org\/{rel}","templated":true}]}}