{"id":42711,"date":"2025-05-09T16:15:10","date_gmt":"2025-05-09T16:15:10","guid":{"rendered":"https:\/\/milicia-pro.com\/?post_type=product&#038;p=42711"},"modified":"2025-12-09T14:23:32","modified_gmt":"2025-12-09T14:23:32","slug":"calca-v2-tactical-de-maternidade-mulher","status":"publish","type":"product","link":"https:\/\/milicia-pro.com\/index.php\/product\/calca-v2-tactical-de-maternidade-mulher\/","title":{"rendered":"CAL\u00c7A V2 TACTICAL DE MATERNIDADE MULHER"},"content":{"rendered":"<p>Projetado para mulheres gr\u00e1vidas, a cal\u00e7a de Maternidade T\u00e1tica V2 \u00e9 uma modifica\u00e7\u00e3o da Plataforma T\u00e1tica V2, constru\u00edda especificamente para manter uma apar\u00eancia profissional com um painel de malha el\u00e1stica de 4 vias para conforto e suporte.<\/p>\n<p>&nbsp;<\/p>\n<ul>\n<li>Tecnologia de tecido V2 com estiramento mec\u00e2nico bidirecional<\/li>\n<li>Tecido tingido duplo<\/li>\n<li>Acabamento repelente de \u00e1gua DWR<\/li>\n<li>Cintura de painel de malha el\u00e1stica de 4 vias<\/li>\n<li>2 bolsos de carga externos<\/li>\n<li>Costurada tripla em todas as costuras principais<\/li>\n<li>2mm x 2mm Micro Ripstop<\/li>\n<\/ul>\n","protected":false},"excerpt":{"rendered":"<p>Projetado para mulheres gr\u00e1vidas, a cal\u00e7a de Maternidade T\u00e1tica V2 \u00e9 uma modifica\u00e7\u00e3o da Plataforma T\u00e1tica V2, constru\u00edda especificamente para manter uma apar\u00eancia profissional com um painel de malha el\u00e1stica de 4 vias para conforto e suporte. &nbsp; Tecnologia de tecido V2 com estiramento mec\u00e2nico bidirecional Tecido tingido duplo Acabamento repelente de \u00e1gua DWR Cintura [&#8230;]\n","protected":false},"featured_media":42721,"comment_status":"open","ping_status":"closed","template":"","meta":{"_monsterinsights_skip_tracking":false,"_monsterinsights_sitenote_active":false,"_monsterinsights_sitenote_note":"","_monsterinsights_sitenote_category":0},"product_brand":[1509],"product_cat":[1078,830,829,1063],"product_tag":[90,1434,301],"class_list":{"0":"post-42711","1":"product","2":"type-product","3":"status-publish","4":"has-post-thumbnail","6":"product_brand-first-tactical","7":"product_cat-calcas","8":"product_cat-firsttactical","9":"product_cat-marcas","10":"product_cat-vestuario","11":"product_tag-calca","12":"product_tag-gravida","13":"product_tag-senhora","15":"first","16":"instock","17":"shipping-taxable","18":"purchasable","19":"product-type-variable"},"aioseo_notices":[],"jetpack_sharing_enabled":true,"_links":{"self":[{"href":"https:\/\/milicia-pro.com\/index.php\/wp-json\/wp\/v2\/product\/42711","targetHints":{"allow":["GET"]}}],"collection":[{"href":"https:\/\/milicia-pro.com\/index.php\/wp-json\/wp\/v2\/product"}],"about":[{"href":"https:\/\/milicia-pro.com\/index.php\/wp-json\/wp\/v2\/types\/product"}],"replies":[{"embeddable":true,"href":"https:\/\/milicia-pro.com\/index.php\/wp-json\/wp\/v2\/comments?post=42711"}],"wp:featuredmedia":[{"embeddable":true,"href":"https:\/\/milicia-pro.com\/index.php\/wp-json\/wp\/v2\/media\/42721"}],"wp:attachment":[{"href":"https:\/\/milicia-pro.com\/index.php\/wp-json\/wp\/v2\/media?parent=42711"}],"wp:term":[{"taxonomy":"product_brand","embeddable":true,"href":"https:\/\/milicia-pro.com\/index.php\/wp-json\/wp\/v2\/product_brand?post=42711"},{"taxonomy":"product_cat","embeddable":true,"href":"https:\/\/milicia-pro.com\/index.php\/wp-json\/wp\/v2\/product_cat?post=42711"},{"taxonomy":"product_tag","embeddable":true,"href":"https:\/\/milicia-pro.com\/index.php\/wp-json\/wp\/v2\/product_tag?post=42711"}],"curies":[{"name":"wp","href":"https:\/\/api.w.org\/{rel}","templated":true}]}}