{"id":42668,"date":"2025-05-09T10:42:00","date_gmt":"2025-05-09T10:42:00","guid":{"rendered":"https:\/\/milicia-pro.com\/?post_type=product&#038;p=42668"},"modified":"2025-12-09T14:24:05","modified_gmt":"2025-12-09T14:24:05","slug":"combat-shirt-defender-s-s","status":"publish","type":"product","link":"https:\/\/milicia-pro.com\/index.php\/product\/combat-shirt-defender-s-s\/","title":{"rendered":"COMBAT SHIRT DEFENDER S\/S"},"content":{"rendered":"<p><img loading=\"lazy\" decoding=\"async\" class=\"size-medium wp-image-42680 alignleft\" src=\"https:\/\/milicia-pro.com\/wp-content\/uploads\/2025\/05\/FT.112017-01-300x157.jpg\" alt=\"\" width=\"300\" height=\"157\" srcset=\"https:\/\/milicia-pro.com\/wp-content\/uploads\/2025\/05\/FT.112017-01-300x157.jpg 300w, https:\/\/milicia-pro.com\/wp-content\/uploads\/2025\/05\/FT.112017-01-510x266.jpg 510w, https:\/\/milicia-pro.com\/wp-content\/uploads\/2025\/05\/FT.112017-01.jpg 670w\" sizes=\"auto, (max-width: 300px) 100vw, 300px\" \/><\/p>\n<p><strong>Tecido Defender<\/strong><\/p>\n<p>O Tecido Defender apresenta uma mistura respir\u00e1vel de algod\u00e3o e Nylon Cordura\u00ae. O Nyco com stretch mec\u00e2nico bidirecional \u00e9 um dos primeiros no mercado e possui tecido ripstop duplo que \u00e9 respir\u00e1vel e perfeito para climas quentes.<\/p>\n<p>&nbsp;<\/p>\n<p><img loading=\"lazy\" decoding=\"async\" class=\"size-medium wp-image-42681 alignleft\" src=\"https:\/\/milicia-pro.com\/wp-content\/uploads\/2025\/05\/FT.112017-02-300x157.jpg\" alt=\"\" width=\"300\" height=\"157\" srcset=\"https:\/\/milicia-pro.com\/wp-content\/uploads\/2025\/05\/FT.112017-02-300x157.jpg 300w, https:\/\/milicia-pro.com\/wp-content\/uploads\/2025\/05\/FT.112017-02-510x266.jpg 510w, https:\/\/milicia-pro.com\/wp-content\/uploads\/2025\/05\/FT.112017-02.jpg 670w\" sizes=\"auto, (max-width: 300px) 100vw, 300px\" \/><\/p>\n<p>&nbsp;<\/p>\n<p><strong>Bolsos Especializados<\/strong><\/p>\n<p>Nossos bolsos de manga oversized com z\u00edper oferecem amplo espa\u00e7o para torniquetes, canetas ou qualquer outro equipamento que voc\u00ea possa precisar durante sua miss\u00e3o, al\u00e9m de uma sobreposi\u00e7\u00e3o de la\u00e7o para patches de identifica\u00e7\u00e3o.<\/p>\n<p>&nbsp;<\/p>\n<p><img loading=\"lazy\" decoding=\"async\" class=\"size-medium wp-image-42682 alignleft\" src=\"https:\/\/milicia-pro.com\/wp-content\/uploads\/2025\/05\/FT.112017-03-300x157.jpg\" alt=\"\" width=\"300\" height=\"157\" srcset=\"https:\/\/milicia-pro.com\/wp-content\/uploads\/2025\/05\/FT.112017-03-300x157.jpg 300w, https:\/\/milicia-pro.com\/wp-content\/uploads\/2025\/05\/FT.112017-03-510x266.jpg 510w, https:\/\/milicia-pro.com\/wp-content\/uploads\/2025\/05\/FT.112017-03.jpg 670w\" sizes=\"auto, (max-width: 300px) 100vw, 300px\" \/><\/p>\n<p><strong>Visual Profissional<\/strong><\/p>\n<p>Apesar de ter sido projetada para equipes SWAT e operadores de alto n\u00edvel, a Camisa Defender mant\u00e9m uma apar\u00eancia profissional sem parecer excessivamente agressiva.<\/p>\n<p>&nbsp;<\/p>\n<p>&nbsp;<\/p>\n<p>Com desempenho projetado para lidar com qualquer miss\u00e3o, enquanto mant\u00e9m a apar\u00eancia profissional necess\u00e1ria durante o servi\u00e7o normal. Esta camisa de z\u00edper at\u00e9 um quarto possui bolsos especializados com amplo espa\u00e7o para equipamentos grandes, uma pala dividida elimina o volume indesejado e bolsos de manga oversized aceitam patches ou bordados. Criar a camisa perfeita para o clima quente foi a prioridade no design, utilizando malha ventilada para proporcionar movimento e respirabilidade avan\u00e7ados.<\/p>\n<p>Caracter\u00edsticas:<\/p>\n<ul>\n<li>Corpo: 6,5 oz de jersey 100% poli\u00e9ster; resistente a rasgos, desbotamento e rugas, com acabamento que absorve a humidade e antimicrobiano<\/li>\n<li>Mangas e colarinho: 6,9 oz, 55% algod\u00e3o\/45% Cordura\u00ae Nylon com stretch mec\u00e2nico 2-way e dupla ripstop com acabamento que absorve a humidade<\/li>\n<li>Z\u00edperes YKK\u00ae.<\/li>\n<li>Puxadores Duraflex\u00ae.<\/li>\n<\/ul>\n","protected":false},"excerpt":{"rendered":"<p>Tecido Defender O Tecido Defender apresenta uma mistura respir\u00e1vel de algod\u00e3o e Nylon Cordura\u00ae. O Nyco com stretch mec\u00e2nico bidirecional \u00e9 um dos primeiros no mercado e possui tecido ripstop duplo que \u00e9 respir\u00e1vel e perfeito para climas quentes. &nbsp; &nbsp; Bolsos Especializados Nossos bolsos de manga oversized com z\u00edper oferecem amplo espa\u00e7o para torniquetes, [&#8230;]\n","protected":false},"featured_media":42683,"comment_status":"open","ping_status":"closed","template":"","meta":{"_monsterinsights_skip_tracking":false,"_monsterinsights_sitenote_active":false,"_monsterinsights_sitenote_note":"","_monsterinsights_sitenote_category":0},"product_brand":[1509],"product_cat":[1448,830,829,1082,1063],"product_tag":[726,320],"class_list":{"0":"post-42668","1":"product","2":"type-product","3":"status-publish","4":"has-post-thumbnail","6":"product_brand-first-tactical","7":"product_cat-combat-shirt","8":"product_cat-firsttactical","9":"product_cat-marcas","10":"product_cat-tshirt","11":"product_cat-vestuario","12":"product_tag-manga-curta","13":"product_tag-t-shirt","15":"first","16":"instock","17":"shipping-taxable","18":"purchasable","19":"product-type-variable"},"aioseo_notices":[],"jetpack_sharing_enabled":true,"_links":{"self":[{"href":"https:\/\/milicia-pro.com\/index.php\/wp-json\/wp\/v2\/product\/42668","targetHints":{"allow":["GET"]}}],"collection":[{"href":"https:\/\/milicia-pro.com\/index.php\/wp-json\/wp\/v2\/product"}],"about":[{"href":"https:\/\/milicia-pro.com\/index.php\/wp-json\/wp\/v2\/types\/product"}],"replies":[{"embeddable":true,"href":"https:\/\/milicia-pro.com\/index.php\/wp-json\/wp\/v2\/comments?post=42668"}],"wp:featuredmedia":[{"embeddable":true,"href":"https:\/\/milicia-pro.com\/index.php\/wp-json\/wp\/v2\/media\/42683"}],"wp:attachment":[{"href":"https:\/\/milicia-pro.com\/index.php\/wp-json\/wp\/v2\/media?parent=42668"}],"wp:term":[{"taxonomy":"product_brand","embeddable":true,"href":"https:\/\/milicia-pro.com\/index.php\/wp-json\/wp\/v2\/product_brand?post=42668"},{"taxonomy":"product_cat","embeddable":true,"href":"https:\/\/milicia-pro.com\/index.php\/wp-json\/wp\/v2\/product_cat?post=42668"},{"taxonomy":"product_tag","embeddable":true,"href":"https:\/\/milicia-pro.com\/index.php\/wp-json\/wp\/v2\/product_tag?post=42668"}],"curies":[{"name":"wp","href":"https:\/\/api.w.org\/{rel}","templated":true}]}}