{"id":42649,"date":"2025-05-07T15:04:29","date_gmt":"2025-05-07T15:04:29","guid":{"rendered":"https:\/\/milicia-pro.com\/?post_type=product&#038;p=42649"},"modified":"2026-03-30T09:06:59","modified_gmt":"2026-03-30T09:06:59","slug":"coldre-light-bearing-iwb-p-glock-192332-tlr-7a-direita-torsion","status":"publish","type":"product","link":"https:\/\/milicia-pro.com\/index.php\/product\/coldre-light-bearing-iwb-p-glock-192332-tlr-7a-direita-torsion\/","title":{"rendered":"COLDRE LIGHT BEARING IWB P\/GLOCK 19,23,32\/TLR-7A \/DIREITA\/ TORSION"},"content":{"rendered":"<p>O coldre Torsion Light Bearing fornece tudo o que \u00e9 necess\u00e1rio para transportar uma arma em seguran\u00e7a. O coldre de transporte oculto Bravo Concealment Torsion IWB \u00e9 projetado para ser a melhor op\u00e7\u00e3o de cintura interna para o transporte oculto di\u00e1rio. Este coldre Inside the waistband (IWB) encaixa-se perfeitamente na arma. Isso ocorre porque os moldes s\u00e3o feitos internamente pela mais recente tecnologia de design CAD. S\u00e3o usadas armas reais para projetar este coldre. \u00c9 feito o Scan em 3D da arma real e constru\u00eddo uma s\u00f3lida fora da nuvem para o ajuste mais preciso dentro de tr\u00eas mil\u00e9simos de polegada. Essa \u00e9 a espessura de um fio de cabelo humano! O coldre Torsion IWB anda perto do corpo devido \u00e0 nossa tecnologia patenteada &#8220;Torsion&#8221;. Isso fixa a arma e inclina-a ou torce em dire\u00e7\u00e3o ao seu corpo para oculta\u00e7\u00e3o m\u00e1xima. Cria menos material na parte de tr\u00e1s do coldre para um ajuste mais confort\u00e1vel, ao mesmo tempo em que se ajusta perfeitamente \u00e0 sua arma. Estes coldres de pol\u00edmero estilo Kydex s\u00e3o resistentes e dur\u00e1veis com peso m\u00ednimo adicionado \u00e0 sua arma. T\u00eam uma ligeira curva para ajudar a envolver a curvatura natural da cintura. Isso faz com que a frente do coldre praticamente desapare\u00e7a ao usar as roupas certas. \u00a0Os coldres Bravo t\u00eam um encaixe muito suave para um &#8220;clique&#8221; r\u00e1pido e pronunciado ao recolocar a arma no coldre, atuando assim como prote\u00e7\u00e3o para sua arma. Adicione uma bolsa magn\u00e9tica para transporte de for\u00e7a total. Os porta-carregadores tamb\u00e9m s\u00e3o feitos da mesma maneira para oculta\u00e7\u00e3o total. Os acess\u00f3rios de remo tamb\u00e9m podem ser adicionados ao porta-carregador para facilitar a coloca\u00e7\u00e3o e retirada.<\/p>\n<p>&nbsp;<\/p>\n","protected":false},"excerpt":{"rendered":"<p>O coldre Torsion Light Bearing fornece tudo o que \u00e9 necess\u00e1rio para transportar uma arma em seguran\u00e7a. O coldre de transporte oculto Bravo Concealment Torsion IWB \u00e9 projetado para ser a melhor op\u00e7\u00e3o de cintura interna para o transporte oculto di\u00e1rio. Este coldre Inside the waistband (IWB) encaixa-se perfeitamente na arma. Isso ocorre porque os [&#8230;]\n","protected":false},"featured_media":43132,"comment_status":"open","ping_status":"closed","template":"","meta":{"_monsterinsights_skip_tracking":false,"_monsterinsights_sitenote_active":false,"_monsterinsights_sitenote_note":"","_monsterinsights_sitenote_category":0},"product_brand":[1592],"product_cat":[1030,1085,1064],"product_tag":[607,608],"class_list":{"0":"post-42649","1":"product","2":"type-product","3":"status-publish","4":"has-post-thumbnail","6":"product_brand-bravo-concealment","7":"product_cat-bravo-concealment","8":"product_cat-coldre","9":"product_cat-equipamentotatico","10":"product_tag-coldre","11":"product_tag-glock","13":"first","14":"instock","15":"shipping-taxable","16":"purchasable","17":"product-type-variable"},"aioseo_notices":[],"jetpack_sharing_enabled":true,"_links":{"self":[{"href":"https:\/\/milicia-pro.com\/index.php\/wp-json\/wp\/v2\/product\/42649","targetHints":{"allow":["GET"]}}],"collection":[{"href":"https:\/\/milicia-pro.com\/index.php\/wp-json\/wp\/v2\/product"}],"about":[{"href":"https:\/\/milicia-pro.com\/index.php\/wp-json\/wp\/v2\/types\/product"}],"replies":[{"embeddable":true,"href":"https:\/\/milicia-pro.com\/index.php\/wp-json\/wp\/v2\/comments?post=42649"}],"wp:featuredmedia":[{"embeddable":true,"href":"https:\/\/milicia-pro.com\/index.php\/wp-json\/wp\/v2\/media\/43132"}],"wp:attachment":[{"href":"https:\/\/milicia-pro.com\/index.php\/wp-json\/wp\/v2\/media?parent=42649"}],"wp:term":[{"taxonomy":"product_brand","embeddable":true,"href":"https:\/\/milicia-pro.com\/index.php\/wp-json\/wp\/v2\/product_brand?post=42649"},{"taxonomy":"product_cat","embeddable":true,"href":"https:\/\/milicia-pro.com\/index.php\/wp-json\/wp\/v2\/product_cat?post=42649"},{"taxonomy":"product_tag","embeddable":true,"href":"https:\/\/milicia-pro.com\/index.php\/wp-json\/wp\/v2\/product_tag?post=42649"}],"curies":[{"name":"wp","href":"https:\/\/api.w.org\/{rel}","templated":true}]}}