{"id":42625,"date":"2025-05-09T08:18:15","date_gmt":"2025-05-09T08:18:15","guid":{"rendered":"https:\/\/milicia-pro.com\/?post_type=product&#038;p=42625"},"modified":"2026-02-18T16:35:23","modified_gmt":"2026-02-18T16:35:23","slug":"acessorios-1-par-presilhas-para-cinto-1-50","status":"publish","type":"product","link":"https:\/\/milicia-pro.com\/index.php\/product\/acessorios-1-par-presilhas-para-cinto-1-50\/","title":{"rendered":"ACESS\u00d3RIOS (1 PAR) PRESILHAS PARA CINTO 1.50\u201d"},"content":{"rendered":"<p>Moldes de cinto moldado por inje\u00e7\u00e3o de pol\u00edmero:<\/p>\n<ul>\n<li>As presilhas para cinto s\u00e3o vendidas em pares<\/li>\n<li>Hardware inclu\u00eddo<\/li>\n<li>As presilhas de cinto s\u00e3o compat\u00edveis com todos os coldres, EXCETO: Tor\u00e7\u00e3o e DOS-L<\/li>\n<li>Resistente para uso pesado<\/li>\n<li>Tamanhos de presilhas de cinto: 3,80cm (1,50 &#8220;)<\/li>\n<\/ul>\n","protected":false},"excerpt":{"rendered":"<p>Moldes de cinto moldado por inje\u00e7\u00e3o de pol\u00edmero: As presilhas para cinto s\u00e3o vendidas em pares Hardware inclu\u00eddo As presilhas de cinto s\u00e3o compat\u00edveis com todos os coldres, EXCETO: Tor\u00e7\u00e3o e DOS-L Resistente para uso pesado Tamanhos de presilhas de cinto: 3,80cm (1,50 &#8220;)<\/p>\n","protected":false},"featured_media":42628,"comment_status":"open","ping_status":"closed","template":"","meta":{"_monsterinsights_skip_tracking":false,"_monsterinsights_sitenote_active":false,"_monsterinsights_sitenote_note":"","_monsterinsights_sitenote_category":0},"product_brand":[1592],"product_cat":[1115,1030,1064],"product_tag":[55,607,608,1431],"class_list":{"0":"post-42625","1":"product","2":"type-product","3":"status-publish","4":"has-post-thumbnail","6":"product_brand-bravo-concealment","7":"product_cat-acessorios-armas","8":"product_cat-bravo-concealment","9":"product_cat-equipamentotatico","10":"product_tag-acessorio","11":"product_tag-coldre","12":"product_tag-glock","13":"product_tag-presilhas","15":"first","16":"instock","17":"shipping-taxable","18":"purchasable","19":"product-type-variable"},"aioseo_notices":[],"jetpack_sharing_enabled":true,"_links":{"self":[{"href":"https:\/\/milicia-pro.com\/index.php\/wp-json\/wp\/v2\/product\/42625","targetHints":{"allow":["GET"]}}],"collection":[{"href":"https:\/\/milicia-pro.com\/index.php\/wp-json\/wp\/v2\/product"}],"about":[{"href":"https:\/\/milicia-pro.com\/index.php\/wp-json\/wp\/v2\/types\/product"}],"replies":[{"embeddable":true,"href":"https:\/\/milicia-pro.com\/index.php\/wp-json\/wp\/v2\/comments?post=42625"}],"wp:featuredmedia":[{"embeddable":true,"href":"https:\/\/milicia-pro.com\/index.php\/wp-json\/wp\/v2\/media\/42628"}],"wp:attachment":[{"href":"https:\/\/milicia-pro.com\/index.php\/wp-json\/wp\/v2\/media?parent=42625"}],"wp:term":[{"taxonomy":"product_brand","embeddable":true,"href":"https:\/\/milicia-pro.com\/index.php\/wp-json\/wp\/v2\/product_brand?post=42625"},{"taxonomy":"product_cat","embeddable":true,"href":"https:\/\/milicia-pro.com\/index.php\/wp-json\/wp\/v2\/product_cat?post=42625"},{"taxonomy":"product_tag","embeddable":true,"href":"https:\/\/milicia-pro.com\/index.php\/wp-json\/wp\/v2\/product_tag?post=42625"}],"curies":[{"name":"wp","href":"https:\/\/api.w.org\/{rel}","templated":true}]}}