{"id":42608,"date":"2025-04-22T17:46:23","date_gmt":"2025-04-22T17:46:23","guid":{"rendered":"https:\/\/milicia-pro.com\/?post_type=product&#038;p=42608"},"modified":"2025-04-23T13:43:22","modified_gmt":"2025-04-23T13:43:22","slug":"lanterna-hydracell-shark","status":"publish","type":"product","link":"https:\/\/milicia-pro.com\/index.php\/product\/lanterna-hydracell-shark\/","title":{"rendered":"LANTERNA HYDRACELL SHARK"},"content":{"rendered":"<p>A HYDRACELL\u2122 Shark Waterproof Light \u00e9 uma lanterna port\u00e1til LED robusta e poderosa alimentada por duas c\u00e9lulas de combust\u00edvel de bateria ativadas por \u00e1gua HYDRACELL HC2D propriet\u00e1rias.<\/p>\n<p>LEDs brilhantes e de longa dura\u00e7\u00e3o e um refletor especial fornecem um poderoso feixe focalizado para aplica\u00e7\u00f5es que precisam de ilumina\u00e7\u00e3o manual robusta. O SharkLight \u00e9 perfeito para muitas utiliza\u00e7\u00f5es, at\u00e9 numa emerg\u00eancia em sua casa, em viagens e at\u00e9 no seu kit de sobreviv\u00eancia. Facilmente ativado mergulhando na \u00e1gua do mar, se necess\u00e1rio. A luz \u00e0 prova d&#8217;\u00e1gua Shark foi projetada para ser armazenada indefinidamente e, quando necess\u00e1rio, basta abrir a veda\u00e7\u00e3o a v\u00e1cuo, mergulhar todo o produto em \u00e1gua por quinze segundos e brilhar acendendo a luz por horas de luz funcional, at\u00e9 300 m.<\/p>\n<p>O SharkLight \u00e9 \u00e0 prova d&#8217;\u00e1gua, flutua na \u00e1gua e possui uma fun\u00e7\u00e3o de piscar \/ estrobosc\u00f3pio de emerg\u00eancia integrada.<\/p>\n<p>O que est\u00e1 inclu\u00eddo:<br \/>\n-Luz de tubar\u00e3o<br \/>\n-2 x c\u00e9lulas de combust\u00edvel de bateria HYDRACELL HC2D<\/p>\n<p>Caracter\u00edsticas:<\/p>\n<ul>\n<li>Marca-HydraCell<\/li>\n<li>Cor-Laranja<\/li>\n<li>Tipo de luz-2 x LEDs XPGBWT-L1-0000-00LE2 (CRE)<\/li>\n<li>Bateria-2 x c\u00e9lulas de combust\u00edvel de bateria HYDRACELL HC2D<\/li>\n<li>Vida \u00fatil da bateria-200+ horas de tempo de execu\u00e7\u00e3o por conjunto de c\u00e9lulas HC2D<\/li>\n<li>Dimens\u00f5es-(mm) 209 comprimento x 132 largura<\/li>\n<li>Peso-400GR<\/li>\n<li>Lumens-700<\/li>\n<li>Dist\u00e2ncia do feixe-300m em ingl\u00eas<\/li>\n<li>Classifica\u00e7\u00e3o \u00e0 prova d&#8217;\u00e1gua-IP65<\/li>\n<\/ul>\n","protected":false},"excerpt":{"rendered":"<p>A HYDRACELL\u2122 Shark Waterproof Light \u00e9 uma lanterna port\u00e1til LED robusta e poderosa alimentada por duas c\u00e9lulas de combust\u00edvel de bateria ativadas por \u00e1gua HYDRACELL HC2D propriet\u00e1rias. LEDs brilhantes e de longa dura\u00e7\u00e3o e um refletor especial fornecem um poderoso feixe focalizado para aplica\u00e7\u00f5es que precisam de ilumina\u00e7\u00e3o manual robusta. O SharkLight \u00e9 perfeito para [&#8230;]\n","protected":false},"featured_media":42609,"comment_status":"open","ping_status":"closed","template":"","meta":{"_monsterinsights_skip_tracking":false,"_monsterinsights_sitenote_active":false,"_monsterinsights_sitenote_note":"","_monsterinsights_sitenote_category":0},"product_brand":[],"product_cat":[1064,1429,1090,829],"product_tag":[193],"class_list":{"0":"post-42608","1":"product","2":"type-product","3":"status-publish","4":"has-post-thumbnail","6":"product_cat-equipamentotatico","7":"product_cat-hydracell","8":"product_cat-lanterna","9":"product_cat-marcas","10":"product_tag-lanterna","12":"first","13":"instock","14":"shipping-taxable","15":"purchasable","16":"product-type-variable"},"aioseo_notices":[],"jetpack_sharing_enabled":true,"_links":{"self":[{"href":"https:\/\/milicia-pro.com\/index.php\/wp-json\/wp\/v2\/product\/42608","targetHints":{"allow":["GET"]}}],"collection":[{"href":"https:\/\/milicia-pro.com\/index.php\/wp-json\/wp\/v2\/product"}],"about":[{"href":"https:\/\/milicia-pro.com\/index.php\/wp-json\/wp\/v2\/types\/product"}],"replies":[{"embeddable":true,"href":"https:\/\/milicia-pro.com\/index.php\/wp-json\/wp\/v2\/comments?post=42608"}],"wp:featuredmedia":[{"embeddable":true,"href":"https:\/\/milicia-pro.com\/index.php\/wp-json\/wp\/v2\/media\/42609"}],"wp:attachment":[{"href":"https:\/\/milicia-pro.com\/index.php\/wp-json\/wp\/v2\/media?parent=42608"}],"wp:term":[{"taxonomy":"product_brand","embeddable":true,"href":"https:\/\/milicia-pro.com\/index.php\/wp-json\/wp\/v2\/product_brand?post=42608"},{"taxonomy":"product_cat","embeddable":true,"href":"https:\/\/milicia-pro.com\/index.php\/wp-json\/wp\/v2\/product_cat?post=42608"},{"taxonomy":"product_tag","embeddable":true,"href":"https:\/\/milicia-pro.com\/index.php\/wp-json\/wp\/v2\/product_tag?post=42608"}],"curies":[{"name":"wp","href":"https:\/\/api.w.org\/{rel}","templated":true}]}}