{"id":42604,"date":"2025-04-22T17:15:53","date_gmt":"2025-04-22T17:15:53","guid":{"rendered":"https:\/\/milicia-pro.com\/?post_type=product&#038;p=42604"},"modified":"2025-12-09T18:13:38","modified_gmt":"2025-12-09T18:13:38","slug":"pack3-lanterna-descartavel-hydracell-mini","status":"publish","type":"product","link":"https:\/\/milicia-pro.com\/index.php\/product\/pack3-lanterna-descartavel-hydracell-mini\/","title":{"rendered":"PACK3 LANTERNA DESCART\u00c1VEL HYDRACELL MINI"},"content":{"rendered":"<p><img loading=\"lazy\" decoding=\"async\" class=\"alignnone  wp-image-42602\" src=\"https:\/\/milicia-pro.com\/wp-content\/uploads\/2025\/04\/DOB.FCM1-CTD-300x149.webp\" alt=\"\" width=\"338\" height=\"168\" srcset=\"https:\/\/milicia-pro.com\/wp-content\/uploads\/2025\/04\/DOB.FCM1-CTD-300x149.webp 300w, https:\/\/milicia-pro.com\/wp-content\/uploads\/2025\/04\/DOB.FCM1-CTD.webp 480w\" sizes=\"auto, (max-width: 338px) 100vw, 338px\" \/><\/p>\n<p>A Mini Luz de Emerg\u00eancia da Hydracell \u00e9 a solu\u00e7\u00e3o perfeita para ter sempre consigo. A lanterna descart\u00e1vel pr\u00e1tica, ecol\u00f3gica e compacta com 2 LEDs \u00e9 alimentada pela exclusiva tecnologia HYDRACELL Mag-Air (sem necessidade de baterias).<br \/>\nOs 2 LEDs brilhantes de longa dura\u00e7\u00e3o fornecem at\u00e9 72 horas de sa\u00edda de luz (assumindo reativa\u00e7\u00e3o ocasional, quilometragem total combinada) para emerg\u00eancias, quedas de energia e para qualquer tipo de aventura ao ar livre quando n\u00e3o h\u00e1 outras fontes de luz dispon\u00edveis.<\/p>\n<p>A mini luz de emerg\u00eancia est\u00e1 pronta para ativa\u00e7\u00e3o a qualquer momento, bastando mergulh\u00e1-la brevemente em qualquer tipo de \u00e1gua. No final de sua vida \u00fatil, pode ser descartado de forma segura e ecol\u00f3gica com lixo dom\u00e9stico ou reciclagem de res\u00edduos de equipamentos el\u00e9tricos e eletr\u00f4nicos. Os ingredientes s\u00e3o naturais e totalmente biodegrad\u00e1veis. A caixa de pl\u00e1stico robusta \u00e9 recicl\u00e1vel. N\u00e3o h\u00e1 polui\u00e7\u00e3o ambiental, como \u00e9 o caso das baterias convencionais com sua composi\u00e7\u00e3o qu\u00edmica.<br \/>\nRASGAR &#8211; MERGULHAR &#8211; BRILHAR<br \/>\nDesfa\u00e7a as malas &#8211; mergulhe em qualquer tipo de \u00e1gua (por exemplo, riacho, mar, chuva ou mesmo \u00e1gua suja) por alguns segundos &#8211; use a luz por horas!<\/p>\n<ul>\n<li>Mini luz de emerg\u00eancia funcional<\/li>\n<li>tecnologia exclusiva HYDRACELL Mag-Air &#8211; sem necessidade de bateria<\/li>\n<li>Ativa\u00e7\u00e3o por \u00e1gua<\/li>\n<li>2 LEDs brilhantes e duradouros<\/li>\n<li>ecol\u00f3gico<br \/>\nTecnologia de c\u00e9lula de energia livre de toxinas e poluentes da Hydracell: selada e armazenada em local seco por at\u00e9 25 anos sem<\/li>\n<li>A perda de energia pode ser armazenada!<\/li>\n<li>As solu\u00e7\u00f5es inovadoras de ilumina\u00e7\u00e3o brilhante da Hydracell podem ser reativadas v\u00e1rias vezes!<\/li>\n<\/ul>\n<p>Fonte de energia: c\u00e9lula de energia unidirecional interna com tecnologia Mag.-Air<br \/>\nTempo de funcionamento: at\u00e9 72 horas por mini luz de emerg\u00eancia (assumindo reativa\u00e7\u00e3o ocasional, dependendo da carga e uso\/dados de desempenho estimados com base em extensos testes de laborat\u00f3rio)<br \/>\nDimens\u00f5es (A\/L\/P): 6,7 cm \/ 4 cm \/ 1,4 cm<br \/>\nPeso: 28 g<\/p>\n<p>Habita\u00e7\u00e3o: ABS, recicl\u00e1vel<br \/>\nConte\u00fado: n\u00facleo de magn\u00e9sio revestido com camadas de sal, ecologicamente correto, pois \u00e9 totalmente biodegrad\u00e1vel, inofensivo, n\u00e3o t\u00f3xico<\/p>\n<p>Inclui: mini luz de emerg\u00eancia<\/p>\n","protected":false},"excerpt":{"rendered":"<p>A Mini Luz de Emerg\u00eancia da Hydracell \u00e9 a solu\u00e7\u00e3o perfeita para ter sempre consigo. A lanterna descart\u00e1vel pr\u00e1tica, ecol\u00f3gica e compacta com 2 LEDs \u00e9 alimentada pela exclusiva tecnologia HYDRACELL Mag-Air (sem necessidade de baterias). Os 2 LEDs brilhantes de longa dura\u00e7\u00e3o fornecem at\u00e9 72 horas de sa\u00edda de luz (assumindo reativa\u00e7\u00e3o ocasional, quilometragem [&#8230;]\n","protected":false},"featured_media":42606,"comment_status":"open","ping_status":"closed","template":"","meta":{"_monsterinsights_skip_tracking":false,"_monsterinsights_sitenote_active":false,"_monsterinsights_sitenote_note":"","_monsterinsights_sitenote_category":0},"product_brand":[1595],"product_cat":[1064,1429,1090,829],"product_tag":[193],"class_list":{"0":"post-42604","1":"product","2":"type-product","3":"status-publish","4":"has-post-thumbnail","6":"product_brand-hydracell","7":"product_cat-equipamentotatico","8":"product_cat-hydracell","9":"product_cat-lanterna","10":"product_cat-marcas","11":"product_tag-lanterna","13":"first","14":"instock","15":"shipping-taxable","16":"purchasable","17":"product-type-variable"},"aioseo_notices":[],"jetpack_sharing_enabled":true,"_links":{"self":[{"href":"https:\/\/milicia-pro.com\/index.php\/wp-json\/wp\/v2\/product\/42604","targetHints":{"allow":["GET"]}}],"collection":[{"href":"https:\/\/milicia-pro.com\/index.php\/wp-json\/wp\/v2\/product"}],"about":[{"href":"https:\/\/milicia-pro.com\/index.php\/wp-json\/wp\/v2\/types\/product"}],"replies":[{"embeddable":true,"href":"https:\/\/milicia-pro.com\/index.php\/wp-json\/wp\/v2\/comments?post=42604"}],"wp:featuredmedia":[{"embeddable":true,"href":"https:\/\/milicia-pro.com\/index.php\/wp-json\/wp\/v2\/media\/42606"}],"wp:attachment":[{"href":"https:\/\/milicia-pro.com\/index.php\/wp-json\/wp\/v2\/media?parent=42604"}],"wp:term":[{"taxonomy":"product_brand","embeddable":true,"href":"https:\/\/milicia-pro.com\/index.php\/wp-json\/wp\/v2\/product_brand?post=42604"},{"taxonomy":"product_cat","embeddable":true,"href":"https:\/\/milicia-pro.com\/index.php\/wp-json\/wp\/v2\/product_cat?post=42604"},{"taxonomy":"product_tag","embeddable":true,"href":"https:\/\/milicia-pro.com\/index.php\/wp-json\/wp\/v2\/product_tag?post=42604"}],"curies":[{"name":"wp","href":"https:\/\/api.w.org\/{rel}","templated":true}]}}