{"id":42577,"date":"2025-04-22T16:31:07","date_gmt":"2025-04-22T16:31:07","guid":{"rendered":"https:\/\/milicia-pro.com\/?post_type=product&#038;p=42577"},"modified":"2025-12-09T18:14:27","modified_gmt":"2025-12-09T18:14:27","slug":"lanterna-hydracell-aquatac","status":"publish","type":"product","link":"https:\/\/milicia-pro.com\/index.php\/product\/lanterna-hydracell-aquatac\/","title":{"rendered":"LANTERNA HYDRACELL AQUATAC"},"content":{"rendered":"<p><img loading=\"lazy\" decoding=\"async\" class=\"alignnone wp-image-42580\" src=\"https:\/\/milicia-pro.com\/wp-content\/uploads\/2025\/04\/DOB.AQT-T-04-300x300.jpg\" alt=\"\" width=\"373\" height=\"373\" srcset=\"https:\/\/milicia-pro.com\/wp-content\/uploads\/2025\/04\/DOB.AQT-T-04-300x300.jpg 300w, https:\/\/milicia-pro.com\/wp-content\/uploads\/2025\/04\/DOB.AQT-T-04-1024x1024.jpg 1024w, https:\/\/milicia-pro.com\/wp-content\/uploads\/2025\/04\/DOB.AQT-T-04-150x150.jpg 150w, https:\/\/milicia-pro.com\/wp-content\/uploads\/2025\/04\/DOB.AQT-T-04-768x768.jpg 768w, https:\/\/milicia-pro.com\/wp-content\/uploads\/2025\/04\/DOB.AQT-T-04-247x247.jpg 247w, https:\/\/milicia-pro.com\/wp-content\/uploads\/2025\/04\/DOB.AQT-T-04-510x510.jpg 510w, https:\/\/milicia-pro.com\/wp-content\/uploads\/2025\/04\/DOB.AQT-T-04-100x100.jpg 100w, https:\/\/milicia-pro.com\/wp-content\/uploads\/2025\/04\/DOB.AQT-T-04-50x50.jpg 50w, https:\/\/milicia-pro.com\/wp-content\/uploads\/2025\/04\/DOB.AQT-T-04.jpg 1200w\" sizes=\"auto, (max-width: 373px) 100vw, 373px\" \/><\/p>\n<p>A Lanterna HYDRACELL\u2122 Aqua Tac \u00e9 uma lanterna LED compacta de alum\u00ednio e uma lanterna alimentada por uma c\u00e9lula de combust\u00edvel de bateria HYDRACELL HC1D ativada por \u00e1gua propriet\u00e1ria. As c\u00e9lulas de combust\u00edvel de bateria HYDRACELL duram at\u00e9 32 vezes mais do que as principais baterias de descarte alcalino. S\u00e3o biodegrad\u00e1veis e recicl\u00e1veis. As c\u00e9lulas de combust\u00edvel de bateria da HYDRACELL s\u00e3o a melhor escolha para um futuro mais inteligente, limpo e sustent\u00e1vel.<\/p>\n<p>O que est\u00e1 inclu\u00eddo:<\/p>\n<ul>\n<li>Lanterna Aqua Tac, com lente focal ajust\u00e1vel<\/li>\n<li>1 x c\u00e9lula de combust\u00edvel de bateria HYDRACELL<\/li>\n<li>Cord\u00e3o de pulseira<\/li>\n<\/ul>\n<p>Caracteristicas:<\/p>\n<ul>\n<li>Cor -Preto<\/li>\n<li>Fonte de energia-1 x c\u00e9lula de combust\u00edvel de bateria HYDRACELL HC1D<\/li>\n<li>Vida \u00fatil da bateria-75+ horas de tempo de execu\u00e7\u00e3o por c\u00e9lula<\/li>\n<li>Dimens\u00f5es-(mm) 200 comprimento x 34 di\u00e2metro<\/li>\n<li>Peso-120gr<\/li>\n<li><span style=\"color: #555555;font-size: 14.4px\">Lumens-200<\/span><\/li>\n<\/ul>\n<p>&nbsp;<\/p>\n","protected":false},"excerpt":{"rendered":"<p>A Lanterna HYDRACELL\u2122 Aqua Tac \u00e9 uma lanterna LED compacta de alum\u00ednio e uma lanterna alimentada por uma c\u00e9lula de combust\u00edvel de bateria HYDRACELL HC1D ativada por \u00e1gua propriet\u00e1ria. As c\u00e9lulas de combust\u00edvel de bateria HYDRACELL duram at\u00e9 32 vezes mais do que as principais baterias de descarte alcalino. S\u00e3o biodegrad\u00e1veis e recicl\u00e1veis. As c\u00e9lulas [&#8230;]\n","protected":false},"featured_media":42578,"comment_status":"open","ping_status":"closed","template":"","meta":{"_monsterinsights_skip_tracking":false,"_monsterinsights_sitenote_active":false,"_monsterinsights_sitenote_note":"","_monsterinsights_sitenote_category":0},"product_brand":[1595],"product_cat":[1064,1429,1090,829],"product_tag":[193],"class_list":{"0":"post-42577","1":"product","2":"type-product","3":"status-publish","4":"has-post-thumbnail","6":"product_brand-hydracell","7":"product_cat-equipamentotatico","8":"product_cat-hydracell","9":"product_cat-lanterna","10":"product_cat-marcas","11":"product_tag-lanterna","13":"first","14":"instock","15":"shipping-taxable","16":"purchasable","17":"product-type-variable"},"aioseo_notices":[],"jetpack_sharing_enabled":true,"_links":{"self":[{"href":"https:\/\/milicia-pro.com\/index.php\/wp-json\/wp\/v2\/product\/42577","targetHints":{"allow":["GET"]}}],"collection":[{"href":"https:\/\/milicia-pro.com\/index.php\/wp-json\/wp\/v2\/product"}],"about":[{"href":"https:\/\/milicia-pro.com\/index.php\/wp-json\/wp\/v2\/types\/product"}],"replies":[{"embeddable":true,"href":"https:\/\/milicia-pro.com\/index.php\/wp-json\/wp\/v2\/comments?post=42577"}],"wp:featuredmedia":[{"embeddable":true,"href":"https:\/\/milicia-pro.com\/index.php\/wp-json\/wp\/v2\/media\/42578"}],"wp:attachment":[{"href":"https:\/\/milicia-pro.com\/index.php\/wp-json\/wp\/v2\/media?parent=42577"}],"wp:term":[{"taxonomy":"product_brand","embeddable":true,"href":"https:\/\/milicia-pro.com\/index.php\/wp-json\/wp\/v2\/product_brand?post=42577"},{"taxonomy":"product_cat","embeddable":true,"href":"https:\/\/milicia-pro.com\/index.php\/wp-json\/wp\/v2\/product_cat?post=42577"},{"taxonomy":"product_tag","embeddable":true,"href":"https:\/\/milicia-pro.com\/index.php\/wp-json\/wp\/v2\/product_tag?post=42577"}],"curies":[{"name":"wp","href":"https:\/\/api.w.org\/{rel}","templated":true}]}}