{"id":42567,"date":"2025-04-22T16:24:29","date_gmt":"2025-04-22T16:24:29","guid":{"rendered":"https:\/\/milicia-pro.com\/?post_type=product&#038;p=42567"},"modified":"2025-12-09T18:14:35","modified_gmt":"2025-12-09T18:14:35","slug":"lanterna-hydracell-aquaflash","status":"publish","type":"product","link":"https:\/\/milicia-pro.com\/index.php\/product\/lanterna-hydracell-aquaflash\/","title":{"rendered":"LANTERNA HYDRACELL AQUAFLASH"},"content":{"rendered":"<p>A lanterna HYDRACELL\u2122 AquaFlash \u00e9 uma lanterna LED de alum\u00ednio conveniente e de tamanho pessoal, alimentada por uma c\u00e9lula de combust\u00edvel de bateria HYDRACELL HC1D ativada por \u00e1gua HC1D propriet\u00e1ria de pequena dimens\u00e3o, com dura\u00e7\u00e3o de at\u00e9 20 vezes mais do que as principais baterias descart\u00e1veis alkline.<br \/>\nA Lanterna de Alum\u00ednio AquaFlash da HYDRACELL possui um inv\u00f3lucro robusto de alum\u00ednio anodizado que combina beleza e for\u00e7a duradouras.<\/p>\n<p>Um LED brilhante e de longa dura\u00e7\u00e3o fornece luz intensa e focada onde quer que seja necess\u00e1ria uma lanterna pequena e duradoura.<\/p>\n<p>Ele vem equipado com uma cabe\u00e7a focal para uma luz de \u00e1rea e tamb\u00e9m um feixe focado.<\/p>\n<p>A Lanterna de Alum\u00ednio AquaFlash da HYDRACELL tem uma caixa de alum\u00ednio anodizado robusta que combina beleza e resist\u00eancia duradouras.<\/p>\n<p>Componentes inclu\u00eddos:<\/p>\n<ul>\n<li>Lanterna<\/li>\n<li>C\u00e9lula de combust\u00edvel de bateria<\/li>\n<li>Cord\u00e3o de al\u00e7a de pulso<\/li>\n<li>N\u00famero de pe\u00e7as 1<\/li>\n<li>Fabricante Hyrda Cell<\/li>\n<\/ul>\n<p>Caracter\u00edsticas:<\/p>\n<ul>\n<li>Cor -Preto<\/li>\n<li>Fonte de energia -1 x c\u00e9lula de combust\u00edvel de bateria HYDRACELL HC1D<\/li>\n<li>Tipo de luz -1 x XPGBWT-L1-0000-00LE2 (Cree) LEDs<\/li>\n<li>Vida \u00fatil da bateria -60+ horas de tempo de execu\u00e7\u00e3o por c\u00e9lula<\/li>\n<li>Dimens\u00f5es -(mm) 174 comprimento x 35 di\u00e2metro<\/li>\n<li>Peso -125gr<\/li>\n<li>Extras -Caixa de alum\u00ednio anodizado, bot\u00e3o liga \/ desliga emborrachado<\/li>\n<li>Lumens \u2013200<\/li>\n<li>Dist\u00e2ncia do feixe -150 milh\u00f5es<\/li>\n<\/ul>\n","protected":false},"excerpt":{"rendered":"<p>A lanterna HYDRACELL\u2122 AquaFlash \u00e9 uma lanterna LED de alum\u00ednio conveniente e de tamanho pessoal, alimentada por uma c\u00e9lula de combust\u00edvel de bateria HYDRACELL HC1D ativada por \u00e1gua HC1D propriet\u00e1ria de pequena dimens\u00e3o, com dura\u00e7\u00e3o de at\u00e9 20 vezes mais do que as principais baterias descart\u00e1veis alkline. A Lanterna de Alum\u00ednio AquaFlash da HYDRACELL possui [&#8230;]\n","protected":false},"featured_media":42569,"comment_status":"open","ping_status":"closed","template":"","meta":{"_monsterinsights_skip_tracking":false,"_monsterinsights_sitenote_active":false,"_monsterinsights_sitenote_note":"","_monsterinsights_sitenote_category":0},"product_brand":[1595],"product_cat":[1064,1429,1090,829],"product_tag":[193],"class_list":{"0":"post-42567","1":"product","2":"type-product","3":"status-publish","4":"has-post-thumbnail","6":"product_brand-hydracell","7":"product_cat-equipamentotatico","8":"product_cat-hydracell","9":"product_cat-lanterna","10":"product_cat-marcas","11":"product_tag-lanterna","13":"first","14":"instock","15":"shipping-taxable","16":"purchasable","17":"product-type-variable"},"aioseo_notices":[],"jetpack_sharing_enabled":true,"_links":{"self":[{"href":"https:\/\/milicia-pro.com\/index.php\/wp-json\/wp\/v2\/product\/42567","targetHints":{"allow":["GET"]}}],"collection":[{"href":"https:\/\/milicia-pro.com\/index.php\/wp-json\/wp\/v2\/product"}],"about":[{"href":"https:\/\/milicia-pro.com\/index.php\/wp-json\/wp\/v2\/types\/product"}],"replies":[{"embeddable":true,"href":"https:\/\/milicia-pro.com\/index.php\/wp-json\/wp\/v2\/comments?post=42567"}],"wp:featuredmedia":[{"embeddable":true,"href":"https:\/\/milicia-pro.com\/index.php\/wp-json\/wp\/v2\/media\/42569"}],"wp:attachment":[{"href":"https:\/\/milicia-pro.com\/index.php\/wp-json\/wp\/v2\/media?parent=42567"}],"wp:term":[{"taxonomy":"product_brand","embeddable":true,"href":"https:\/\/milicia-pro.com\/index.php\/wp-json\/wp\/v2\/product_brand?post=42567"},{"taxonomy":"product_cat","embeddable":true,"href":"https:\/\/milicia-pro.com\/index.php\/wp-json\/wp\/v2\/product_cat?post=42567"},{"taxonomy":"product_tag","embeddable":true,"href":"https:\/\/milicia-pro.com\/index.php\/wp-json\/wp\/v2\/product_tag?post=42567"}],"curies":[{"name":"wp","href":"https:\/\/api.w.org\/{rel}","templated":true}]}}