{"id":42562,"date":"2025-04-22T15:29:29","date_gmt":"2025-04-22T15:29:29","guid":{"rendered":"https:\/\/milicia-pro.com\/?post_type=product&#038;p=42562"},"modified":"2025-12-09T18:14:44","modified_gmt":"2025-12-09T18:14:44","slug":"lanterna-hydracell-aquapro","status":"publish","type":"product","link":"https:\/\/milicia-pro.com\/index.php\/product\/lanterna-hydracell-aquapro\/","title":{"rendered":"LANTERNA HYDRACELL AQUAPRO"},"content":{"rendered":"<p><img loading=\"lazy\" decoding=\"async\" class=\"alignnone size-medium wp-image-42566\" src=\"https:\/\/milicia-pro.com\/wp-content\/uploads\/2025\/04\/DOB.AFP-T-03-300x300.jpg\" alt=\"\" width=\"300\" height=\"300\" srcset=\"https:\/\/milicia-pro.com\/wp-content\/uploads\/2025\/04\/DOB.AFP-T-03-300x300.jpg 300w, https:\/\/milicia-pro.com\/wp-content\/uploads\/2025\/04\/DOB.AFP-T-03-1024x1024.jpg 1024w, https:\/\/milicia-pro.com\/wp-content\/uploads\/2025\/04\/DOB.AFP-T-03-150x150.jpg 150w, https:\/\/milicia-pro.com\/wp-content\/uploads\/2025\/04\/DOB.AFP-T-03-768x768.jpg 768w, https:\/\/milicia-pro.com\/wp-content\/uploads\/2025\/04\/DOB.AFP-T-03-247x247.jpg 247w, https:\/\/milicia-pro.com\/wp-content\/uploads\/2025\/04\/DOB.AFP-T-03-510x510.jpg 510w, https:\/\/milicia-pro.com\/wp-content\/uploads\/2025\/04\/DOB.AFP-T-03-100x100.jpg 100w, https:\/\/milicia-pro.com\/wp-content\/uploads\/2025\/04\/DOB.AFP-T-03-50x50.jpg 50w, https:\/\/milicia-pro.com\/wp-content\/uploads\/2025\/04\/DOB.AFP-T-03.jpg 1200w\" sizes=\"auto, (max-width: 300px) 100vw, 300px\" \/><\/p>\n<p>A Lanterna de Alum\u00ednio Aqua Pro da HYDRACELL\u2122 \u00e9 uma lanterna LED de alum\u00ednio de alta pot\u00eancia alimentada por uma c\u00e9lula de combust\u00edvel de bateria ativada por \u00e1gua HYDRACELL HC2D propriet\u00e1ria. As c\u00e9lulas de combust\u00edvel de bateria HYDRACELL duram at\u00e9 20 vezes mais do que as principais baterias de descarte alcalino. Biodegrad\u00e1veis e recicl\u00e1veis. As c\u00e9lulas de combust\u00edvel de bateria da HYDRACELL s\u00e3o a melhor escolha para um futuro mais inteligente, limpo e sustent\u00e1vel.<\/p>\n<p>Um LED Cree brilhante e de longa dura\u00e7\u00e3o fornece luz focada onde quer que seja necess\u00e1ria uma lanterna de alta pot\u00eancia confi\u00e1vel. Uma cabe\u00e7a focal fornece luz de \u00e1rea e um feixe focado. A lanterna Aqua Pro \u00e9 perfeita para uso di\u00e1rio e situa\u00e7\u00f5es de emerg\u00eancia.<\/p>\n<p>Guarde em casa, no seu abrigo, no seu ve\u00edculo ou barco e simplesmente ative o HYDRACELL na \u00e1gua.<\/p>\n<p>O que est\u00e1 inclu\u00eddo:<\/p>\n<p>-Lanterna Aqua Pro<br \/>\n-1 x c\u00e9lula de combust\u00edvel de bateria HYDRACELL HC2D<\/p>\n<p>Caracter\u00edsticas:<\/p>\n<ul>\n<li>Cor -Preto<\/li>\n<li>Fonte de energia -1 x c\u00e9lula de combust\u00edvel de bateria HYDRACELL<\/li>\n<li>Tipo de luz -1 x LEDs XPGBWT-L1-0000-00LE (Cree)<\/li>\n<li>Vida \u00fatil da bateria -250+ horas de tempo de execu\u00e7\u00e3o por c\u00e9lula<\/li>\n<li>Dimens\u00f5es -(mm) 270 comprimento x 70 di\u00e2metro<\/li>\n<li>Peso -345gr<\/li>\n<li>Extras -Caixa de alum\u00ednio anodizado, bot\u00e3o liga \/ desliga emborrachado<\/li>\n<li>Lumens -350<\/li>\n<li>Dist\u00e2ncia do feixe -200m<\/li>\n<li>Classifica\u00e7\u00e3o de queda -1 milh\u00e3o<\/li>\n<li><span style=\"color: #555555;font-size: 14.4px\">Classifica\u00e7\u00e3o \u00e0 prova d&#8217;\u00e1gua &#8211; IP65<\/span><\/li>\n<\/ul>\n<p>&nbsp;<\/p>\n","protected":false},"excerpt":{"rendered":"<p>A Lanterna de Alum\u00ednio Aqua Pro da HYDRACELL\u2122 \u00e9 uma lanterna LED de alum\u00ednio de alta pot\u00eancia alimentada por uma c\u00e9lula de combust\u00edvel de bateria ativada por \u00e1gua HYDRACELL HC2D propriet\u00e1ria. As c\u00e9lulas de combust\u00edvel de bateria HYDRACELL duram at\u00e9 20 vezes mais do que as principais baterias de descarte alcalino. Biodegrad\u00e1veis e recicl\u00e1veis. As [&#8230;]\n","protected":false},"featured_media":42565,"comment_status":"open","ping_status":"closed","template":"","meta":{"_monsterinsights_skip_tracking":false,"_monsterinsights_sitenote_active":false,"_monsterinsights_sitenote_note":"","_monsterinsights_sitenote_category":0},"product_brand":[1595],"product_cat":[1064,1429,1090,829],"product_tag":[193],"class_list":{"0":"post-42562","1":"product","2":"type-product","3":"status-publish","4":"has-post-thumbnail","6":"product_brand-hydracell","7":"product_cat-equipamentotatico","8":"product_cat-hydracell","9":"product_cat-lanterna","10":"product_cat-marcas","11":"product_tag-lanterna","13":"first","14":"instock","15":"shipping-taxable","16":"purchasable","17":"product-type-variable"},"aioseo_notices":[],"jetpack_sharing_enabled":true,"_links":{"self":[{"href":"https:\/\/milicia-pro.com\/index.php\/wp-json\/wp\/v2\/product\/42562","targetHints":{"allow":["GET"]}}],"collection":[{"href":"https:\/\/milicia-pro.com\/index.php\/wp-json\/wp\/v2\/product"}],"about":[{"href":"https:\/\/milicia-pro.com\/index.php\/wp-json\/wp\/v2\/types\/product"}],"replies":[{"embeddable":true,"href":"https:\/\/milicia-pro.com\/index.php\/wp-json\/wp\/v2\/comments?post=42562"}],"wp:featuredmedia":[{"embeddable":true,"href":"https:\/\/milicia-pro.com\/index.php\/wp-json\/wp\/v2\/media\/42565"}],"wp:attachment":[{"href":"https:\/\/milicia-pro.com\/index.php\/wp-json\/wp\/v2\/media?parent=42562"}],"wp:term":[{"taxonomy":"product_brand","embeddable":true,"href":"https:\/\/milicia-pro.com\/index.php\/wp-json\/wp\/v2\/product_brand?post=42562"},{"taxonomy":"product_cat","embeddable":true,"href":"https:\/\/milicia-pro.com\/index.php\/wp-json\/wp\/v2\/product_cat?post=42562"},{"taxonomy":"product_tag","embeddable":true,"href":"https:\/\/milicia-pro.com\/index.php\/wp-json\/wp\/v2\/product_tag?post=42562"}],"curies":[{"name":"wp","href":"https:\/\/api.w.org\/{rel}","templated":true}]}}