{"id":42557,"date":"2025-04-22T15:21:00","date_gmt":"2025-04-22T15:21:00","guid":{"rendered":"https:\/\/milicia-pro.com\/?post_type=product&#038;p=42557"},"modified":"2025-12-09T18:14:55","modified_gmt":"2025-12-09T18:14:55","slug":"colchao-de-ar-insuflavel-one-pad","status":"publish","type":"product","link":"https:\/\/milicia-pro.com\/index.php\/product\/colchao-de-ar-insuflavel-one-pad\/","title":{"rendered":"COLCH\u00c3O DE AR INSUFL\u00c1VEL ONE-PAD"},"content":{"rendered":"<p>Quando for descansar sinta o conforto do colch\u00e3o de ar insufl\u00e1vel ONE-Pad. Tem travesseiro integrado o qual oferece conforto adicional e a estrutura especial do favo de mel garante uma distribui\u00e7\u00e3o ideal da press\u00e3o.<br \/>\nO colch\u00e3o de ar n\u00e3o \u00e9 autoinsufl\u00e1vel pelo que a bolsa de transporte inclu\u00edda tamb\u00e9m \u00e9 uma bolsa de bomba com a qual o colch\u00e3o pode ser insuflado sem esfor\u00e7o.<\/p>\n<p>Dados t\u00e9cnicos:<br \/>\nDimens\u00f5es externas (C x L x A): 195 cm x 80\/90 cm (superf\u00edcie deitada\/cabeceira) x 5 cm<br \/>\nCor: cinza<br \/>\nValor R: 2 (at\u00e9 +2\u00b0C)<br \/>\nMaterial: Nylon 40D com revestimento TPU<br \/>\nCapacidade de carga: 150 kg<br \/>\nPeso: 840 g<\/p>\n","protected":false},"excerpt":{"rendered":"<p>Quando for descansar sinta o conforto do colch\u00e3o de ar insufl\u00e1vel ONE-Pad. Tem travesseiro integrado o qual oferece conforto adicional e a estrutura especial do favo de mel garante uma distribui\u00e7\u00e3o ideal da press\u00e3o. O colch\u00e3o de ar n\u00e3o \u00e9 autoinsufl\u00e1vel pelo que a bolsa de transporte inclu\u00edda tamb\u00e9m \u00e9 uma bolsa de bomba com [&#8230;]\n","protected":false},"featured_media":42559,"comment_status":"open","ping_status":"closed","template":"","meta":{"_monsterinsights_skip_tracking":false,"_monsterinsights_sitenote_active":false,"_monsterinsights_sitenote_note":"","_monsterinsights_sitenote_category":0},"product_brand":[1595],"product_cat":[1422,1404,829,1068],"product_tag":[1375],"class_list":{"0":"post-42557","1":"product","2":"type-product","3":"status-publish","4":"has-post-thumbnail","6":"product_brand-hydracell","7":"product_cat-disc-o-bed","8":"product_cat-esteira-colchao","9":"product_cat-marcas","10":"product_cat-outdoor","11":"product_tag-colchao","13":"first","14":"instock","15":"shipping-taxable","16":"purchasable","17":"product-type-variable"},"aioseo_notices":[],"jetpack_sharing_enabled":true,"_links":{"self":[{"href":"https:\/\/milicia-pro.com\/index.php\/wp-json\/wp\/v2\/product\/42557","targetHints":{"allow":["GET"]}}],"collection":[{"href":"https:\/\/milicia-pro.com\/index.php\/wp-json\/wp\/v2\/product"}],"about":[{"href":"https:\/\/milicia-pro.com\/index.php\/wp-json\/wp\/v2\/types\/product"}],"replies":[{"embeddable":true,"href":"https:\/\/milicia-pro.com\/index.php\/wp-json\/wp\/v2\/comments?post=42557"}],"wp:featuredmedia":[{"embeddable":true,"href":"https:\/\/milicia-pro.com\/index.php\/wp-json\/wp\/v2\/media\/42559"}],"wp:attachment":[{"href":"https:\/\/milicia-pro.com\/index.php\/wp-json\/wp\/v2\/media?parent=42557"}],"wp:term":[{"taxonomy":"product_brand","embeddable":true,"href":"https:\/\/milicia-pro.com\/index.php\/wp-json\/wp\/v2\/product_brand?post=42557"},{"taxonomy":"product_cat","embeddable":true,"href":"https:\/\/milicia-pro.com\/index.php\/wp-json\/wp\/v2\/product_cat?post=42557"},{"taxonomy":"product_tag","embeddable":true,"href":"https:\/\/milicia-pro.com\/index.php\/wp-json\/wp\/v2\/product_tag?post=42557"}],"curies":[{"name":"wp","href":"https:\/\/api.w.org\/{rel}","templated":true}]}}