{"id":42539,"date":"2025-04-22T14:11:10","date_gmt":"2025-04-22T14:11:10","guid":{"rendered":"https:\/\/milicia-pro.com\/?post_type=product&#038;p=42539"},"modified":"2025-12-09T18:15:14","modified_gmt":"2025-12-09T18:15:14","slug":"cacifo-sapateira-disc-o-bed","status":"publish","type":"product","link":"https:\/\/milicia-pro.com\/index.php\/product\/cacifo-sapateira-disc-o-bed\/","title":{"rendered":"CACIFO\/SAPATEIRA DISC-O-BED"},"content":{"rendered":"<p><img loading=\"lazy\" decoding=\"async\" class=\"alignnone  wp-image-42542\" src=\"https:\/\/milicia-pro.com\/wp-content\/uploads\/2025\/04\/DOB.19812BLK-02-300x209.webp\" alt=\"\" width=\"400\" height=\"279\" srcset=\"https:\/\/milicia-pro.com\/wp-content\/uploads\/2025\/04\/DOB.19812BLK-02-300x209.webp 300w, https:\/\/milicia-pro.com\/wp-content\/uploads\/2025\/04\/DOB.19812BLK-02-510x355.webp 510w, https:\/\/milicia-pro.com\/wp-content\/uploads\/2025\/04\/DOB.19812BLK-02.webp 713w\" sizes=\"auto, (max-width: 400px) 100vw, 400px\" \/><\/p>\n<p>Esta caixa serve para armazenar, ordenar toda a roupa, sapatos e todos os seus itens. Facilmente pode ser colocada debaixo da cama. O Footlocker dobra-se de forma compacta para transporte e armazenamento pelo que \u00e9 ideal para utilizar quando tem de permanecer alguns dias fora.<\/p>\n<p>Especifica\u00e7\u00f5es<br \/>\nDimens\u00f5es externas (C x L x A): 73,6 cm x 58,4 cm x 21,6 cm &#8211; 12,7 cm<br \/>\nCor: Preto<br \/>\nMaterial: poli\u00e9ster 600D, revestido de PVC<br \/>\nTamanho da embalagem: 82 x 35 x 9 cm<br \/>\nPeso: 3kg<\/p>\n","protected":false},"excerpt":{"rendered":"<p>Esta caixa serve para armazenar, ordenar toda a roupa, sapatos e todos os seus itens. Facilmente pode ser colocada debaixo da cama. O Footlocker dobra-se de forma compacta para transporte e armazenamento pelo que \u00e9 ideal para utilizar quando tem de permanecer alguns dias fora. Especifica\u00e7\u00f5es Dimens\u00f5es externas (C x L x A): 73,6 cm [&#8230;]\n","protected":false},"featured_media":42541,"comment_status":"open","ping_status":"closed","template":"","meta":{"_monsterinsights_skip_tracking":false,"_monsterinsights_sitenote_active":false,"_monsterinsights_sitenote_note":"","_monsterinsights_sitenote_category":0},"product_brand":[1594],"product_cat":[1473,1422,829,1068],"product_tag":[1425,516],"class_list":{"0":"post-42539","1":"product","2":"type-product","3":"status-publish","4":"has-post-thumbnail","6":"product_brand-disco-o-bed","7":"product_cat-acessorios","8":"product_cat-disc-o-bed","9":"product_cat-marcas","10":"product_cat-outdoor","11":"product_tag-arrumacao","12":"product_tag-caixa","14":"first","15":"instock","16":"shipping-taxable","17":"purchasable","18":"product-type-variable"},"aioseo_notices":[],"jetpack_sharing_enabled":true,"_links":{"self":[{"href":"https:\/\/milicia-pro.com\/index.php\/wp-json\/wp\/v2\/product\/42539","targetHints":{"allow":["GET"]}}],"collection":[{"href":"https:\/\/milicia-pro.com\/index.php\/wp-json\/wp\/v2\/product"}],"about":[{"href":"https:\/\/milicia-pro.com\/index.php\/wp-json\/wp\/v2\/types\/product"}],"replies":[{"embeddable":true,"href":"https:\/\/milicia-pro.com\/index.php\/wp-json\/wp\/v2\/comments?post=42539"}],"wp:featuredmedia":[{"embeddable":true,"href":"https:\/\/milicia-pro.com\/index.php\/wp-json\/wp\/v2\/media\/42541"}],"wp:attachment":[{"href":"https:\/\/milicia-pro.com\/index.php\/wp-json\/wp\/v2\/media?parent=42539"}],"wp:term":[{"taxonomy":"product_brand","embeddable":true,"href":"https:\/\/milicia-pro.com\/index.php\/wp-json\/wp\/v2\/product_brand?post=42539"},{"taxonomy":"product_cat","embeddable":true,"href":"https:\/\/milicia-pro.com\/index.php\/wp-json\/wp\/v2\/product_cat?post=42539"},{"taxonomy":"product_tag","embeddable":true,"href":"https:\/\/milicia-pro.com\/index.php\/wp-json\/wp\/v2\/product_tag?post=42539"}],"curies":[{"name":"wp","href":"https:\/\/api.w.org\/{rel}","templated":true}]}}