{"id":42531,"date":"2025-04-22T13:56:20","date_gmt":"2025-04-22T13:56:20","guid":{"rendered":"https:\/\/milicia-pro.com\/?post_type=product&#038;p=42531"},"modified":"2025-12-09T18:15:36","modified_gmt":"2025-12-09T18:15:36","slug":"rede-mosquiteira-e-armacao-para-beliche-dis-o-bunk","status":"publish","type":"product","link":"https:\/\/milicia-pro.com\/index.php\/product\/rede-mosquiteira-e-armacao-para-beliche-dis-o-bunk\/","title":{"rendered":"REDE MOSQUITEIRA E ARMA\u00c7\u00c3O PARA BELICHE DIS-O-BUNK"},"content":{"rendered":"<p>Durma tranquilo enquanto se protege. Compat\u00edvel com todos os sistemas Disc-O-Bed e camas individuais. Monte esta estrutura leve, coloque a rede e rapidamente ficam fixas e seguras. A rede \u00e9 bem tecida para garantir prote\u00e7\u00e3o total.<\/p>\n<p>&nbsp;<\/p>\n<ul>\n<li>O design \u00e9 altamente eficaz na prote\u00e7\u00e3o geral contra insetos<\/li>\n<li>Fixa-se facilmente diretamente na estrutura da extremidade da cama<\/li>\n<li>Compat\u00edvel com todas as configura\u00e7\u00f5es de beliche Disc-O-Bed ou camas individuais<\/li>\n<li>Acessibilidade de abertura com z\u00edper<\/li>\n<li>Saco de armazenamento e transporte inclu\u00eddo<\/li>\n<\/ul>\n","protected":false},"excerpt":{"rendered":"<p>Durma tranquilo enquanto se protege. Compat\u00edvel com todos os sistemas Disc-O-Bed e camas individuais. Monte esta estrutura leve, coloque a rede e rapidamente ficam fixas e seguras. A rede \u00e9 bem tecida para garantir prote\u00e7\u00e3o total. &nbsp; O design \u00e9 altamente eficaz na prote\u00e7\u00e3o geral contra insetos Fixa-se facilmente diretamente na estrutura da extremidade da [&#8230;]\n","protected":false},"featured_media":42533,"comment_status":"open","ping_status":"closed","template":"","meta":{"_monsterinsights_skip_tracking":false,"_monsterinsights_sitenote_active":false,"_monsterinsights_sitenote_note":"","_monsterinsights_sitenote_category":0},"product_brand":[1594],"product_cat":[1422,829,1068,1330],"product_tag":[737,513,738],"class_list":{"0":"post-42531","1":"product","2":"type-product","3":"status-publish","4":"has-post-thumbnail","6":"product_brand-disco-o-bed","7":"product_cat-disc-o-bed","8":"product_cat-marcas","9":"product_cat-outdoor","10":"product_cat-rede","11":"product_tag-mosquitos","12":"product_tag-protecao","13":"product_tag-rede","15":"first","16":"onbackorder","17":"shipping-taxable","18":"purchasable","19":"product-type-variable"},"aioseo_notices":[],"jetpack_sharing_enabled":true,"_links":{"self":[{"href":"https:\/\/milicia-pro.com\/index.php\/wp-json\/wp\/v2\/product\/42531","targetHints":{"allow":["GET"]}}],"collection":[{"href":"https:\/\/milicia-pro.com\/index.php\/wp-json\/wp\/v2\/product"}],"about":[{"href":"https:\/\/milicia-pro.com\/index.php\/wp-json\/wp\/v2\/types\/product"}],"replies":[{"embeddable":true,"href":"https:\/\/milicia-pro.com\/index.php\/wp-json\/wp\/v2\/comments?post=42531"}],"wp:featuredmedia":[{"embeddable":true,"href":"https:\/\/milicia-pro.com\/index.php\/wp-json\/wp\/v2\/media\/42533"}],"wp:attachment":[{"href":"https:\/\/milicia-pro.com\/index.php\/wp-json\/wp\/v2\/media?parent=42531"}],"wp:term":[{"taxonomy":"product_brand","embeddable":true,"href":"https:\/\/milicia-pro.com\/index.php\/wp-json\/wp\/v2\/product_brand?post=42531"},{"taxonomy":"product_cat","embeddable":true,"href":"https:\/\/milicia-pro.com\/index.php\/wp-json\/wp\/v2\/product_cat?post=42531"},{"taxonomy":"product_tag","embeddable":true,"href":"https:\/\/milicia-pro.com\/index.php\/wp-json\/wp\/v2\/product_tag?post=42531"}],"curies":[{"name":"wp","href":"https:\/\/api.w.org\/{rel}","templated":true}]}}