{"id":42520,"date":"2025-04-22T13:46:25","date_gmt":"2025-04-22T13:46:25","guid":{"rendered":"https:\/\/milicia-pro.com\/?post_type=product&#038;p=42520"},"modified":"2025-12-09T18:15:42","modified_gmt":"2025-12-09T18:15:42","slug":"beliche-arm-o-bunk-com-bolsas-laterais","status":"publish","type":"product","link":"https:\/\/milicia-pro.com\/index.php\/product\/beliche-arm-o-bunk-com-bolsas-laterais\/","title":{"rendered":"BELICHE ARM-O-BUNK COM BOLSAS LATERAIS"},"content":{"rendered":"<p>Beliche Arm-O-Bunk com organizadores<br \/>\nUma solu\u00e7\u00e3o para descansar nas condi\u00e7\u00f5es mais dif\u00edceis.<\/p>\n<p>O Arm-O-Bunk foi desenvolvido especificamente para atender \u00e0s necessidades das tropas em situa\u00e7\u00f5es de implanta\u00e7\u00e3o r\u00e1pida. \u00c9 uma solu\u00e7\u00e3o que acomoda dois no espa\u00e7o de um. O design compacto inovador maximiza n\u00e3o apenas o espa\u00e7o para dormir, mas tamb\u00e9m o espa\u00e7o de transporte, para facilitar a log\u00edstica. Seu deck de dormir de apoio oferece excelente suporte e conforto sem a necessidade de um colch\u00e3o.<\/p>\n<ul>\n<li>Monta-se rapidamente sem necessidade de ferramentas<\/li>\n<li>O design exclusivo equilibra o peso e ajusta-se ao terreno irregular<\/li>\n<li>Compacto para transporte e armazenamento eficientes<\/li>\n<li>Totalmente dobr\u00e1vel; armazena plano em sua pr\u00f3pria bolsa de transporte<\/li>\n<li>Sem trave central, sem colch\u00e3o &#8211; apenas conforto e suporte<\/li>\n<\/ul>\n","protected":false},"excerpt":{"rendered":"<p>Beliche Arm-O-Bunk com organizadores Uma solu\u00e7\u00e3o para descansar nas condi\u00e7\u00f5es mais dif\u00edceis. O Arm-O-Bunk foi desenvolvido especificamente para atender \u00e0s necessidades das tropas em situa\u00e7\u00f5es de implanta\u00e7\u00e3o r\u00e1pida. \u00c9 uma solu\u00e7\u00e3o que acomoda dois no espa\u00e7o de um. O design compacto inovador maximiza n\u00e3o apenas o espa\u00e7o para dormir, mas tamb\u00e9m o espa\u00e7o de transporte, [&#8230;]\n","protected":false},"featured_media":42522,"comment_status":"open","ping_status":"closed","template":"","meta":{"_monsterinsights_skip_tracking":false,"_monsterinsights_sitenote_active":false,"_monsterinsights_sitenote_note":"","_monsterinsights_sitenote_category":0},"product_brand":[1594],"product_cat":[1471,1422,829,1068],"product_tag":[1424,1361],"class_list":{"0":"post-42520","1":"product","2":"type-product","3":"status-publish","4":"has-post-thumbnail","6":"product_brand-disco-o-bed","7":"product_cat-burro-do-mato","8":"product_cat-disc-o-bed","9":"product_cat-marcas","10":"product_cat-outdoor","11":"product_tag-beliche","12":"product_tag-cama-de-campanha","14":"first","15":"instock","16":"shipping-taxable","17":"purchasable","18":"product-type-variable"},"aioseo_notices":[],"jetpack_sharing_enabled":true,"_links":{"self":[{"href":"https:\/\/milicia-pro.com\/index.php\/wp-json\/wp\/v2\/product\/42520","targetHints":{"allow":["GET"]}}],"collection":[{"href":"https:\/\/milicia-pro.com\/index.php\/wp-json\/wp\/v2\/product"}],"about":[{"href":"https:\/\/milicia-pro.com\/index.php\/wp-json\/wp\/v2\/types\/product"}],"replies":[{"embeddable":true,"href":"https:\/\/milicia-pro.com\/index.php\/wp-json\/wp\/v2\/comments?post=42520"}],"wp:featuredmedia":[{"embeddable":true,"href":"https:\/\/milicia-pro.com\/index.php\/wp-json\/wp\/v2\/media\/42522"}],"wp:attachment":[{"href":"https:\/\/milicia-pro.com\/index.php\/wp-json\/wp\/v2\/media?parent=42520"}],"wp:term":[{"taxonomy":"product_brand","embeddable":true,"href":"https:\/\/milicia-pro.com\/index.php\/wp-json\/wp\/v2\/product_brand?post=42520"},{"taxonomy":"product_cat","embeddable":true,"href":"https:\/\/milicia-pro.com\/index.php\/wp-json\/wp\/v2\/product_cat?post=42520"},{"taxonomy":"product_tag","embeddable":true,"href":"https:\/\/milicia-pro.com\/index.php\/wp-json\/wp\/v2\/product_tag?post=42520"}],"curies":[{"name":"wp","href":"https:\/\/api.w.org\/{rel}","templated":true}]}}