{"id":42500,"date":"2025-04-16T12:10:05","date_gmt":"2025-04-16T12:10:05","guid":{"rendered":"https:\/\/milicia-pro.com\/?post_type=product&#038;p=42500"},"modified":"2026-01-26T17:14:54","modified_gmt":"2026-01-26T17:14:54","slug":"canivete-artia-fox","status":"publish","type":"product","link":"https:\/\/milicia-pro.com\/index.php\/product\/canivete-artia-fox\/","title":{"rendered":"CANIVETE ARTIA FOX"},"content":{"rendered":"<p>Faca dobr\u00e1vel EDC fina Artia e elegante projetada por Grigorii Matveev. Excelente ergonomia de ader\u00eancia. A\u00e7o ferramenta D2, G10 no cabo. High Speed D2 \u2013 a\u00e7o para ferramentas de alta velocidade com alto teor de carbono e alto cromo tratado termicamente a 58-60 HRC. Com alto teor de cromo (cr) de 13,0%, oferece maior resist\u00eancia \u00e0 corros\u00e3o do que a maioria dos a\u00e7os com alto teor de carbono. Combina resist\u00eancia, excelente fixa\u00e7\u00e3o de aresta e f\u00e1cil afia\u00e7\u00e3o. Apresenta alta resist\u00eancia ao desgaste devido ao alto teor de carboneto na microestrutura.<\/p>\n<p>L\u00e2mina \u2013 Tipo drop point com l\u00e2mina delgada com acabamento em m\u00e1scara de arranh\u00f5es stone Washed. A aresta de corte curva converge para a ponta afiada da faca. A espessura da l\u00e2mina proporciona alta resist\u00eancia, enquanto o desbaste alto e plano proporciona excelente geometria de aresta de corte e desempenho de corte extremo. A faca pode ser aberta com um flipper r\u00e1pido de dedo indicador, quando aberta. Como resultado, pode ser facilmente usado tanto por destros quanto por canhotos. Na parte de tr\u00e1s da cunha superior, um apoio para o polegar entalhado. Mecanismo Liner-Lock.<\/p>\n<p>Al\u00e7a \u2013 al\u00e7as em G10, um pl\u00e1stico praticamente indestrut\u00edvel, insens\u00edvel \u00e0s intemp\u00e9ries, resistente a produtos qu\u00edmicos e danos mec\u00e2nicos. As bordas chanfradas das tampas eliminam arestas vivas e a textura da superf\u00edcie melhora a confian\u00e7a na ader\u00eancia. O s\u00f3lido backspacer ao qual as garras s\u00e3o fixadas garante a rigidez e resist\u00eancia de toda a estrutura. Eixo piv\u00f4 laranja decorado com anel prateado. O clipe de transporte profundo de duas posi\u00e7\u00f5es (direita\/esquerda) permite transportar a faca na posi\u00e7\u00e3o inclinada para cima, com a ponta da l\u00e2mina para cima.<\/p>\n<p>Dados t\u00e9cnicos:<\/p>\n<ul>\n<li>Comprimento total: 203mm<\/li>\n<li>Comprimento de l\u00e2mina: 85mm<\/li>\n<li>Espessura da l\u00e2mina: 3,4mm<\/li>\n<li>Peso: 100gr<\/li>\n<li>Material da l\u00e2mina: D2<\/li>\n<li>Dureza da l\u00e2mina: 58-60 HRC<\/li>\n<li>Moagem da l\u00e2mina: Plana<\/li>\n<li>Acabamento da l\u00e2mina: Pedra Lavada<\/li>\n<li>Material do espa\u00e7ador: a\u00e7o inoxid\u00e1vel<\/li>\n<li>Cor do retrocesso: Cinza<\/li>\n<li>Clipe: direita\/esquerda, ponta para cima<\/li>\n<li>Material do clipe: a\u00e7o inoxid\u00e1vel<\/li>\n<li>Mecanismo de piv\u00f4: arruelas<\/li>\n<li>Mecanismo de travamento: Liner Lock<\/li>\n<li>M\u00e9todo de abertura: Fliper<\/li>\n<\/ul>\n","protected":false},"excerpt":{"rendered":"<p>Faca dobr\u00e1vel EDC fina Artia e elegante projetada por Grigorii Matveev. Excelente ergonomia de ader\u00eancia. A\u00e7o ferramenta D2, G10 no cabo. High Speed D2 \u2013 a\u00e7o para ferramentas de alta velocidade com alto teor de carbono e alto cromo tratado termicamente a 58-60 HRC. Com alto teor de cromo (cr) de 13,0%, oferece maior resist\u00eancia [&#8230;]\n","protected":false},"featured_media":42498,"comment_status":"open","ping_status":"closed","template":"","meta":{"_monsterinsights_skip_tracking":false,"_monsterinsights_sitenote_active":false,"_monsterinsights_sitenote_note":"","_monsterinsights_sitenote_category":0},"product_brand":[1510],"product_cat":[1065,1240,829,1098],"product_tag":[98,912,147,225],"class_list":{"0":"post-42500","1":"product","2":"type-product","3":"status-publish","4":"has-post-thumbnail","6":"product_brand-fox-knives","7":"product_cat-cutelariaferramentas","8":"product_cat-fox-knives","9":"product_cat-marcas","10":"product_cat-navalha","11":"product_tag-canivete","12":"product_tag-cutelaria","13":"product_tag-faca","14":"product_tag-navalha","16":"first","17":"instock","18":"shipping-taxable","19":"purchasable","20":"product-type-variable"},"aioseo_notices":[],"jetpack_sharing_enabled":true,"_links":{"self":[{"href":"https:\/\/milicia-pro.com\/index.php\/wp-json\/wp\/v2\/product\/42500","targetHints":{"allow":["GET"]}}],"collection":[{"href":"https:\/\/milicia-pro.com\/index.php\/wp-json\/wp\/v2\/product"}],"about":[{"href":"https:\/\/milicia-pro.com\/index.php\/wp-json\/wp\/v2\/types\/product"}],"replies":[{"embeddable":true,"href":"https:\/\/milicia-pro.com\/index.php\/wp-json\/wp\/v2\/comments?post=42500"}],"wp:featuredmedia":[{"embeddable":true,"href":"https:\/\/milicia-pro.com\/index.php\/wp-json\/wp\/v2\/media\/42498"}],"wp:attachment":[{"href":"https:\/\/milicia-pro.com\/index.php\/wp-json\/wp\/v2\/media?parent=42500"}],"wp:term":[{"taxonomy":"product_brand","embeddable":true,"href":"https:\/\/milicia-pro.com\/index.php\/wp-json\/wp\/v2\/product_brand?post=42500"},{"taxonomy":"product_cat","embeddable":true,"href":"https:\/\/milicia-pro.com\/index.php\/wp-json\/wp\/v2\/product_cat?post=42500"},{"taxonomy":"product_tag","embeddable":true,"href":"https:\/\/milicia-pro.com\/index.php\/wp-json\/wp\/v2\/product_tag?post=42500"}],"curies":[{"name":"wp","href":"https:\/\/api.w.org\/{rel}","templated":true}]}}