{"id":42472,"date":"2025-04-16T17:34:05","date_gmt":"2025-04-16T17:34:05","guid":{"rendered":"https:\/\/milicia-pro.com\/?post_type=product&#038;p=42472"},"modified":"2025-12-09T18:16:15","modified_gmt":"2025-12-09T18:16:15","slug":"garrafa-de-bolso-em-aco-inoxidavel-olive","status":"publish","type":"product","link":"https:\/\/milicia-pro.com\/index.php\/product\/garrafa-de-bolso-em-aco-inoxidavel-olive\/","title":{"rendered":"GARRAFA DE BOLSO EM A\u00c7O INOXID\u00c1VEL OLIVE"},"content":{"rendered":"<p>Fa\u00e7a-se acompanhar com esta garrafa de bolso em a\u00e7o inoxid\u00e1vel com tampa de lat\u00e3o.<\/p>\n<p>Medidas 4 oz: 9,5 x 2,3 x 7,8 cm<br \/>\nCapacidade: 4 oz (110 ml)<br \/>\nPeso: 94 g<\/p>\n<p>Medidas 5 oz: 9,5 x 2,3 x 10,6 cm<br \/>\nCapacidade: 5 oz (170 ml)<br \/>\nPeso: 121 g<\/p>\n<p>Dimens\u00f5es 8 oz: 9,5 x 2,3 x 14 cm<br \/>\nCapacidade: 8 oz (220 ml)<br \/>\nPeso: 140 g<\/p>\n","protected":false},"excerpt":{"rendered":"<p>Fa\u00e7a-se acompanhar com esta garrafa de bolso em a\u00e7o inoxid\u00e1vel com tampa de lat\u00e3o. Medidas 4 oz: 9,5 x 2,3 x 7,8 cm Capacidade: 4 oz (110 ml) Peso: 94 g Medidas 5 oz: 9,5 x 2,3 x 10,6 cm Capacidade: 5 oz (170 ml) Peso: 121 g Dimens\u00f5es 8 oz: 9,5 x 2,3 x [&#8230;]\n","protected":false},"featured_media":42476,"comment_status":"open","ping_status":"closed","template":"","meta":{"_monsterinsights_skip_tracking":false,"_monsterinsights_sitenote_active":false,"_monsterinsights_sitenote_note":"","_monsterinsights_sitenote_category":0},"product_brand":[1596],"product_cat":[1415,829,1114,855],"product_tag":[1416,1146],"class_list":{"0":"post-42472","1":"product","2":"type-product","3":"status-publish","4":"has-post-thumbnail","6":"product_brand-sturm-mil-tec","7":"product_cat-garrafa-de-bolso","8":"product_cat-marcas","9":"product_cat-outros-acessorios","10":"product_cat-sturm-mil-tec","11":"product_tag-garrafa-de-bolso","12":"product_tag-hidratacao","14":"first","15":"instock","16":"shipping-taxable","17":"purchasable","18":"product-type-variable"},"aioseo_notices":[],"jetpack_sharing_enabled":true,"_links":{"self":[{"href":"https:\/\/milicia-pro.com\/index.php\/wp-json\/wp\/v2\/product\/42472","targetHints":{"allow":["GET"]}}],"collection":[{"href":"https:\/\/milicia-pro.com\/index.php\/wp-json\/wp\/v2\/product"}],"about":[{"href":"https:\/\/milicia-pro.com\/index.php\/wp-json\/wp\/v2\/types\/product"}],"replies":[{"embeddable":true,"href":"https:\/\/milicia-pro.com\/index.php\/wp-json\/wp\/v2\/comments?post=42472"}],"wp:featuredmedia":[{"embeddable":true,"href":"https:\/\/milicia-pro.com\/index.php\/wp-json\/wp\/v2\/media\/42476"}],"wp:attachment":[{"href":"https:\/\/milicia-pro.com\/index.php\/wp-json\/wp\/v2\/media?parent=42472"}],"wp:term":[{"taxonomy":"product_brand","embeddable":true,"href":"https:\/\/milicia-pro.com\/index.php\/wp-json\/wp\/v2\/product_brand?post=42472"},{"taxonomy":"product_cat","embeddable":true,"href":"https:\/\/milicia-pro.com\/index.php\/wp-json\/wp\/v2\/product_cat?post=42472"},{"taxonomy":"product_tag","embeddable":true,"href":"https:\/\/milicia-pro.com\/index.php\/wp-json\/wp\/v2\/product_tag?post=42472"}],"curies":[{"name":"wp","href":"https:\/\/api.w.org\/{rel}","templated":true}]}}