{"id":42465,"date":"2025-04-16T17:31:27","date_gmt":"2025-04-16T17:31:27","guid":{"rendered":"https:\/\/milicia-pro.com\/?post_type=product&#038;p=42465"},"modified":"2025-12-09T18:16:28","modified_gmt":"2025-12-09T18:16:28","slug":"garrafa-de-bolso-aco-inoxidavel-polido","status":"publish","type":"product","link":"https:\/\/milicia-pro.com\/index.php\/product\/garrafa-de-bolso-aco-inoxidavel-polido\/","title":{"rendered":"GARRAFA DE BOLSO A\u00c7O INOXID\u00c1VEL POLIDO"},"content":{"rendered":"<p>Pode transportar bebida, no seu bolso, nesta garrafa em a\u00e7o inoxid\u00e1vel, a qual existe em t\u00eas capacidades.<\/p>\n<p>Dimens\u00f5es 4 oz: 7 x 2 x 11 cm<br \/>\nCapacidade: 4 oz (110 ml)<\/p>\n<p>Dimens\u00f5es 5 oz: 9,7 x 2,3 x 9,5 cm<br \/>\nCapacidade: 5 oz (140 ml)<\/p>\n<p>Dimens\u00f5es 8 oz: 9,7 x 2,3 x 13 cm<br \/>\nCapacidade: 8 oz (220 ml)<\/p>\n","protected":false},"excerpt":{"rendered":"<p>Pode transportar bebida, no seu bolso, nesta garrafa em a\u00e7o inoxid\u00e1vel, a qual existe em t\u00eas capacidades. Dimens\u00f5es 4 oz: 7 x 2 x 11 cm Capacidade: 4 oz (110 ml) Dimens\u00f5es 5 oz: 9,7 x 2,3 x 9,5 cm Capacidade: 5 oz (140 ml) Dimens\u00f5es 8 oz: 9,7 x 2,3 x 13 cm Capacidade: [&#8230;]\n","protected":false},"featured_media":42471,"comment_status":"open","ping_status":"closed","template":"","meta":{"_monsterinsights_skip_tracking":false,"_monsterinsights_sitenote_active":false,"_monsterinsights_sitenote_note":"","_monsterinsights_sitenote_category":0},"product_brand":[1596],"product_cat":[1415,829,1114,855],"product_tag":[1416,1146],"class_list":{"0":"post-42465","1":"product","2":"type-product","3":"status-publish","4":"has-post-thumbnail","6":"product_brand-sturm-mil-tec","7":"product_cat-garrafa-de-bolso","8":"product_cat-marcas","9":"product_cat-outros-acessorios","10":"product_cat-sturm-mil-tec","11":"product_tag-garrafa-de-bolso","12":"product_tag-hidratacao","14":"first","15":"instock","16":"shipping-taxable","17":"purchasable","18":"product-type-variable"},"aioseo_notices":[],"jetpack_sharing_enabled":true,"_links":{"self":[{"href":"https:\/\/milicia-pro.com\/index.php\/wp-json\/wp\/v2\/product\/42465","targetHints":{"allow":["GET"]}}],"collection":[{"href":"https:\/\/milicia-pro.com\/index.php\/wp-json\/wp\/v2\/product"}],"about":[{"href":"https:\/\/milicia-pro.com\/index.php\/wp-json\/wp\/v2\/types\/product"}],"replies":[{"embeddable":true,"href":"https:\/\/milicia-pro.com\/index.php\/wp-json\/wp\/v2\/comments?post=42465"}],"wp:featuredmedia":[{"embeddable":true,"href":"https:\/\/milicia-pro.com\/index.php\/wp-json\/wp\/v2\/media\/42471"}],"wp:attachment":[{"href":"https:\/\/milicia-pro.com\/index.php\/wp-json\/wp\/v2\/media?parent=42465"}],"wp:term":[{"taxonomy":"product_brand","embeddable":true,"href":"https:\/\/milicia-pro.com\/index.php\/wp-json\/wp\/v2\/product_brand?post=42465"},{"taxonomy":"product_cat","embeddable":true,"href":"https:\/\/milicia-pro.com\/index.php\/wp-json\/wp\/v2\/product_cat?post=42465"},{"taxonomy":"product_tag","embeddable":true,"href":"https:\/\/milicia-pro.com\/index.php\/wp-json\/wp\/v2\/product_tag?post=42465"}],"curies":[{"name":"wp","href":"https:\/\/api.w.org\/{rel}","templated":true}]}}