{"id":42454,"date":"2025-04-16T17:23:45","date_gmt":"2025-04-16T17:23:45","guid":{"rendered":"https:\/\/milicia-pro.com\/?post_type=product&#038;p=42454"},"modified":"2025-12-09T18:16:53","modified_gmt":"2025-12-09T18:16:53","slug":"cantil-militar-2qt-com-bolsa-a-tiracolo","status":"publish","type":"product","link":"https:\/\/milicia-pro.com\/index.php\/product\/cantil-militar-2qt-com-bolsa-a-tiracolo\/","title":{"rendered":"CANTIL MILITAR 2QT COM BOLSA \u00c0 TIRACOLO"},"content":{"rendered":"<p>Frasco: 100% poliuretano<br \/>\nBolsa: 100% poli\u00e9ster<br \/>\nAl\u00e7as: 100% poli\u00e9ster<br \/>\nCapacidade: aprox. 1,9 litros<\/p>\n<p>&#8211; Sem perda da tampa devido ao la\u00e7o de fixa\u00e7\u00e3o \u00e0 garrafa<br \/>\n&#8211; Bolsa com fivela e bolso pequeno<br \/>\n-Correia<\/p>\n","protected":false},"excerpt":{"rendered":"<p>Frasco: 100% poliuretano Bolsa: 100% poli\u00e9ster Al\u00e7as: 100% poli\u00e9ster Capacidade: aprox. 1,9 litros &#8211; Sem perda da tampa devido ao la\u00e7o de fixa\u00e7\u00e3o \u00e0 garrafa &#8211; Bolsa com fivela e bolso pequeno -Correia<\/p>\n","protected":false},"featured_media":42458,"comment_status":"open","ping_status":"closed","template":"","meta":{"_monsterinsights_skip_tracking":false,"_monsterinsights_sitenote_active":false,"_monsterinsights_sitenote_note":"","_monsterinsights_sitenote_category":0},"product_brand":[1596],"product_cat":[1474,829,1068,855],"product_tag":[1411,1146,306],"class_list":{"0":"post-42454","1":"product","2":"type-product","3":"status-publish","4":"has-post-thumbnail","6":"product_brand-sturm-mil-tec","7":"product_cat-alimentacao-acessorios","8":"product_cat-marcas","9":"product_cat-outdoor","10":"product_cat-sturm-mil-tec","11":"product_tag-cantil","12":"product_tag-hidratacao","13":"product_tag-sobrevivencia","15":"first","16":"instock","17":"shipping-taxable","18":"purchasable","19":"product-type-variable"},"aioseo_notices":[],"jetpack_sharing_enabled":true,"_links":{"self":[{"href":"https:\/\/milicia-pro.com\/index.php\/wp-json\/wp\/v2\/product\/42454","targetHints":{"allow":["GET"]}}],"collection":[{"href":"https:\/\/milicia-pro.com\/index.php\/wp-json\/wp\/v2\/product"}],"about":[{"href":"https:\/\/milicia-pro.com\/index.php\/wp-json\/wp\/v2\/types\/product"}],"replies":[{"embeddable":true,"href":"https:\/\/milicia-pro.com\/index.php\/wp-json\/wp\/v2\/comments?post=42454"}],"wp:featuredmedia":[{"embeddable":true,"href":"https:\/\/milicia-pro.com\/index.php\/wp-json\/wp\/v2\/media\/42458"}],"wp:attachment":[{"href":"https:\/\/milicia-pro.com\/index.php\/wp-json\/wp\/v2\/media?parent=42454"}],"wp:term":[{"taxonomy":"product_brand","embeddable":true,"href":"https:\/\/milicia-pro.com\/index.php\/wp-json\/wp\/v2\/product_brand?post=42454"},{"taxonomy":"product_cat","embeddable":true,"href":"https:\/\/milicia-pro.com\/index.php\/wp-json\/wp\/v2\/product_cat?post=42454"},{"taxonomy":"product_tag","embeddable":true,"href":"https:\/\/milicia-pro.com\/index.php\/wp-json\/wp\/v2\/product_tag?post=42454"}],"curies":[{"name":"wp","href":"https:\/\/api.w.org\/{rel}","templated":true}]}}