{"id":42399,"date":"2025-04-16T17:00:28","date_gmt":"2025-04-16T17:00:28","guid":{"rendered":"https:\/\/milicia-pro.com\/?post_type=product&#038;p=42399"},"modified":"2026-01-26T16:34:28","modified_gmt":"2026-01-26T16:34:28","slug":"helmet-bag-em-cordura-c-alca-de-transporte","status":"publish","type":"product","link":"https:\/\/milicia-pro.com\/index.php\/product\/helmet-bag-em-cordura-c-alca-de-transporte\/","title":{"rendered":"HELMET BAG EM CORDURA C\/AL\u00c7A DE TRANSPORTE"},"content":{"rendered":"<p>Saco de poli\u00e9ster suavemente acolchoado com al\u00e7a de transporte curta, pr\u00f3prio para transportar capacete de aviador. Grande compartimento principal com fecho. Al\u00e7a de transporte ajust\u00e1vel em comprimento, larga e destac\u00e1vel.<br \/>\n&#8211; 2 bolsos exteriores com velcro e bot\u00e3o de encaixe<br \/>\n&#8211; 2 pequenos bolsos interiores<\/p>\n<p>&nbsp;<\/p>\n<p>&nbsp;<\/p>\n<p>Material exterior: 100% poli\u00e9ster, poliuretano revestido<br \/>\nForro: 100% poli\u00e9ster<br \/>\nPreenchimento: 100% poli\u00e9ster (80 g\/m\u00b2)<br \/>\nDimens\u00f5es: 48 x 43 cm<\/p>\n","protected":false},"excerpt":{"rendered":"<p>Saco de poli\u00e9ster suavemente acolchoado com al\u00e7a de transporte curta, pr\u00f3prio para transportar capacete de aviador. Grande compartimento principal com fecho. Al\u00e7a de transporte ajust\u00e1vel em comprimento, larga e destac\u00e1vel. &#8211; 2 bolsos exteriores com velcro e bot\u00e3o de encaixe &#8211; 2 pequenos bolsos interiores &nbsp; &nbsp; Material exterior: 100% poli\u00e9ster, poliuretano revestido Forro: 100% [&#8230;]\n","protected":false},"featured_media":42400,"comment_status":"open","ping_status":"closed","template":"","meta":{"_monsterinsights_skip_tracking":false,"_monsterinsights_sitenote_active":false,"_monsterinsights_sitenote_note":"","_monsterinsights_sitenote_category":0},"product_brand":[1596],"product_cat":[1467,1111,855],"product_tag":[80,101,296],"class_list":{"0":"post-42399","1":"product","2":"type-product","3":"status-publish","4":"has-post-thumbnail","6":"product_brand-sturm-mil-tec","7":"product_cat-mochilas-bolsas","8":"product_cat-saco-militar","9":"product_cat-sturm-mil-tec","10":"product_tag-bolsa","11":"product_tag-capacete","12":"product_tag-saco","14":"first","15":"instock","16":"shipping-taxable","17":"purchasable","18":"product-type-variable"},"aioseo_notices":[],"jetpack_sharing_enabled":true,"_links":{"self":[{"href":"https:\/\/milicia-pro.com\/index.php\/wp-json\/wp\/v2\/product\/42399","targetHints":{"allow":["GET"]}}],"collection":[{"href":"https:\/\/milicia-pro.com\/index.php\/wp-json\/wp\/v2\/product"}],"about":[{"href":"https:\/\/milicia-pro.com\/index.php\/wp-json\/wp\/v2\/types\/product"}],"replies":[{"embeddable":true,"href":"https:\/\/milicia-pro.com\/index.php\/wp-json\/wp\/v2\/comments?post=42399"}],"wp:featuredmedia":[{"embeddable":true,"href":"https:\/\/milicia-pro.com\/index.php\/wp-json\/wp\/v2\/media\/42400"}],"wp:attachment":[{"href":"https:\/\/milicia-pro.com\/index.php\/wp-json\/wp\/v2\/media?parent=42399"}],"wp:term":[{"taxonomy":"product_brand","embeddable":true,"href":"https:\/\/milicia-pro.com\/index.php\/wp-json\/wp\/v2\/product_brand?post=42399"},{"taxonomy":"product_cat","embeddable":true,"href":"https:\/\/milicia-pro.com\/index.php\/wp-json\/wp\/v2\/product_cat?post=42399"},{"taxonomy":"product_tag","embeddable":true,"href":"https:\/\/milicia-pro.com\/index.php\/wp-json\/wp\/v2\/product_tag?post=42399"}],"curies":[{"name":"wp","href":"https:\/\/api.w.org\/{rel}","templated":true}]}}