{"id":42393,"date":"2025-04-16T16:59:12","date_gmt":"2025-04-16T16:59:12","guid":{"rendered":"https:\/\/milicia-pro.com\/?post_type=product&#038;p=42393"},"modified":"2025-12-09T18:17:46","modified_gmt":"2025-12-09T18:17:46","slug":"bolsa-sistema-molle-para-cantil-estilo-eua","status":"publish","type":"product","link":"https:\/\/milicia-pro.com\/index.php\/product\/bolsa-sistema-molle-para-cantil-estilo-eua\/","title":{"rendered":"BOLSA SISTEMA MOLLE PARA CANTIL ESTILO EUA"},"content":{"rendered":"<p>Saco de sistema de fixa\u00e7\u00e3o MOLLE para acondicionar garrafa estilo EUA de cantina. Fecha atrav\u00e9s de velcro e tem sistema de drenagem (olho)<\/p>\n<ul>\n<li>100% poli\u00e9ster, poliuretano revestido<\/li>\n<li>Dimens\u00f5es: 12 x 7 x 17 cm<\/li>\n<\/ul>\n<p>&nbsp;<\/p>\n","protected":false},"excerpt":{"rendered":"<p>Saco de sistema de fixa\u00e7\u00e3o MOLLE para acondicionar garrafa estilo EUA de cantina. Fecha atrav\u00e9s de velcro e tem sistema de drenagem (olho) 100% poli\u00e9ster, poliuretano revestido Dimens\u00f5es: 12 x 7 x 17 cm &nbsp;<\/p>\n","protected":false},"featured_media":42396,"comment_status":"open","ping_status":"closed","template":"","meta":{"_monsterinsights_skip_tracking":false,"_monsterinsights_sitenote_active":false,"_monsterinsights_sitenote_note":"","_monsterinsights_sitenote_category":0},"product_brand":[1596],"product_cat":[1107,829,1467,855],"product_tag":[80,1411],"class_list":{"0":"post-42393","1":"product","2":"type-product","3":"status-publish","4":"has-post-thumbnail","6":"product_brand-sturm-mil-tec","7":"product_cat-bolsas","8":"product_cat-marcas","9":"product_cat-mochilas-bolsas","10":"product_cat-sturm-mil-tec","11":"product_tag-bolsa","12":"product_tag-cantil","14":"first","15":"instock","16":"shipping-taxable","17":"purchasable","18":"product-type-variable"},"aioseo_notices":[],"jetpack_sharing_enabled":true,"_links":{"self":[{"href":"https:\/\/milicia-pro.com\/index.php\/wp-json\/wp\/v2\/product\/42393","targetHints":{"allow":["GET"]}}],"collection":[{"href":"https:\/\/milicia-pro.com\/index.php\/wp-json\/wp\/v2\/product"}],"about":[{"href":"https:\/\/milicia-pro.com\/index.php\/wp-json\/wp\/v2\/types\/product"}],"replies":[{"embeddable":true,"href":"https:\/\/milicia-pro.com\/index.php\/wp-json\/wp\/v2\/comments?post=42393"}],"wp:featuredmedia":[{"embeddable":true,"href":"https:\/\/milicia-pro.com\/index.php\/wp-json\/wp\/v2\/media\/42396"}],"wp:attachment":[{"href":"https:\/\/milicia-pro.com\/index.php\/wp-json\/wp\/v2\/media?parent=42393"}],"wp:term":[{"taxonomy":"product_brand","embeddable":true,"href":"https:\/\/milicia-pro.com\/index.php\/wp-json\/wp\/v2\/product_brand?post=42393"},{"taxonomy":"product_cat","embeddable":true,"href":"https:\/\/milicia-pro.com\/index.php\/wp-json\/wp\/v2\/product_cat?post=42393"},{"taxonomy":"product_tag","embeddable":true,"href":"https:\/\/milicia-pro.com\/index.php\/wp-json\/wp\/v2\/product_tag?post=42393"}],"curies":[{"name":"wp","href":"https:\/\/api.w.org\/{rel}","templated":true}]}}