{"id":42390,"date":"2025-04-16T16:57:33","date_gmt":"2025-04-16T16:57:33","guid":{"rendered":"https:\/\/milicia-pro.com\/?post_type=product&#038;p=42390"},"modified":"2025-12-09T18:17:56","modified_gmt":"2025-12-09T18:17:56","slug":"suspensorios-com-clip","status":"publish","type":"product","link":"https:\/\/milicia-pro.com\/index.php\/product\/suspensorios-com-clip\/","title":{"rendered":"SUSPENS\u00d3RIOS COM CLIP"},"content":{"rendered":"<p>Estes suspens\u00f3rios s\u00e3o ajust\u00e1veis at\u00e9 120cm. Ideais para uso normal nas suas cal\u00e7as.<\/p>\n<p>Tamb\u00e9m servem para estabilizar as cal\u00e7as imperme\u00e1veis, quando as tem de usar por cima das cal\u00e7as normais sempre que se encontra de servi\u00e7o naqueles dias de grande intemp\u00e9rie.<\/p>\n<ul>\n<li>100% poli\u00e9ster<\/li>\n<li>Grampos met\u00e1licos<\/li>\n<\/ul>\n<p>&nbsp;<\/p>\n","protected":false},"excerpt":{"rendered":"<p>Estes suspens\u00f3rios s\u00e3o ajust\u00e1veis at\u00e9 120cm. Ideais para uso normal nas suas cal\u00e7as. Tamb\u00e9m servem para estabilizar as cal\u00e7as imperme\u00e1veis, quando as tem de usar por cima das cal\u00e7as normais sempre que se encontra de servi\u00e7o naqueles dias de grande intemp\u00e9rie. 100% poli\u00e9ster Grampos met\u00e1licos &nbsp;<\/p>\n","protected":false},"featured_media":42392,"comment_status":"open","ping_status":"closed","template":"","meta":{"_monsterinsights_skip_tracking":false,"_monsterinsights_sitenote_active":false,"_monsterinsights_sitenote_note":"","_monsterinsights_sitenote_category":0},"product_brand":[1596],"product_cat":[1153,829,855,1063],"product_tag":[90,315],"class_list":{"0":"post-42390","1":"product","2":"type-product","3":"status-publish","4":"has-post-thumbnail","6":"product_brand-sturm-mil-tec","7":"product_cat-cinto","8":"product_cat-marcas","9":"product_cat-sturm-mil-tec","10":"product_cat-vestuario","11":"product_tag-calca","12":"product_tag-suspensorios","14":"first","15":"instock","16":"shipping-taxable","17":"purchasable","18":"product-type-variable"},"aioseo_notices":[],"jetpack_sharing_enabled":true,"_links":{"self":[{"href":"https:\/\/milicia-pro.com\/index.php\/wp-json\/wp\/v2\/product\/42390","targetHints":{"allow":["GET"]}}],"collection":[{"href":"https:\/\/milicia-pro.com\/index.php\/wp-json\/wp\/v2\/product"}],"about":[{"href":"https:\/\/milicia-pro.com\/index.php\/wp-json\/wp\/v2\/types\/product"}],"replies":[{"embeddable":true,"href":"https:\/\/milicia-pro.com\/index.php\/wp-json\/wp\/v2\/comments?post=42390"}],"wp:featuredmedia":[{"embeddable":true,"href":"https:\/\/milicia-pro.com\/index.php\/wp-json\/wp\/v2\/media\/42392"}],"wp:attachment":[{"href":"https:\/\/milicia-pro.com\/index.php\/wp-json\/wp\/v2\/media?parent=42390"}],"wp:term":[{"taxonomy":"product_brand","embeddable":true,"href":"https:\/\/milicia-pro.com\/index.php\/wp-json\/wp\/v2\/product_brand?post=42390"},{"taxonomy":"product_cat","embeddable":true,"href":"https:\/\/milicia-pro.com\/index.php\/wp-json\/wp\/v2\/product_cat?post=42390"},{"taxonomy":"product_tag","embeddable":true,"href":"https:\/\/milicia-pro.com\/index.php\/wp-json\/wp\/v2\/product_tag?post=42390"}],"curies":[{"name":"wp","href":"https:\/\/api.w.org\/{rel}","templated":true}]}}