{"id":42386,"date":"2025-04-16T16:56:28","date_gmt":"2025-04-16T16:56:28","guid":{"rendered":"https:\/\/milicia-pro.com\/?post_type=product&#038;p=42386"},"modified":"2025-12-09T18:18:03","modified_gmt":"2025-12-09T18:18:03","slug":"elasticos-bw-para-calcas-c-velcro-1-par","status":"publish","type":"product","link":"https:\/\/milicia-pro.com\/index.php\/product\/elasticos-bw-para-calcas-c-velcro-1-par\/","title":{"rendered":"EL\u00c1STICOS BW PARA CAL\u00c7AS C\/ VELCRO (1 PAR)"},"content":{"rendered":"<p>Estes el\u00e1sticos s\u00e3o confort\u00e1veis de usar devido \u00e0 elasticidade e ao seu fecho confort\u00e1vel de velcro.<\/p>\n<p>Largura: 3 cm<br \/>\nComprimento: 38 cm<\/p>\n","protected":false},"excerpt":{"rendered":"<p>Estes el\u00e1sticos s\u00e3o confort\u00e1veis de usar devido \u00e0 elasticidade e ao seu fecho confort\u00e1vel de velcro. Largura: 3 cm Comprimento: 38 cm<\/p>\n","protected":false},"featured_media":42389,"comment_status":"open","ping_status":"closed","template":"","meta":{"_monsterinsights_skip_tracking":false,"_monsterinsights_sitenote_active":false,"_monsterinsights_sitenote_note":"","_monsterinsights_sitenote_category":0},"product_brand":[1596],"product_cat":[1466,1463,829,855],"product_tag":[1410,1409],"class_list":{"0":"post-42386","1":"product","2":"type-product","3":"status-publish","4":"has-post-thumbnail","6":"product_brand-sturm-mil-tec","7":"product_cat-acessorios-calcado-2","8":"product_cat-calcado-2","9":"product_cat-marcas","10":"product_cat-sturm-mil-tec","11":"product_tag-calcas","12":"product_tag-elasticos","14":"first","15":"instock","16":"shipping-taxable","17":"purchasable","18":"product-type-variable"},"aioseo_notices":[],"jetpack_sharing_enabled":true,"_links":{"self":[{"href":"https:\/\/milicia-pro.com\/index.php\/wp-json\/wp\/v2\/product\/42386","targetHints":{"allow":["GET"]}}],"collection":[{"href":"https:\/\/milicia-pro.com\/index.php\/wp-json\/wp\/v2\/product"}],"about":[{"href":"https:\/\/milicia-pro.com\/index.php\/wp-json\/wp\/v2\/types\/product"}],"replies":[{"embeddable":true,"href":"https:\/\/milicia-pro.com\/index.php\/wp-json\/wp\/v2\/comments?post=42386"}],"wp:featuredmedia":[{"embeddable":true,"href":"https:\/\/milicia-pro.com\/index.php\/wp-json\/wp\/v2\/media\/42389"}],"wp:attachment":[{"href":"https:\/\/milicia-pro.com\/index.php\/wp-json\/wp\/v2\/media?parent=42386"}],"wp:term":[{"taxonomy":"product_brand","embeddable":true,"href":"https:\/\/milicia-pro.com\/index.php\/wp-json\/wp\/v2\/product_brand?post=42386"},{"taxonomy":"product_cat","embeddable":true,"href":"https:\/\/milicia-pro.com\/index.php\/wp-json\/wp\/v2\/product_cat?post=42386"},{"taxonomy":"product_tag","embeddable":true,"href":"https:\/\/milicia-pro.com\/index.php\/wp-json\/wp\/v2\/product_tag?post=42386"}],"curies":[{"name":"wp","href":"https:\/\/api.w.org\/{rel}","templated":true}]}}