{"id":42362,"date":"2025-04-16T14:26:03","date_gmt":"2025-04-16T14:26:03","guid":{"rendered":"https:\/\/milicia-pro.com\/?post_type=product&#038;p=42362"},"modified":"2026-04-24T14:35:06","modified_gmt":"2026-04-24T14:35:06","slug":"esteira-militar-com-2-camadas-180x50x1-8cm","status":"publish","type":"product","link":"https:\/\/milicia-pro.com\/index.php\/product\/esteira-militar-com-2-camadas-180x50x1-8cm\/","title":{"rendered":"ESTEIRA MILITAR COM 2 CAMADAS 180X50X1.8CM"},"content":{"rendered":"<p>100% espuma XPE<br \/>\nCorreia: 100% poli\u00e9ster<br \/>\nMassa: 782 g<br \/>\nDimens\u00f5es: 180 x 50 x 1,8 cm<br \/>\nTamanho da embalagem: 50 x 24 cm<\/p>\n<p>&#8211; Excelentes propriedades isolantes devido \u00e0 enorme espessura de 18 mm<br \/>\n&#8211; 2 correias de embalagem fixas<br \/>\n&#8211; 2 camadas<\/p>\n","protected":false},"excerpt":{"rendered":"<p>100% espuma XPE Correia: 100% poli\u00e9ster Massa: 782 g Dimens\u00f5es: 180 x 50 x 1,8 cm Tamanho da embalagem: 50 x 24 cm &#8211; Excelentes propriedades isolantes devido \u00e0 enorme espessura de 18 mm &#8211; 2 correias de embalagem fixas &#8211; 2 camadas<\/p>\n","protected":false},"featured_media":42364,"comment_status":"open","ping_status":"closed","template":"","meta":{"_monsterinsights_skip_tracking":false,"_monsterinsights_sitenote_active":false,"_monsterinsights_sitenote_note":"","_monsterinsights_sitenote_category":0},"product_brand":[],"product_cat":[1404,829,1068,855],"product_tag":[1375,1374],"class_list":{"0":"post-42362","1":"product","2":"type-product","3":"status-publish","4":"has-post-thumbnail","6":"product_cat-esteira-colchao","7":"product_cat-marcas","8":"product_cat-outdoor","9":"product_cat-sturm-mil-tec","10":"product_tag-colchao","11":"product_tag-esteira","13":"first","14":"instock","15":"shipping-taxable","16":"purchasable","17":"product-type-variable"},"aioseo_notices":[],"jetpack_sharing_enabled":true,"_links":{"self":[{"href":"https:\/\/milicia-pro.com\/index.php\/wp-json\/wp\/v2\/product\/42362","targetHints":{"allow":["GET"]}}],"collection":[{"href":"https:\/\/milicia-pro.com\/index.php\/wp-json\/wp\/v2\/product"}],"about":[{"href":"https:\/\/milicia-pro.com\/index.php\/wp-json\/wp\/v2\/types\/product"}],"replies":[{"embeddable":true,"href":"https:\/\/milicia-pro.com\/index.php\/wp-json\/wp\/v2\/comments?post=42362"}],"wp:featuredmedia":[{"embeddable":true,"href":"https:\/\/milicia-pro.com\/index.php\/wp-json\/wp\/v2\/media\/42364"}],"wp:attachment":[{"href":"https:\/\/milicia-pro.com\/index.php\/wp-json\/wp\/v2\/media?parent=42362"}],"wp:term":[{"taxonomy":"product_brand","embeddable":true,"href":"https:\/\/milicia-pro.com\/index.php\/wp-json\/wp\/v2\/product_brand?post=42362"},{"taxonomy":"product_cat","embeddable":true,"href":"https:\/\/milicia-pro.com\/index.php\/wp-json\/wp\/v2\/product_cat?post=42362"},{"taxonomy":"product_tag","embeddable":true,"href":"https:\/\/milicia-pro.com\/index.php\/wp-json\/wp\/v2\/product_tag?post=42362"}],"curies":[{"name":"wp","href":"https:\/\/api.w.org\/{rel}","templated":true}]}}