{"id":42358,"date":"2025-04-16T14:27:21","date_gmt":"2025-04-16T14:27:21","guid":{"rendered":"https:\/\/milicia-pro.com\/?post_type=product&#038;p=42358"},"modified":"2025-04-16T14:27:30","modified_gmt":"2025-04-16T14:27:30","slug":"esteira-militar-mil-tec-isomatte-200x50x1-cm","status":"publish","type":"product","link":"https:\/\/milicia-pro.com\/index.php\/product\/esteira-militar-mil-tec-isomatte-200x50x1-cm\/","title":{"rendered":"ESTEIRA MILITAR MIL-TEC\u00ae ISOMATTE 200X50X1 CM"},"content":{"rendered":"<p>&#8211; Tapete de dormir completo, incluindo el\u00e1sticos<\/p>\n<p>100% espuma de EVA (EVA de alta qualidade, excelente espuma, mant\u00e9m seco e quente)<br \/>\nDimens\u00f5es: 200 x 50 x 1 cm<br \/>\nMassa: 240 g<\/p>\n","protected":false},"excerpt":{"rendered":"<p>&#8211; Tapete de dormir completo, incluindo el\u00e1sticos 100% espuma de EVA (EVA de alta qualidade, excelente espuma, mant\u00e9m seco e quente) Dimens\u00f5es: 200 x 50 x 1 cm Massa: 240 g<\/p>\n","protected":false},"featured_media":42360,"comment_status":"open","ping_status":"closed","template":"","meta":{"_monsterinsights_skip_tracking":false,"_monsterinsights_sitenote_active":false,"_monsterinsights_sitenote_note":"","_monsterinsights_sitenote_category":0},"product_brand":[],"product_cat":[1404,829,1068,855],"product_tag":[1375,1374],"class_list":{"0":"post-42358","1":"product","2":"type-product","3":"status-publish","4":"has-post-thumbnail","6":"product_cat-esteira-colchao","7":"product_cat-marcas","8":"product_cat-outdoor","9":"product_cat-sturm-mil-tec","10":"product_tag-colchao","11":"product_tag-esteira","13":"first","14":"instock","15":"shipping-taxable","16":"purchasable","17":"product-type-variable"},"aioseo_notices":[],"jetpack_sharing_enabled":true,"_links":{"self":[{"href":"https:\/\/milicia-pro.com\/index.php\/wp-json\/wp\/v2\/product\/42358","targetHints":{"allow":["GET"]}}],"collection":[{"href":"https:\/\/milicia-pro.com\/index.php\/wp-json\/wp\/v2\/product"}],"about":[{"href":"https:\/\/milicia-pro.com\/index.php\/wp-json\/wp\/v2\/types\/product"}],"replies":[{"embeddable":true,"href":"https:\/\/milicia-pro.com\/index.php\/wp-json\/wp\/v2\/comments?post=42358"}],"wp:featuredmedia":[{"embeddable":true,"href":"https:\/\/milicia-pro.com\/index.php\/wp-json\/wp\/v2\/media\/42360"}],"wp:attachment":[{"href":"https:\/\/milicia-pro.com\/index.php\/wp-json\/wp\/v2\/media?parent=42358"}],"wp:term":[{"taxonomy":"product_brand","embeddable":true,"href":"https:\/\/milicia-pro.com\/index.php\/wp-json\/wp\/v2\/product_brand?post=42358"},{"taxonomy":"product_cat","embeddable":true,"href":"https:\/\/milicia-pro.com\/index.php\/wp-json\/wp\/v2\/product_cat?post=42358"},{"taxonomy":"product_tag","embeddable":true,"href":"https:\/\/milicia-pro.com\/index.php\/wp-json\/wp\/v2\/product_tag?post=42358"}],"curies":[{"name":"wp","href":"https:\/\/api.w.org\/{rel}","templated":true}]}}