{"id":42349,"date":"2025-04-16T14:24:26","date_gmt":"2025-04-16T14:24:26","guid":{"rendered":"https:\/\/milicia-pro.com\/?post_type=product&#038;p=42349"},"modified":"2026-03-09T17:21:27","modified_gmt":"2026-03-09T17:21:27","slug":"pulseira-de-sobrevivencia-22mm","status":"publish","type":"product","link":"https:\/\/milicia-pro.com\/index.php\/product\/pulseira-de-sobrevivencia-22mm\/","title":{"rendered":"PULSEIRA DE SOBREVIV\u00caNCIA 22MM"},"content":{"rendered":"<p>&nbsp;<\/p>\n<p>Utilize sempre no seu pulso esta pulseira de sobreviv\u00eancia de linha de para-quedas tran\u00e7ada com fecho de clipe<br \/>\nEm caso de emerg\u00eancia, pode ser convertido numa corda resistente ao rasgo<\/p>\n<ul>\n<li>100% poli\u00e9ster<\/li>\n<li>Paracord\u00e3o m\u00ednimo de carga de rutura: 400 lb &#8211; aprox. 181,4 kgDispon\u00edvel em 4 tamanhos:<br \/>\nTamanho S = circunfer\u00eancia do punho m\u00e1x. 17 cm &#8211; 7\u2032\u2032<br \/>\nComprimento aberto: 225 cmTamanho M = circunfer\u00eancia do punho m\u00e1x. 20 cm &#8211; 8\u2032\u2032<br \/>\nComprimento aberto: 265 cmTamanho L = circunfer\u00eancia do punho m\u00e1x. 23 cm &#8211; 9\u2032\u2032<br \/>\nComprimento aberto: 310 cmTamanho XL = circunfer\u00eancia do punho m\u00e1x. 26 cm &#8211; 10\u2032\u2032<br \/>\nComprimento aberto: 365 cm<\/li>\n<\/ul>\n","protected":false},"excerpt":{"rendered":"<p>&nbsp; Utilize sempre no seu pulso esta pulseira de sobreviv\u00eancia de linha de para-quedas tran\u00e7ada com fecho de clipe Em caso de emerg\u00eancia, pode ser convertido numa corda resistente ao rasgo 100% poli\u00e9ster Paracord\u00e3o m\u00ednimo de carga de rutura: 400 lb &#8211; aprox. 181,4 kgDispon\u00edvel em 4 tamanhos: Tamanho S = circunfer\u00eancia do punho m\u00e1x. [&#8230;]\n","protected":false},"featured_media":42354,"comment_status":"open","ping_status":"closed","template":"","meta":{"_monsterinsights_skip_tracking":false,"_monsterinsights_sitenote_active":false,"_monsterinsights_sitenote_note":"","_monsterinsights_sitenote_category":0},"product_brand":[1596],"product_cat":[1114,1401,855],"product_tag":[1383,306,325],"class_list":{"0":"post-42349","1":"product","2":"type-product","3":"status-publish","4":"has-post-thumbnail","6":"product_brand-sturm-mil-tec","7":"product_cat-outros-acessorios","8":"product_cat-pulseira","9":"product_cat-sturm-mil-tec","10":"product_tag-pulseira","11":"product_tag-sobrevivencia","12":"product_tag-tatica","14":"first","15":"instock","16":"shipping-taxable","17":"purchasable","18":"product-type-variable"},"aioseo_notices":[],"jetpack_sharing_enabled":true,"_links":{"self":[{"href":"https:\/\/milicia-pro.com\/index.php\/wp-json\/wp\/v2\/product\/42349","targetHints":{"allow":["GET"]}}],"collection":[{"href":"https:\/\/milicia-pro.com\/index.php\/wp-json\/wp\/v2\/product"}],"about":[{"href":"https:\/\/milicia-pro.com\/index.php\/wp-json\/wp\/v2\/types\/product"}],"replies":[{"embeddable":true,"href":"https:\/\/milicia-pro.com\/index.php\/wp-json\/wp\/v2\/comments?post=42349"}],"wp:featuredmedia":[{"embeddable":true,"href":"https:\/\/milicia-pro.com\/index.php\/wp-json\/wp\/v2\/media\/42354"}],"wp:attachment":[{"href":"https:\/\/milicia-pro.com\/index.php\/wp-json\/wp\/v2\/media?parent=42349"}],"wp:term":[{"taxonomy":"product_brand","embeddable":true,"href":"https:\/\/milicia-pro.com\/index.php\/wp-json\/wp\/v2\/product_brand?post=42349"},{"taxonomy":"product_cat","embeddable":true,"href":"https:\/\/milicia-pro.com\/index.php\/wp-json\/wp\/v2\/product_cat?post=42349"},{"taxonomy":"product_tag","embeddable":true,"href":"https:\/\/milicia-pro.com\/index.php\/wp-json\/wp\/v2\/product_tag?post=42349"}],"curies":[{"name":"wp","href":"https:\/\/api.w.org\/{rel}","templated":true}]}}