{"id":42342,"date":"2025-04-16T14:21:23","date_gmt":"2025-04-16T14:21:23","guid":{"rendered":"https:\/\/milicia-pro.com\/?post_type=product&#038;p=42342"},"modified":"2025-12-05T17:07:09","modified_gmt":"2025-12-05T17:07:09","slug":"suporte-em-argola-para-lanterna","status":"publish","type":"product","link":"https:\/\/milicia-pro.com\/index.php\/product\/suporte-em-argola-para-lanterna\/","title":{"rendered":"SUPORTE EM ARGOLA PARA LANTERNA"},"content":{"rendered":"<p>Utilize no cinto das cal\u00e7as este suporte para a sua lanterna.<\/p>\n<p>100% poli\u00e9ster<br \/>\nAnel met\u00e1lico<br \/>\nDi\u00e2metro: 45 mm<\/p>\n<p>&#8211; Com 2 pinos de prensagem<\/p>\n","protected":false},"excerpt":{"rendered":"<p>Utilize no cinto das cal\u00e7as este suporte para a sua lanterna. 100% poli\u00e9ster Anel met\u00e1lico Di\u00e2metro: 45 mm &#8211; Com 2 pinos de prensagem<\/p>\n","protected":false},"featured_media":42343,"comment_status":"open","ping_status":"closed","template":"","meta":{"_monsterinsights_skip_tracking":false,"_monsterinsights_sitenote_active":false,"_monsterinsights_sitenote_note":"","_monsterinsights_sitenote_category":0},"product_brand":[],"product_cat":[1064,1333,829,855],"product_tag":[1400,262,781],"class_list":{"0":"post-42342","1":"product","2":"type-product","3":"status-publish","4":"has-post-thumbnail","6":"product_cat-equipamentotatico","7":"product_cat-lanterna-acessorios-armas","8":"product_cat-marcas","9":"product_cat-sturm-mil-tec","10":"product_tag-argola","11":"product_tag-porta-lanterna","12":"product_tag-suporte","14":"first","15":"instock","16":"shipping-taxable","17":"purchasable","18":"product-type-variable"},"aioseo_notices":[],"jetpack_sharing_enabled":true,"_links":{"self":[{"href":"https:\/\/milicia-pro.com\/index.php\/wp-json\/wp\/v2\/product\/42342","targetHints":{"allow":["GET"]}}],"collection":[{"href":"https:\/\/milicia-pro.com\/index.php\/wp-json\/wp\/v2\/product"}],"about":[{"href":"https:\/\/milicia-pro.com\/index.php\/wp-json\/wp\/v2\/types\/product"}],"replies":[{"embeddable":true,"href":"https:\/\/milicia-pro.com\/index.php\/wp-json\/wp\/v2\/comments?post=42342"}],"wp:featuredmedia":[{"embeddable":true,"href":"https:\/\/milicia-pro.com\/index.php\/wp-json\/wp\/v2\/media\/42343"}],"wp:attachment":[{"href":"https:\/\/milicia-pro.com\/index.php\/wp-json\/wp\/v2\/media?parent=42342"}],"wp:term":[{"taxonomy":"product_brand","embeddable":true,"href":"https:\/\/milicia-pro.com\/index.php\/wp-json\/wp\/v2\/product_brand?post=42342"},{"taxonomy":"product_cat","embeddable":true,"href":"https:\/\/milicia-pro.com\/index.php\/wp-json\/wp\/v2\/product_cat?post=42342"},{"taxonomy":"product_tag","embeddable":true,"href":"https:\/\/milicia-pro.com\/index.php\/wp-json\/wp\/v2\/product_tag?post=42342"}],"curies":[{"name":"wp","href":"https:\/\/api.w.org\/{rel}","templated":true}]}}