{"id":42336,"date":"2025-04-16T14:17:01","date_gmt":"2025-04-16T14:17:01","guid":{"rendered":"https:\/\/milicia-pro.com\/?post_type=product&#038;p=42336"},"modified":"2025-06-05T17:03:26","modified_gmt":"2025-06-05T17:03:26","slug":"picareta-divisivel-alviao","status":"publish","type":"product","link":"https:\/\/milicia-pro.com\/index.php\/product\/picareta-divisivel-alviao\/","title":{"rendered":"PICARETA DIVIS\u00cdVEL (ALVI\u00c3O)"},"content":{"rendered":"<p>L\u00e2mina: A\u00e7o<br \/>\nPega: Madeira<br \/>\nComprimento do punho: 40 cm<br \/>\nComprimento da l\u00e2mina: 11 cm<br \/>\nComprimento da parte da espinha: 13,5 cm<\/p>\n<p>&#8211; Cobertura de espinha n\u00e3o inclu\u00edda<\/p>\n","protected":false},"excerpt":{"rendered":"<p>L\u00e2mina: A\u00e7o Pega: Madeira Comprimento do punho: 40 cm Comprimento da l\u00e2mina: 11 cm Comprimento da parte da espinha: 13,5 cm &#8211; Cobertura de espinha n\u00e3o inclu\u00edda<\/p>\n","protected":false},"featured_media":42337,"comment_status":"open","ping_status":"closed","template":"","meta":{"_monsterinsights_skip_tracking":false,"_monsterinsights_sitenote_active":false,"_monsterinsights_sitenote_note":"","_monsterinsights_sitenote_category":0},"product_brand":[],"product_cat":[1065,829,1475,855],"product_tag":[1398],"class_list":{"0":"post-42336","1":"product","2":"type-product","3":"status-publish","4":"has-post-thumbnail","6":"product_cat-cutelariaferramentas","7":"product_cat-marcas","8":"product_cat-pa-picareta","9":"product_cat-sturm-mil-tec","10":"product_tag-picareta","12":"first","13":"instock","14":"shipping-taxable","15":"purchasable","16":"product-type-variable"},"aioseo_notices":[],"jetpack_sharing_enabled":true,"_links":{"self":[{"href":"https:\/\/milicia-pro.com\/index.php\/wp-json\/wp\/v2\/product\/42336","targetHints":{"allow":["GET"]}}],"collection":[{"href":"https:\/\/milicia-pro.com\/index.php\/wp-json\/wp\/v2\/product"}],"about":[{"href":"https:\/\/milicia-pro.com\/index.php\/wp-json\/wp\/v2\/types\/product"}],"replies":[{"embeddable":true,"href":"https:\/\/milicia-pro.com\/index.php\/wp-json\/wp\/v2\/comments?post=42336"}],"wp:featuredmedia":[{"embeddable":true,"href":"https:\/\/milicia-pro.com\/index.php\/wp-json\/wp\/v2\/media\/42337"}],"wp:attachment":[{"href":"https:\/\/milicia-pro.com\/index.php\/wp-json\/wp\/v2\/media?parent=42336"}],"wp:term":[{"taxonomy":"product_brand","embeddable":true,"href":"https:\/\/milicia-pro.com\/index.php\/wp-json\/wp\/v2\/product_brand?post=42336"},{"taxonomy":"product_cat","embeddable":true,"href":"https:\/\/milicia-pro.com\/index.php\/wp-json\/wp\/v2\/product_cat?post=42336"},{"taxonomy":"product_tag","embeddable":true,"href":"https:\/\/milicia-pro.com\/index.php\/wp-json\/wp\/v2\/product_tag?post=42336"}],"curies":[{"name":"wp","href":"https:\/\/api.w.org\/{rel}","templated":true}]}}