{"id":42329,"date":"2025-04-16T14:10:28","date_gmt":"2025-04-16T14:10:28","guid":{"rendered":"https:\/\/milicia-pro.com\/?post_type=product&#038;p=42329"},"modified":"2025-05-30T10:00:42","modified_gmt":"2025-05-30T10:00:42","slug":"machete-kukri-c-funda","status":"publish","type":"product","link":"https:\/\/milicia-pro.com\/index.php\/product\/machete-kukri-c-funda\/","title":{"rendered":"MACHETE KUKRI C\/FUNDA"},"content":{"rendered":"<p>L\u00e2mina: A\u00e7o Inoxid\u00e1vel<br \/>\nPega: Pl\u00e1stico ABS<br \/>\nBainha: 100% poli\u00e9ster<br \/>\nComprimento da l\u00e2mina: 25,5 cm<br \/>\nComprimento total: 37,5 cm<br \/>\nMassa: 560 g<\/p>\n","protected":false},"excerpt":{"rendered":"<p>L\u00e2mina: A\u00e7o Inoxid\u00e1vel Pega: Pl\u00e1stico ABS Bainha: 100% poli\u00e9ster Comprimento da l\u00e2mina: 25,5 cm Comprimento total: 37,5 cm Massa: 560 g<\/p>\n","protected":false},"featured_media":42330,"comment_status":"open","ping_status":"closed","template":"","meta":{"_monsterinsights_skip_tracking":false,"_monsterinsights_sitenote_active":false,"_monsterinsights_sitenote_note":"","_monsterinsights_sitenote_category":0},"product_brand":[],"product_cat":[1065,1100,829,855],"product_tag":[1406,1405],"class_list":{"0":"post-42329","1":"product","2":"type-product","3":"status-publish","4":"has-post-thumbnail","6":"product_cat-cutelariaferramentas","7":"product_cat-machetes-e-machados","8":"product_cat-marcas","9":"product_cat-sturm-mil-tec","10":"product_tag-kukri","11":"product_tag-machete","13":"first","14":"instock","15":"shipping-taxable","16":"purchasable","17":"product-type-variable"},"aioseo_notices":[],"jetpack_sharing_enabled":true,"_links":{"self":[{"href":"https:\/\/milicia-pro.com\/index.php\/wp-json\/wp\/v2\/product\/42329","targetHints":{"allow":["GET"]}}],"collection":[{"href":"https:\/\/milicia-pro.com\/index.php\/wp-json\/wp\/v2\/product"}],"about":[{"href":"https:\/\/milicia-pro.com\/index.php\/wp-json\/wp\/v2\/types\/product"}],"replies":[{"embeddable":true,"href":"https:\/\/milicia-pro.com\/index.php\/wp-json\/wp\/v2\/comments?post=42329"}],"wp:featuredmedia":[{"embeddable":true,"href":"https:\/\/milicia-pro.com\/index.php\/wp-json\/wp\/v2\/media\/42330"}],"wp:attachment":[{"href":"https:\/\/milicia-pro.com\/index.php\/wp-json\/wp\/v2\/media?parent=42329"}],"wp:term":[{"taxonomy":"product_brand","embeddable":true,"href":"https:\/\/milicia-pro.com\/index.php\/wp-json\/wp\/v2\/product_brand?post=42329"},{"taxonomy":"product_cat","embeddable":true,"href":"https:\/\/milicia-pro.com\/index.php\/wp-json\/wp\/v2\/product_cat?post=42329"},{"taxonomy":"product_tag","embeddable":true,"href":"https:\/\/milicia-pro.com\/index.php\/wp-json\/wp\/v2\/product_tag?post=42329"}],"curies":[{"name":"wp","href":"https:\/\/api.w.org\/{rel}","templated":true}]}}