{"id":42257,"date":"2025-04-03T15:37:17","date_gmt":"2025-04-03T15:37:17","guid":{"rendered":"https:\/\/milicia-pro.com\/?post_type=product&#038;p=42257"},"modified":"2025-04-03T15:37:17","modified_gmt":"2025-04-03T15:37:17","slug":"cotoveleira-de-protecao","status":"publish","type":"product","link":"https:\/\/milicia-pro.com\/index.php\/product\/cotoveleira-de-protecao\/","title":{"rendered":"COTOVELEIRA DE PROTE\u00c7\u00c3O"},"content":{"rendered":"<p>Material externo: 100% poli\u00e9ster<br \/>\nAcolchoamento: espuma EVA<br \/>\nProtetor: 100% Elast\u00f4meros Termopl\u00e1sticos<\/p>\n<p>&#8211; Forma angular especial do protetor<br \/>\n&#8211; adapta-se perfeitamente a todos os movimentos<br \/>\n&#8211; Boa liberdade de movimento devido ao formato ergon\u00f4mico e fecho el\u00e1stico de Velcro<br \/>\n&#8211; F\u00e1cil de colocar e ajustar gra\u00e7as a duas tiras de Velcro<br \/>\n&#8211; Parte el\u00e1stica na dobra do bra\u00e7o para maior conforto de uso<\/p>\n","protected":false},"excerpt":{"rendered":"<p>Material externo: 100% poli\u00e9ster Acolchoamento: espuma EVA Protetor: 100% Elast\u00f4meros Termopl\u00e1sticos &#8211; Forma angular especial do protetor &#8211; adapta-se perfeitamente a todos os movimentos &#8211; Boa liberdade de movimento devido ao formato ergon\u00f4mico e fecho el\u00e1stico de Velcro &#8211; F\u00e1cil de colocar e ajustar gra\u00e7as a duas tiras de Velcro &#8211; Parte el\u00e1stica na dobra [&#8230;]\n","protected":false},"featured_media":42258,"comment_status":"open","ping_status":"closed","template":"","meta":{"_monsterinsights_skip_tracking":false,"_monsterinsights_sitenote_active":false,"_monsterinsights_sitenote_note":"","_monsterinsights_sitenote_category":0},"product_brand":[],"product_cat":[1091,1064,829,855],"product_tag":[129,513],"class_list":{"0":"post-42257","1":"product","2":"type-product","3":"status-publish","4":"has-post-thumbnail","6":"product_cat-cotoveleirajoelheira","7":"product_cat-equipamentotatico","8":"product_cat-marcas","9":"product_cat-sturm-mil-tec","10":"product_tag-cotoveleira","11":"product_tag-protecao","13":"first","14":"instock","15":"shipping-taxable","16":"purchasable","17":"product-type-variable"},"aioseo_notices":[],"jetpack_sharing_enabled":true,"_links":{"self":[{"href":"https:\/\/milicia-pro.com\/index.php\/wp-json\/wp\/v2\/product\/42257","targetHints":{"allow":["GET"]}}],"collection":[{"href":"https:\/\/milicia-pro.com\/index.php\/wp-json\/wp\/v2\/product"}],"about":[{"href":"https:\/\/milicia-pro.com\/index.php\/wp-json\/wp\/v2\/types\/product"}],"replies":[{"embeddable":true,"href":"https:\/\/milicia-pro.com\/index.php\/wp-json\/wp\/v2\/comments?post=42257"}],"wp:featuredmedia":[{"embeddable":true,"href":"https:\/\/milicia-pro.com\/index.php\/wp-json\/wp\/v2\/media\/42258"}],"wp:attachment":[{"href":"https:\/\/milicia-pro.com\/index.php\/wp-json\/wp\/v2\/media?parent=42257"}],"wp:term":[{"taxonomy":"product_brand","embeddable":true,"href":"https:\/\/milicia-pro.com\/index.php\/wp-json\/wp\/v2\/product_brand?post=42257"},{"taxonomy":"product_cat","embeddable":true,"href":"https:\/\/milicia-pro.com\/index.php\/wp-json\/wp\/v2\/product_cat?post=42257"},{"taxonomy":"product_tag","embeddable":true,"href":"https:\/\/milicia-pro.com\/index.php\/wp-json\/wp\/v2\/product_tag?post=42257"}],"curies":[{"name":"wp","href":"https:\/\/api.w.org\/{rel}","templated":true}]}}