{"id":42244,"date":"2025-04-03T14:46:37","date_gmt":"2025-04-03T14:46:37","guid":{"rendered":"https:\/\/milicia-pro.com\/?post_type=product&#038;p=42244"},"modified":"2025-09-29T10:52:29","modified_gmt":"2025-09-29T10:52:29","slug":"conjunto-de-mosquetao-de-acessorios-wildo","status":"publish","type":"product","link":"https:\/\/milicia-pro.com\/index.php\/product\/conjunto-de-mosquetao-de-acessorios-wildo\/","title":{"rendered":"CONJUNTO DE MOSQUET\u00c3O DE ACESS\u00d3RIOS WILDO\u00ae"},"content":{"rendered":"<p>100% polioximetileno<br \/>\nGancho: A\u00e7o inoxid\u00e1vel<br \/>\nCapacidade de carga m\u00e9dia: 35 kg<br \/>\nCapacidade de carga Grande: 50 kg<\/p>\n<p>&#8211; Conjunto de mosquet\u00e3o wildo\u00ae (2 tamanhos)<br \/>\n&#8211; Conjunto composto por 2x M\u00e9dio e 1x Grande<br \/>\n&#8211; N\u00e3o use para opera\u00e7\u00f5es de escalada e resgate!<\/p>\n","protected":false},"excerpt":{"rendered":"<p>100% polioximetileno Gancho: A\u00e7o inoxid\u00e1vel Capacidade de carga m\u00e9dia: 35 kg Capacidade de carga Grande: 50 kg &#8211; Conjunto de mosquet\u00e3o wildo\u00ae (2 tamanhos) &#8211; Conjunto composto por 2x M\u00e9dio e 1x Grande &#8211; N\u00e3o use para opera\u00e7\u00f5es de escalada e resgate!<\/p>\n","protected":false},"featured_media":42247,"comment_status":"open","ping_status":"closed","template":"","meta":{"_monsterinsights_skip_tracking":false,"_monsterinsights_sitenote_active":false,"_monsterinsights_sitenote_note":"","_monsterinsights_sitenote_category":0},"product_brand":[],"product_cat":[829,1191,1068,855],"product_tag":[218],"class_list":{"0":"post-42244","1":"product","2":"type-product","3":"status-publish","4":"has-post-thumbnail","6":"product_cat-marcas","7":"product_cat-mosquetao-descendente","8":"product_cat-outdoor","9":"product_cat-sturm-mil-tec","10":"product_tag-mosquetao","12":"first","13":"instock","14":"shipping-taxable","15":"purchasable","16":"product-type-variable"},"aioseo_notices":[],"jetpack_sharing_enabled":true,"_links":{"self":[{"href":"https:\/\/milicia-pro.com\/index.php\/wp-json\/wp\/v2\/product\/42244","targetHints":{"allow":["GET"]}}],"collection":[{"href":"https:\/\/milicia-pro.com\/index.php\/wp-json\/wp\/v2\/product"}],"about":[{"href":"https:\/\/milicia-pro.com\/index.php\/wp-json\/wp\/v2\/types\/product"}],"replies":[{"embeddable":true,"href":"https:\/\/milicia-pro.com\/index.php\/wp-json\/wp\/v2\/comments?post=42244"}],"wp:featuredmedia":[{"embeddable":true,"href":"https:\/\/milicia-pro.com\/index.php\/wp-json\/wp\/v2\/media\/42247"}],"wp:attachment":[{"href":"https:\/\/milicia-pro.com\/index.php\/wp-json\/wp\/v2\/media?parent=42244"}],"wp:term":[{"taxonomy":"product_brand","embeddable":true,"href":"https:\/\/milicia-pro.com\/index.php\/wp-json\/wp\/v2\/product_brand?post=42244"},{"taxonomy":"product_cat","embeddable":true,"href":"https:\/\/milicia-pro.com\/index.php\/wp-json\/wp\/v2\/product_cat?post=42244"},{"taxonomy":"product_tag","embeddable":true,"href":"https:\/\/milicia-pro.com\/index.php\/wp-json\/wp\/v2\/product_tag?post=42244"}],"curies":[{"name":"wp","href":"https:\/\/api.w.org\/{rel}","templated":true}]}}