{"id":42224,"date":"2025-04-03T13:56:57","date_gmt":"2025-04-03T13:56:57","guid":{"rendered":"https:\/\/milicia-pro.com\/?post_type=product&#038;p=42224"},"modified":"2026-03-09T17:22:40","modified_gmt":"2026-03-09T17:22:40","slug":"binoculo-dobravel-8x21-c-saco-transporte-de-cinto","status":"publish","type":"product","link":"https:\/\/milicia-pro.com\/index.php\/product\/binoculo-dobravel-8x21-c-saco-transporte-de-cinto\/","title":{"rendered":"BIN\u00d3CULO DOBR\u00c1VEL 8X21 C\/SACO TRANSPORTE DE CINTO"},"content":{"rendered":"<p>Saco: nylon 100%<br \/>\nDimens\u00f5es: 10 x 7 x 4 cm<br \/>\nDi\u00e2metro da lente: 21 mm<br \/>\nPeso com saco: 200 g<\/p>\n<p>&#8211; Amplia\u00e7\u00e3o de 8x<br \/>\n&#8211; Campo de vis\u00e3o: 126m \/ 1000m<br \/>\n&#8211; Pupilas de sa\u00edda: 2,6 mm<br \/>\n&#8211; Ajuste fino de dioptria<br \/>\n&#8211; Bolsa inclu\u00edda<\/p>\n","protected":false},"excerpt":{"rendered":"<p>Saco: nylon 100% Dimens\u00f5es: 10 x 7 x 4 cm Di\u00e2metro da lente: 21 mm Peso com saco: 200 g &#8211; Amplia\u00e7\u00e3o de 8x &#8211; Campo de vis\u00e3o: 126m \/ 1000m &#8211; Pupilas de sa\u00edda: 2,6 mm &#8211; Ajuste fino de dioptria &#8211; Bolsa inclu\u00edda<\/p>\n","protected":false},"featured_media":42227,"comment_status":"open","ping_status":"closed","template":"","meta":{"_monsterinsights_skip_tracking":false,"_monsterinsights_sitenote_active":false,"_monsterinsights_sitenote_note":"","_monsterinsights_sitenote_category":0},"product_brand":[],"product_cat":[1094,829,1070,855],"product_tag":[796,1380],"class_list":{"0":"post-42224","1":"product","2":"type-product","3":"status-publish","4":"has-post-thumbnail","6":"product_cat-binoculos","7":"product_cat-marcas","8":"product_cat-optica","9":"product_cat-sturm-mil-tec","10":"product_tag-binoculo","11":"product_tag-optica","13":"first","14":"instock","15":"shipping-taxable","16":"purchasable","17":"product-type-variable"},"aioseo_notices":[],"jetpack_sharing_enabled":true,"_links":{"self":[{"href":"https:\/\/milicia-pro.com\/index.php\/wp-json\/wp\/v2\/product\/42224","targetHints":{"allow":["GET"]}}],"collection":[{"href":"https:\/\/milicia-pro.com\/index.php\/wp-json\/wp\/v2\/product"}],"about":[{"href":"https:\/\/milicia-pro.com\/index.php\/wp-json\/wp\/v2\/types\/product"}],"replies":[{"embeddable":true,"href":"https:\/\/milicia-pro.com\/index.php\/wp-json\/wp\/v2\/comments?post=42224"}],"wp:featuredmedia":[{"embeddable":true,"href":"https:\/\/milicia-pro.com\/index.php\/wp-json\/wp\/v2\/media\/42227"}],"wp:attachment":[{"href":"https:\/\/milicia-pro.com\/index.php\/wp-json\/wp\/v2\/media?parent=42224"}],"wp:term":[{"taxonomy":"product_brand","embeddable":true,"href":"https:\/\/milicia-pro.com\/index.php\/wp-json\/wp\/v2\/product_brand?post=42224"},{"taxonomy":"product_cat","embeddable":true,"href":"https:\/\/milicia-pro.com\/index.php\/wp-json\/wp\/v2\/product_cat?post=42224"},{"taxonomy":"product_tag","embeddable":true,"href":"https:\/\/milicia-pro.com\/index.php\/wp-json\/wp\/v2\/product_tag?post=42224"}],"curies":[{"name":"wp","href":"https:\/\/api.w.org\/{rel}","templated":true}]}}