{"id":42219,"date":"2025-04-03T13:47:49","date_gmt":"2025-04-03T13:47:49","guid":{"rendered":"https:\/\/milicia-pro.com\/?post_type=product&#038;p=42219"},"modified":"2026-04-21T17:07:59","modified_gmt":"2026-04-21T17:07:59","slug":"oculos-taticos-bolle-tracker-klar","status":"publish","type":"product","link":"https:\/\/milicia-pro.com\/index.php\/product\/oculos-taticos-bolle-tracker-klar\/","title":{"rendered":"\u00d3CULOS TATICOS BOLL\u00c9\u00ae\u1ffeTRACKER\u2019 KLAR"},"content":{"rendered":"<p>Massa: 52 g<br \/>\n100% de prote\u00e7\u00e3o UV<\/p>\n<p>&#8211; \u00d3culos de seguran\u00e7a com prote\u00e7\u00e3o superior, inferior e lateral<br \/>\n&#8211; Tratamento resistente a riscos e antiemba\u00e7ante<br \/>\n&#8211; Borda de espuma substitu\u00edvel com ventila\u00e7\u00e3o indireta<br \/>\n&#8211; Banda de cabe\u00e7a ajust\u00e1vel<br \/>\n&#8211; Templo reto<br \/>\n&#8211; Ventila\u00e7\u00e3o lateral<br \/>\n&#8211; Fornecido com saco de microfibra<\/p>\n","protected":false},"excerpt":{"rendered":"<p>Massa: 52 g 100% de prote\u00e7\u00e3o UV &#8211; \u00d3culos de seguran\u00e7a com prote\u00e7\u00e3o superior, inferior e lateral &#8211; Tratamento resistente a riscos e antiemba\u00e7ante &#8211; Borda de espuma substitu\u00edvel com ventila\u00e7\u00e3o indireta &#8211; Banda de cabe\u00e7a ajust\u00e1vel &#8211; Templo reto &#8211; Ventila\u00e7\u00e3o lateral &#8211; Fornecido com saco de microfibra<\/p>\n","protected":false},"featured_media":42223,"comment_status":"open","ping_status":"closed","template":"","meta":{"_monsterinsights_skip_tracking":false,"_monsterinsights_sitenote_active":false,"_monsterinsights_sitenote_note":"","_monsterinsights_sitenote_category":0},"product_brand":[],"product_cat":[829,1070,1095,855],"product_tag":[688,1380,513],"class_list":{"0":"post-42219","1":"product","2":"type-product","3":"status-publish","4":"has-post-thumbnail","6":"product_cat-marcas","7":"product_cat-optica","8":"product_cat-oculos","9":"product_cat-sturm-mil-tec","10":"product_tag-oculos","11":"product_tag-optica","12":"product_tag-protecao","14":"first","15":"instock","16":"shipping-taxable","17":"purchasable","18":"product-type-variable"},"aioseo_notices":[],"jetpack_sharing_enabled":true,"_links":{"self":[{"href":"https:\/\/milicia-pro.com\/index.php\/wp-json\/wp\/v2\/product\/42219","targetHints":{"allow":["GET"]}}],"collection":[{"href":"https:\/\/milicia-pro.com\/index.php\/wp-json\/wp\/v2\/product"}],"about":[{"href":"https:\/\/milicia-pro.com\/index.php\/wp-json\/wp\/v2\/types\/product"}],"replies":[{"embeddable":true,"href":"https:\/\/milicia-pro.com\/index.php\/wp-json\/wp\/v2\/comments?post=42219"}],"wp:featuredmedia":[{"embeddable":true,"href":"https:\/\/milicia-pro.com\/index.php\/wp-json\/wp\/v2\/media\/42223"}],"wp:attachment":[{"href":"https:\/\/milicia-pro.com\/index.php\/wp-json\/wp\/v2\/media?parent=42219"}],"wp:term":[{"taxonomy":"product_brand","embeddable":true,"href":"https:\/\/milicia-pro.com\/index.php\/wp-json\/wp\/v2\/product_brand?post=42219"},{"taxonomy":"product_cat","embeddable":true,"href":"https:\/\/milicia-pro.com\/index.php\/wp-json\/wp\/v2\/product_cat?post=42219"},{"taxonomy":"product_tag","embeddable":true,"href":"https:\/\/milicia-pro.com\/index.php\/wp-json\/wp\/v2\/product_tag?post=42219"}],"curies":[{"name":"wp","href":"https:\/\/api.w.org\/{rel}","templated":true}]}}