{"id":42216,"date":"2025-04-03T13:36:04","date_gmt":"2025-04-03T13:36:04","guid":{"rendered":"https:\/\/milicia-pro.com\/?post_type=product&#038;p=42216"},"modified":"2025-04-03T13:36:04","modified_gmt":"2025-04-03T13:36:04","slug":"oculos-comando-pro-p-salto-sist-ventilacao-lente-fumada","status":"publish","type":"product","link":"https:\/\/milicia-pro.com\/index.php\/product\/oculos-comando-pro-p-salto-sist-ventilacao-lente-fumada\/","title":{"rendered":"\u00d3CULOS COMANDO PRO P\/SALTO \u2013 SIST. VENTILA\u00c7\u00c3O LENTE FUMADA"},"content":{"rendered":"<p>Estrutura: elast\u00f4meros 100% termopl\u00e1sticos<br \/>\nLentes: 100% policarbonato<br \/>\nHeadband: Poliuretano 100% termopl\u00e1stico<br \/>\nSaco: 75% poli\u00e9ster, 25% poliamida<\/p>\n<p>&#8211; Caixilharia pl\u00e1stica com sistema de ventila\u00e7\u00e3o<br \/>\n&#8211; Banda el\u00e1stica para a cabe\u00e7a<br \/>\n&#8211; Resistente a riscos no exterior<br \/>\n&#8211; Interior sem nevoeiro<br \/>\n&#8211; incluindo saco<\/p>\n","protected":false},"excerpt":{"rendered":"<p>Estrutura: elast\u00f4meros 100% termopl\u00e1sticos Lentes: 100% policarbonato Headband: Poliuretano 100% termopl\u00e1stico Saco: 75% poli\u00e9ster, 25% poliamida &#8211; Caixilharia pl\u00e1stica com sistema de ventila\u00e7\u00e3o &#8211; Banda el\u00e1stica para a cabe\u00e7a &#8211; Resistente a riscos no exterior &#8211; Interior sem nevoeiro &#8211; incluindo saco<\/p>\n","protected":false},"featured_media":42217,"comment_status":"open","ping_status":"closed","template":"","meta":{"_monsterinsights_skip_tracking":false,"_monsterinsights_sitenote_active":false,"_monsterinsights_sitenote_note":"","_monsterinsights_sitenote_category":0},"product_brand":[],"product_cat":[829,1070,1095,855],"product_tag":[688,1380,513],"class_list":{"0":"post-42216","1":"product","2":"type-product","3":"status-publish","4":"has-post-thumbnail","6":"product_cat-marcas","7":"product_cat-optica","8":"product_cat-oculos","9":"product_cat-sturm-mil-tec","10":"product_tag-oculos","11":"product_tag-optica","12":"product_tag-protecao","14":"first","15":"instock","16":"shipping-taxable","17":"purchasable","18":"product-type-variable"},"aioseo_notices":[],"jetpack_sharing_enabled":true,"_links":{"self":[{"href":"https:\/\/milicia-pro.com\/index.php\/wp-json\/wp\/v2\/product\/42216","targetHints":{"allow":["GET"]}}],"collection":[{"href":"https:\/\/milicia-pro.com\/index.php\/wp-json\/wp\/v2\/product"}],"about":[{"href":"https:\/\/milicia-pro.com\/index.php\/wp-json\/wp\/v2\/types\/product"}],"replies":[{"embeddable":true,"href":"https:\/\/milicia-pro.com\/index.php\/wp-json\/wp\/v2\/comments?post=42216"}],"wp:featuredmedia":[{"embeddable":true,"href":"https:\/\/milicia-pro.com\/index.php\/wp-json\/wp\/v2\/media\/42217"}],"wp:attachment":[{"href":"https:\/\/milicia-pro.com\/index.php\/wp-json\/wp\/v2\/media?parent=42216"}],"wp:term":[{"taxonomy":"product_brand","embeddable":true,"href":"https:\/\/milicia-pro.com\/index.php\/wp-json\/wp\/v2\/product_brand?post=42216"},{"taxonomy":"product_cat","embeddable":true,"href":"https:\/\/milicia-pro.com\/index.php\/wp-json\/wp\/v2\/product_cat?post=42216"},{"taxonomy":"product_tag","embeddable":true,"href":"https:\/\/milicia-pro.com\/index.php\/wp-json\/wp\/v2\/product_tag?post=42216"}],"curies":[{"name":"wp","href":"https:\/\/api.w.org\/{rel}","templated":true}]}}