{"id":42213,"date":"2025-04-03T13:31:16","date_gmt":"2025-04-03T13:31:16","guid":{"rendered":"https:\/\/milicia-pro.com\/?post_type=product&#038;p=42213"},"modified":"2026-01-12T18:19:13","modified_gmt":"2026-01-12T18:19:13","slug":"catana-de-lamina-branca-c-funda-verde-lona-48cm","status":"publish","type":"product","link":"https:\/\/milicia-pro.com\/index.php\/product\/catana-de-lamina-branca-c-funda-verde-lona-48cm\/","title":{"rendered":"CATANA  DE LAMINA BRANCA C\/FUNDA VERDE LONA 48CM"},"content":{"rendered":"<ul>\n<li>L\u00e2mina: A\u00e7o<\/li>\n<li>Pega: 100% polipropileno<\/li>\n<li>Bainha: 100% algod\u00e3o<\/li>\n<li>Comprimento da l\u00e2mina: 36,5 cm<\/li>\n<li>Comprimento total: 49,5 cm<\/li>\n<li>Massa: aprox. 380 g<\/li>\n<\/ul>\n","protected":false},"excerpt":{"rendered":"<p>L\u00e2mina: A\u00e7o Pega: 100% polipropileno Bainha: 100% algod\u00e3o Comprimento da l\u00e2mina: 36,5 cm Comprimento total: 49,5 cm Massa: aprox. 380 g<\/p>\n","protected":false},"featured_media":42215,"comment_status":"open","ping_status":"closed","template":"","meta":{"_monsterinsights_skip_tracking":false,"_monsterinsights_sitenote_active":false,"_monsterinsights_sitenote_note":"","_monsterinsights_sitenote_category":0},"product_brand":[],"product_cat":[1065,1100,829,855],"product_tag":[919,912,147],"class_list":{"0":"post-42213","1":"product","2":"type-product","3":"status-publish","4":"has-post-thumbnail","6":"product_cat-cutelariaferramentas","7":"product_cat-machetes-e-machados","8":"product_cat-marcas","9":"product_cat-sturm-mil-tec","10":"product_tag-catana","11":"product_tag-cutelaria","12":"product_tag-faca","14":"first","15":"instock","16":"shipping-taxable","17":"purchasable","18":"product-type-variable"},"aioseo_notices":[],"jetpack_sharing_enabled":true,"_links":{"self":[{"href":"https:\/\/milicia-pro.com\/index.php\/wp-json\/wp\/v2\/product\/42213","targetHints":{"allow":["GET"]}}],"collection":[{"href":"https:\/\/milicia-pro.com\/index.php\/wp-json\/wp\/v2\/product"}],"about":[{"href":"https:\/\/milicia-pro.com\/index.php\/wp-json\/wp\/v2\/types\/product"}],"replies":[{"embeddable":true,"href":"https:\/\/milicia-pro.com\/index.php\/wp-json\/wp\/v2\/comments?post=42213"}],"wp:featuredmedia":[{"embeddable":true,"href":"https:\/\/milicia-pro.com\/index.php\/wp-json\/wp\/v2\/media\/42215"}],"wp:attachment":[{"href":"https:\/\/milicia-pro.com\/index.php\/wp-json\/wp\/v2\/media?parent=42213"}],"wp:term":[{"taxonomy":"product_brand","embeddable":true,"href":"https:\/\/milicia-pro.com\/index.php\/wp-json\/wp\/v2\/product_brand?post=42213"},{"taxonomy":"product_cat","embeddable":true,"href":"https:\/\/milicia-pro.com\/index.php\/wp-json\/wp\/v2\/product_cat?post=42213"},{"taxonomy":"product_tag","embeddable":true,"href":"https:\/\/milicia-pro.com\/index.php\/wp-json\/wp\/v2\/product_tag?post=42213"}],"curies":[{"name":"wp","href":"https:\/\/api.w.org\/{rel}","templated":true}]}}