{"id":42201,"date":"2025-04-03T11:19:43","date_gmt":"2025-04-03T11:19:43","guid":{"rendered":"https:\/\/milicia-pro.com\/?post_type=product&#038;p=42201"},"modified":"2025-06-05T16:43:37","modified_gmt":"2025-06-05T16:43:37","slug":"marmita-cilindrica-em-aluminio-3-pecas-c-pega","status":"publish","type":"product","link":"https:\/\/milicia-pro.com\/index.php\/product\/marmita-cilindrica-em-aluminio-3-pecas-c-pega\/","title":{"rendered":"MARMITA CILINDRICA EM ALUMINIO 3 PE\u00c7AS C\/PEGA"},"content":{"rendered":"<ul>\n<li>100% alum\u00ednio<\/li>\n<li>Altura: 16.5 cm<\/li>\n<li>Largura: aprox. 10,5 cm<\/li>\n<li>Massa: aprox. 460 g\n<p>&#8211; Utens\u00edlios de cozinha de 3 pe\u00e7as com suporte dobr\u00e1vel<\/li>\n<\/ul>\n","protected":false},"excerpt":{"rendered":"<p>100% alum\u00ednio Altura: 16.5 cm Largura: aprox. 10,5 cm Massa: aprox. 460 g &#8211; Utens\u00edlios de cozinha de 3 pe\u00e7as com suporte dobr\u00e1vel<\/p>\n","protected":false},"featured_media":42203,"comment_status":"open","ping_status":"closed","template":"","meta":{"_monsterinsights_skip_tracking":false,"_monsterinsights_sitenote_active":false,"_monsterinsights_sitenote_note":"","_monsterinsights_sitenote_category":0},"product_brand":[],"product_cat":[1474,829,1068,855],"product_tag":[516,745],"class_list":{"0":"post-42201","1":"product","2":"type-product","3":"status-publish","4":"has-post-thumbnail","6":"product_cat-alimentacao-acessorios","7":"product_cat-marcas","8":"product_cat-outdoor","9":"product_cat-sturm-mil-tec","10":"product_tag-caixa","11":"product_tag-marmita","13":"first","14":"instock","15":"shipping-taxable","16":"purchasable","17":"product-type-variable"},"aioseo_notices":[],"jetpack_sharing_enabled":true,"_links":{"self":[{"href":"https:\/\/milicia-pro.com\/index.php\/wp-json\/wp\/v2\/product\/42201","targetHints":{"allow":["GET"]}}],"collection":[{"href":"https:\/\/milicia-pro.com\/index.php\/wp-json\/wp\/v2\/product"}],"about":[{"href":"https:\/\/milicia-pro.com\/index.php\/wp-json\/wp\/v2\/types\/product"}],"replies":[{"embeddable":true,"href":"https:\/\/milicia-pro.com\/index.php\/wp-json\/wp\/v2\/comments?post=42201"}],"wp:featuredmedia":[{"embeddable":true,"href":"https:\/\/milicia-pro.com\/index.php\/wp-json\/wp\/v2\/media\/42203"}],"wp:attachment":[{"href":"https:\/\/milicia-pro.com\/index.php\/wp-json\/wp\/v2\/media?parent=42201"}],"wp:term":[{"taxonomy":"product_brand","embeddable":true,"href":"https:\/\/milicia-pro.com\/index.php\/wp-json\/wp\/v2\/product_brand?post=42201"},{"taxonomy":"product_cat","embeddable":true,"href":"https:\/\/milicia-pro.com\/index.php\/wp-json\/wp\/v2\/product_cat?post=42201"},{"taxonomy":"product_tag","embeddable":true,"href":"https:\/\/milicia-pro.com\/index.php\/wp-json\/wp\/v2\/product_tag?post=42201"}],"curies":[{"name":"wp","href":"https:\/\/api.w.org\/{rel}","templated":true}]}}