{"id":42185,"date":"2025-04-02T13:41:21","date_gmt":"2025-04-02T13:41:21","guid":{"rendered":"https:\/\/milicia-pro.com\/?post_type=product&#038;p=42185"},"modified":"2026-04-24T14:27:30","modified_gmt":"2026-04-24T14:27:30","slug":"esteira-militar-iso-matte-190x60x1cm","status":"publish","type":"product","link":"https:\/\/milicia-pro.com\/index.php\/product\/esteira-militar-iso-matte-190x60x1cm\/","title":{"rendered":"ESTEIRA MILITAR ISO-MATTE 190X60CM"},"content":{"rendered":"<p>100% espuma de polietileno<br \/>\nDimens\u00f5es: 190 x 61 x 1 cm<br \/>\nPeso: 488 g<\/p>\n<p>&#8211; Grande estabilidade e resili\u00eancia (resistente a rasgos, deform\u00e1vel)<br \/>\n&#8211; Espuma resistente ao apodrecimento<\/p>\n","protected":false},"excerpt":{"rendered":"<p>100% espuma de polietileno Dimens\u00f5es: 190 x 61 x 1 cm Peso: 488 g &#8211; Grande estabilidade e resili\u00eancia (resistente a rasgos, deform\u00e1vel) &#8211; Espuma resistente ao apodrecimento<\/p>\n","protected":false},"featured_media":42187,"comment_status":"open","ping_status":"closed","template":"","meta":{"_monsterinsights_skip_tracking":false,"_monsterinsights_sitenote_active":false,"_monsterinsights_sitenote_note":"","_monsterinsights_sitenote_category":0},"product_brand":[],"product_cat":[1404,829,1068,855],"product_tag":[1375,1374],"class_list":{"0":"post-42185","1":"product","2":"type-product","3":"status-publish","4":"has-post-thumbnail","6":"product_cat-esteira-colchao","7":"product_cat-marcas","8":"product_cat-outdoor","9":"product_cat-sturm-mil-tec","10":"product_tag-colchao","11":"product_tag-esteira","13":"first","14":"onbackorder","15":"shipping-taxable","16":"purchasable","17":"product-type-variable"},"aioseo_notices":[],"jetpack_sharing_enabled":true,"_links":{"self":[{"href":"https:\/\/milicia-pro.com\/index.php\/wp-json\/wp\/v2\/product\/42185","targetHints":{"allow":["GET"]}}],"collection":[{"href":"https:\/\/milicia-pro.com\/index.php\/wp-json\/wp\/v2\/product"}],"about":[{"href":"https:\/\/milicia-pro.com\/index.php\/wp-json\/wp\/v2\/types\/product"}],"replies":[{"embeddable":true,"href":"https:\/\/milicia-pro.com\/index.php\/wp-json\/wp\/v2\/comments?post=42185"}],"wp:featuredmedia":[{"embeddable":true,"href":"https:\/\/milicia-pro.com\/index.php\/wp-json\/wp\/v2\/media\/42187"}],"wp:attachment":[{"href":"https:\/\/milicia-pro.com\/index.php\/wp-json\/wp\/v2\/media?parent=42185"}],"wp:term":[{"taxonomy":"product_brand","embeddable":true,"href":"https:\/\/milicia-pro.com\/index.php\/wp-json\/wp\/v2\/product_brand?post=42185"},{"taxonomy":"product_cat","embeddable":true,"href":"https:\/\/milicia-pro.com\/index.php\/wp-json\/wp\/v2\/product_cat?post=42185"},{"taxonomy":"product_tag","embeddable":true,"href":"https:\/\/milicia-pro.com\/index.php\/wp-json\/wp\/v2\/product_tag?post=42185"}],"curies":[{"name":"wp","href":"https:\/\/api.w.org\/{rel}","templated":true}]}}