{"id":42159,"date":"2025-04-02T10:09:49","date_gmt":"2025-04-02T10:09:49","guid":{"rendered":"https:\/\/milicia-pro.com\/?post_type=product&#038;p=42159"},"modified":"2025-06-05T11:08:13","modified_gmt":"2025-06-05T11:08:13","slug":"saco-de-transporte-a-prova-de-agua-50-litros","status":"publish","type":"product","link":"https:\/\/milicia-pro.com\/index.php\/product\/saco-de-transporte-a-prova-de-agua-50-litros\/","title":{"rendered":"SACO DE TRANSPORTE \u00c0 PROVA DE \u00c1GUA 50 LITROS"},"content":{"rendered":"<p>75% cloreto de polivinila, 25% poli\u00e9ster<br \/>\nCorreia: 100% nylon<br \/>\nCapacidade: 50 litros<br \/>\nDimens\u00f5es: 73 x 33 cm<\/p>\n<p>&#8211; Extremamente resistente \u00e0 abras\u00e3o e ao rasgo<br \/>\n&#8211; O fecho roll-top permite o encerramento \u00e0 prova d&#8217;\u00e1gua<br \/>\n&#8211; A fivela de fecho com argolas em D facilita o travamento ou a abertura<\/p>\n","protected":false},"excerpt":{"rendered":"<p>75% cloreto de polivinila, 25% poli\u00e9ster Correia: 100% nylon Capacidade: 50 litros Dimens\u00f5es: 73 x 33 cm &#8211; Extremamente resistente \u00e0 abras\u00e3o e ao rasgo &#8211; O fecho roll-top permite o encerramento \u00e0 prova d&#8217;\u00e1gua &#8211; A fivela de fecho com argolas em D facilita o travamento ou a abertura<\/p>\n","protected":false},"featured_media":42160,"comment_status":"open","ping_status":"closed","template":"","meta":{"_monsterinsights_skip_tracking":false,"_monsterinsights_sitenote_active":false,"_monsterinsights_sitenote_note":"","_monsterinsights_sitenote_category":0},"product_brand":[],"product_cat":[1107,829,1467,855],"product_tag":[80,724,296],"class_list":{"0":"post-42159","1":"product","2":"type-product","3":"status-publish","4":"has-post-thumbnail","6":"product_cat-bolsas","7":"product_cat-marcas","8":"product_cat-mochilas-bolsas","9":"product_cat-sturm-mil-tec","10":"product_tag-bolsa","11":"product_tag-impermeavel","12":"product_tag-saco","14":"first","15":"instock","16":"shipping-taxable","17":"purchasable","18":"product-type-variable"},"aioseo_notices":[],"jetpack_sharing_enabled":true,"_links":{"self":[{"href":"https:\/\/milicia-pro.com\/index.php\/wp-json\/wp\/v2\/product\/42159","targetHints":{"allow":["GET"]}}],"collection":[{"href":"https:\/\/milicia-pro.com\/index.php\/wp-json\/wp\/v2\/product"}],"about":[{"href":"https:\/\/milicia-pro.com\/index.php\/wp-json\/wp\/v2\/types\/product"}],"replies":[{"embeddable":true,"href":"https:\/\/milicia-pro.com\/index.php\/wp-json\/wp\/v2\/comments?post=42159"}],"wp:featuredmedia":[{"embeddable":true,"href":"https:\/\/milicia-pro.com\/index.php\/wp-json\/wp\/v2\/media\/42160"}],"wp:attachment":[{"href":"https:\/\/milicia-pro.com\/index.php\/wp-json\/wp\/v2\/media?parent=42159"}],"wp:term":[{"taxonomy":"product_brand","embeddable":true,"href":"https:\/\/milicia-pro.com\/index.php\/wp-json\/wp\/v2\/product_brand?post=42159"},{"taxonomy":"product_cat","embeddable":true,"href":"https:\/\/milicia-pro.com\/index.php\/wp-json\/wp\/v2\/product_cat?post=42159"},{"taxonomy":"product_tag","embeddable":true,"href":"https:\/\/milicia-pro.com\/index.php\/wp-json\/wp\/v2\/product_tag?post=42159"}],"curies":[{"name":"wp","href":"https:\/\/api.w.org\/{rel}","templated":true}]}}