{"id":42156,"date":"2025-04-02T10:02:44","date_gmt":"2025-04-02T10:02:44","guid":{"rendered":"https:\/\/milicia-pro.com\/?post_type=product&#038;p=42156"},"modified":"2025-06-05T11:08:39","modified_gmt":"2025-06-05T11:08:39","slug":"saco-de-viagem-100-poliester-77x36x26cm","status":"publish","type":"product","link":"https:\/\/milicia-pro.com\/index.php\/product\/saco-de-viagem-100-poliester-77x36x26cm\/","title":{"rendered":"SACO DE VIAGEM 100% POLIESTER 77X36X26CM"},"content":{"rendered":"<p>Material externo: 100% poli\u00e9ster, revestido com cloreto de polivinila, repelente de \u00e1gua<br \/>\nPiso: 100% cloreto de polivinila<br \/>\nDimens\u00f5es: 77 x 36 x 26 cm<\/p>\n<p>Este saco \u00e9 dois em um, mala de viagem e mochila.<\/p>\n<p>&#8211; 2 bolsos externos<br \/>\n&#8211; Bolso com z\u00edper com bolso deslizante para etiqueta de nome<br \/>\n&#8211; 2 bolsos internos com Velcro<\/p>\n","protected":false},"excerpt":{"rendered":"<p>Material externo: 100% poli\u00e9ster, revestido com cloreto de polivinila, repelente de \u00e1gua Piso: 100% cloreto de polivinila Dimens\u00f5es: 77 x 36 x 26 cm Este saco \u00e9 dois em um, mala de viagem e mochila. &#8211; 2 bolsos externos &#8211; Bolso com z\u00edper com bolso deslizante para etiqueta de nome &#8211; 2 bolsos internos com [&#8230;]\n","protected":false},"featured_media":42158,"comment_status":"open","ping_status":"closed","template":"","meta":{"_monsterinsights_skip_tracking":false,"_monsterinsights_sitenote_active":false,"_monsterinsights_sitenote_note":"","_monsterinsights_sitenote_category":0},"product_brand":[],"product_cat":[1341,829,1467,855],"product_tag":[205,296],"class_list":{"0":"post-42156","1":"product","2":"type-product","3":"status-publish","4":"has-post-thumbnail","6":"product_cat-mala","7":"product_cat-marcas","8":"product_cat-mochilas-bolsas","9":"product_cat-sturm-mil-tec","10":"product_tag-mala","11":"product_tag-saco","13":"first","14":"onbackorder","15":"shipping-taxable","16":"purchasable","17":"product-type-variable"},"aioseo_notices":[],"jetpack_sharing_enabled":true,"_links":{"self":[{"href":"https:\/\/milicia-pro.com\/index.php\/wp-json\/wp\/v2\/product\/42156","targetHints":{"allow":["GET"]}}],"collection":[{"href":"https:\/\/milicia-pro.com\/index.php\/wp-json\/wp\/v2\/product"}],"about":[{"href":"https:\/\/milicia-pro.com\/index.php\/wp-json\/wp\/v2\/types\/product"}],"replies":[{"embeddable":true,"href":"https:\/\/milicia-pro.com\/index.php\/wp-json\/wp\/v2\/comments?post=42156"}],"wp:featuredmedia":[{"embeddable":true,"href":"https:\/\/milicia-pro.com\/index.php\/wp-json\/wp\/v2\/media\/42158"}],"wp:attachment":[{"href":"https:\/\/milicia-pro.com\/index.php\/wp-json\/wp\/v2\/media?parent=42156"}],"wp:term":[{"taxonomy":"product_brand","embeddable":true,"href":"https:\/\/milicia-pro.com\/index.php\/wp-json\/wp\/v2\/product_brand?post=42156"},{"taxonomy":"product_cat","embeddable":true,"href":"https:\/\/milicia-pro.com\/index.php\/wp-json\/wp\/v2\/product_cat?post=42156"},{"taxonomy":"product_tag","embeddable":true,"href":"https:\/\/milicia-pro.com\/index.php\/wp-json\/wp\/v2\/product_tag?post=42156"}],"curies":[{"name":"wp","href":"https:\/\/api.w.org\/{rel}","templated":true}]}}