{"id":42152,"date":"2025-04-02T09:57:44","date_gmt":"2025-04-02T09:57:44","guid":{"rendered":"https:\/\/milicia-pro.com\/?post_type=product&#038;p=42152"},"modified":"2025-07-15T17:29:42","modified_gmt":"2025-07-15T17:29:42","slug":"colete-porta-carregadores-de-espingarda","status":"publish","type":"product","link":"https:\/\/milicia-pro.com\/index.php\/product\/colete-porta-carregadores-de-espingarda\/","title":{"rendered":"COLETE PORTA CARREGADORES DE ESPINGARDA"},"content":{"rendered":"<p>100% poli\u00e9ster, revestido com cloreto de polivinilo<\/p>\n<p>&#8211; Equipamento de peito simples com 4 carregadores grandes (AK47 poss\u00edveis) e 2 bolsas de carregador pequenas para carregadores de pistola<br \/>\n&#8211; Al\u00e7as de ombro ajust\u00e1veis em comprimento<br \/>\n&#8211; V\u00e1rios an\u00e9is em D<\/p>\n","protected":false},"excerpt":{"rendered":"<p>100% poli\u00e9ster, revestido com cloreto de polivinilo &#8211; Equipamento de peito simples com 4 carregadores grandes (AK47 poss\u00edveis) e 2 bolsas de carregador pequenas para carregadores de pistola &#8211; Al\u00e7as de ombro ajust\u00e1veis em comprimento &#8211; V\u00e1rios an\u00e9is em D<\/p>\n","protected":false},"featured_media":42154,"comment_status":"open","ping_status":"closed","template":"","meta":{"_monsterinsights_skip_tracking":false,"_monsterinsights_sitenote_active":false,"_monsterinsights_sitenote_note":"","_monsterinsights_sitenote_category":0},"product_brand":[],"product_cat":[1064,829,1086,855],"product_tag":[123,255],"class_list":{"0":"post-42152","1":"product","2":"type-product","3":"status-publish","4":"has-post-thumbnail","6":"product_cat-equipamentotatico","7":"product_cat-marcas","8":"product_cat-portacarregador","9":"product_cat-sturm-mil-tec","10":"product_tag-colete","11":"product_tag-porta-carregador","13":"first","14":"instock","15":"shipping-taxable","16":"purchasable","17":"product-type-variable"},"aioseo_notices":[],"jetpack_sharing_enabled":true,"_links":{"self":[{"href":"https:\/\/milicia-pro.com\/index.php\/wp-json\/wp\/v2\/product\/42152","targetHints":{"allow":["GET"]}}],"collection":[{"href":"https:\/\/milicia-pro.com\/index.php\/wp-json\/wp\/v2\/product"}],"about":[{"href":"https:\/\/milicia-pro.com\/index.php\/wp-json\/wp\/v2\/types\/product"}],"replies":[{"embeddable":true,"href":"https:\/\/milicia-pro.com\/index.php\/wp-json\/wp\/v2\/comments?post=42152"}],"wp:featuredmedia":[{"embeddable":true,"href":"https:\/\/milicia-pro.com\/index.php\/wp-json\/wp\/v2\/media\/42154"}],"wp:attachment":[{"href":"https:\/\/milicia-pro.com\/index.php\/wp-json\/wp\/v2\/media?parent=42152"}],"wp:term":[{"taxonomy":"product_brand","embeddable":true,"href":"https:\/\/milicia-pro.com\/index.php\/wp-json\/wp\/v2\/product_brand?post=42152"},{"taxonomy":"product_cat","embeddable":true,"href":"https:\/\/milicia-pro.com\/index.php\/wp-json\/wp\/v2\/product_cat?post=42152"},{"taxonomy":"product_tag","embeddable":true,"href":"https:\/\/milicia-pro.com\/index.php\/wp-json\/wp\/v2\/product_tag?post=42152"}],"curies":[{"name":"wp","href":"https:\/\/api.w.org\/{rel}","templated":true}]}}