{"id":42136,"date":"2025-04-02T09:36:13","date_gmt":"2025-04-02T09:36:13","guid":{"rendered":"https:\/\/milicia-pro.com\/?post_type=product&#038;p=42136"},"modified":"2025-04-02T09:36:40","modified_gmt":"2025-04-02T09:36:40","slug":"cinturao-lc2-furos-55mm-c-fecho-em-plastico-ajustavel-ate-120cm","status":"publish","type":"product","link":"https:\/\/milicia-pro.com\/index.php\/product\/cinturao-lc2-furos-55mm-c-fecho-em-plastico-ajustavel-ate-120cm\/","title":{"rendered":"CINTUR\u00c3O LC2 FUROS 55MM C\/ FECHO EM PL\u00c1STICO AJUST\u00c1VEL AT\u00c9 120CM"},"content":{"rendered":"<ul>\n<li>100% polipropileno<\/li>\n<li>Fechamento: 100% polioximetil<\/li>\n<li>Largura: 5,5 cm<\/li>\n<li>comprimento m\u00e9dio: 110 cm<\/li>\n<li>comprimento Grande: 120 cm-Fecho de libera\u00e7\u00e3o r\u00e1pida<br \/>\n&#8211; Ajust\u00e1vel individualmente<\/li>\n<\/ul>\n","protected":false},"excerpt":{"rendered":"<p>100% polipropileno Fechamento: 100% polioximetil Largura: 5,5 cm comprimento m\u00e9dio: 110 cm comprimento Grande: 120 cm-Fecho de libera\u00e7\u00e3o r\u00e1pida &#8211; Ajust\u00e1vel individualmente<\/p>\n","protected":false},"featured_media":42138,"comment_status":"open","ping_status":"closed","template":"","meta":{"_monsterinsights_skip_tracking":false,"_monsterinsights_sitenote_active":false,"_monsterinsights_sitenote_note":"","_monsterinsights_sitenote_category":0},"product_brand":[],"product_cat":[1153,829,855,1063],"product_tag":[116,118],"class_list":{"0":"post-42136","1":"product","2":"type-product","3":"status-publish","4":"has-post-thumbnail","6":"product_cat-cinto","7":"product_cat-marcas","8":"product_cat-sturm-mil-tec","9":"product_cat-vestuario","10":"product_tag-cinto","11":"product_tag-cinturao","13":"first","14":"instock","15":"shipping-taxable","16":"purchasable","17":"product-type-variable"},"aioseo_notices":[],"jetpack_sharing_enabled":true,"_links":{"self":[{"href":"https:\/\/milicia-pro.com\/index.php\/wp-json\/wp\/v2\/product\/42136","targetHints":{"allow":["GET"]}}],"collection":[{"href":"https:\/\/milicia-pro.com\/index.php\/wp-json\/wp\/v2\/product"}],"about":[{"href":"https:\/\/milicia-pro.com\/index.php\/wp-json\/wp\/v2\/types\/product"}],"replies":[{"embeddable":true,"href":"https:\/\/milicia-pro.com\/index.php\/wp-json\/wp\/v2\/comments?post=42136"}],"wp:featuredmedia":[{"embeddable":true,"href":"https:\/\/milicia-pro.com\/index.php\/wp-json\/wp\/v2\/media\/42138"}],"wp:attachment":[{"href":"https:\/\/milicia-pro.com\/index.php\/wp-json\/wp\/v2\/media?parent=42136"}],"wp:term":[{"taxonomy":"product_brand","embeddable":true,"href":"https:\/\/milicia-pro.com\/index.php\/wp-json\/wp\/v2\/product_brand?post=42136"},{"taxonomy":"product_cat","embeddable":true,"href":"https:\/\/milicia-pro.com\/index.php\/wp-json\/wp\/v2\/product_cat?post=42136"},{"taxonomy":"product_tag","embeddable":true,"href":"https:\/\/milicia-pro.com\/index.php\/wp-json\/wp\/v2\/product_tag?post=42136"}],"curies":[{"name":"wp","href":"https:\/\/api.w.org\/{rel}","templated":true}]}}