{"id":42133,"date":"2025-04-02T09:14:38","date_gmt":"2025-04-02T09:14:38","guid":{"rendered":"https:\/\/milicia-pro.com\/?post_type=product&#038;p=42133"},"modified":"2025-04-02T09:14:38","modified_gmt":"2025-04-02T09:14:38","slug":"cinto-bdu-45mm-ajustavel-ate-115cm","status":"publish","type":"product","link":"https:\/\/milicia-pro.com\/index.php\/product\/cinto-bdu-45mm-ajustavel-ate-115cm\/","title":{"rendered":"CINTO BDU 45MM AJUST\u00c1VEL AT\u00c9 115CM"},"content":{"rendered":"<ul>\n<li>100% poli\u00e9ster<\/li>\n<li>Fivela em material pl\u00e1stico<\/li>\n<li>Largura: 4,5 cm<\/li>\n<li>Comprimento: 118 cm\n<p>&#8211; Ajust\u00e1vel individualmente<br \/>\n&#8211; Com este cinto voc\u00ea pode passar por qualquer detetor de metais<\/li>\n<\/ul>\n","protected":false},"excerpt":{"rendered":"<p>100% poli\u00e9ster Fivela em material pl\u00e1stico Largura: 4,5 cm Comprimento: 118 cm &#8211; Ajust\u00e1vel individualmente &#8211; Com este cinto voc\u00ea pode passar por qualquer detetor de metais<\/p>\n","protected":false},"featured_media":42135,"comment_status":"open","ping_status":"closed","template":"","meta":{"_monsterinsights_skip_tracking":false,"_monsterinsights_sitenote_active":false,"_monsterinsights_sitenote_note":"","_monsterinsights_sitenote_category":0},"product_brand":[],"product_cat":[1153,829,855,1063],"product_tag":[116],"class_list":{"0":"post-42133","1":"product","2":"type-product","3":"status-publish","4":"has-post-thumbnail","6":"product_cat-cinto","7":"product_cat-marcas","8":"product_cat-sturm-mil-tec","9":"product_cat-vestuario","10":"product_tag-cinto","12":"first","13":"instock","14":"shipping-taxable","15":"purchasable","16":"product-type-variable"},"aioseo_notices":[],"jetpack_sharing_enabled":true,"_links":{"self":[{"href":"https:\/\/milicia-pro.com\/index.php\/wp-json\/wp\/v2\/product\/42133","targetHints":{"allow":["GET"]}}],"collection":[{"href":"https:\/\/milicia-pro.com\/index.php\/wp-json\/wp\/v2\/product"}],"about":[{"href":"https:\/\/milicia-pro.com\/index.php\/wp-json\/wp\/v2\/types\/product"}],"replies":[{"embeddable":true,"href":"https:\/\/milicia-pro.com\/index.php\/wp-json\/wp\/v2\/comments?post=42133"}],"wp:featuredmedia":[{"embeddable":true,"href":"https:\/\/milicia-pro.com\/index.php\/wp-json\/wp\/v2\/media\/42135"}],"wp:attachment":[{"href":"https:\/\/milicia-pro.com\/index.php\/wp-json\/wp\/v2\/media?parent=42133"}],"wp:term":[{"taxonomy":"product_brand","embeddable":true,"href":"https:\/\/milicia-pro.com\/index.php\/wp-json\/wp\/v2\/product_brand?post=42133"},{"taxonomy":"product_cat","embeddable":true,"href":"https:\/\/milicia-pro.com\/index.php\/wp-json\/wp\/v2\/product_cat?post=42133"},{"taxonomy":"product_tag","embeddable":true,"href":"https:\/\/milicia-pro.com\/index.php\/wp-json\/wp\/v2\/product_tag?post=42133"}],"curies":[{"name":"wp","href":"https:\/\/api.w.org\/{rel}","templated":true}]}}