{"id":42120,"date":"2025-04-01T17:52:42","date_gmt":"2025-04-01T17:52:42","guid":{"rendered":"https:\/\/milicia-pro.com\/?post_type=product&#038;p=42120"},"modified":"2025-06-05T13:40:29","modified_gmt":"2025-06-05T13:40:29","slug":"shemagh-100-algodao-110x110cm","status":"publish","type":"product","link":"https:\/\/milicia-pro.com\/index.php\/product\/shemagh-100-algodao-110x110cm\/","title":{"rendered":"SHEMAGH 100% ALGOD\u00c3O 110X110CM"},"content":{"rendered":"<p>100% algod\u00e3o<br \/>\nDimens\u00f5es: 110 x 110 cm<\/p>\n<p>&#8211; Equipamento multifuncional<br \/>\n&#8211; Pode ser usado como len\u00e7o, camuflagem facial ou len\u00e7o de cabe\u00e7a<\/p>\n","protected":false},"excerpt":{"rendered":"<p>100% algod\u00e3o Dimens\u00f5es: 110 x 110 cm &#8211; Equipamento multifuncional &#8211; Pode ser usado como len\u00e7o, camuflagem facial ou len\u00e7o de cabe\u00e7a<\/p>\n","protected":false},"featured_media":42121,"comment_status":"open","ping_status":"closed","template":"","meta":{"_monsterinsights_skip_tracking":false,"_monsterinsights_sitenote_active":false,"_monsterinsights_sitenote_note":"","_monsterinsights_sitenote_category":0},"product_brand":[],"product_cat":[1205,829,855,1063],"product_tag":[1203,1207],"class_list":{"0":"post-42120","1":"product","2":"type-product","3":"status-publish","4":"has-post-thumbnail","6":"product_cat-lenco-shemagh","7":"product_cat-marcas","8":"product_cat-sturm-mil-tec","9":"product_cat-vestuario","10":"product_tag-lenco","11":"product_tag-shemagh","13":"first","14":"instock","15":"shipping-taxable","16":"purchasable","17":"product-type-variable"},"aioseo_notices":[],"jetpack_sharing_enabled":true,"_links":{"self":[{"href":"https:\/\/milicia-pro.com\/index.php\/wp-json\/wp\/v2\/product\/42120","targetHints":{"allow":["GET"]}}],"collection":[{"href":"https:\/\/milicia-pro.com\/index.php\/wp-json\/wp\/v2\/product"}],"about":[{"href":"https:\/\/milicia-pro.com\/index.php\/wp-json\/wp\/v2\/types\/product"}],"replies":[{"embeddable":true,"href":"https:\/\/milicia-pro.com\/index.php\/wp-json\/wp\/v2\/comments?post=42120"}],"wp:featuredmedia":[{"embeddable":true,"href":"https:\/\/milicia-pro.com\/index.php\/wp-json\/wp\/v2\/media\/42121"}],"wp:attachment":[{"href":"https:\/\/milicia-pro.com\/index.php\/wp-json\/wp\/v2\/media?parent=42120"}],"wp:term":[{"taxonomy":"product_brand","embeddable":true,"href":"https:\/\/milicia-pro.com\/index.php\/wp-json\/wp\/v2\/product_brand?post=42120"},{"taxonomy":"product_cat","embeddable":true,"href":"https:\/\/milicia-pro.com\/index.php\/wp-json\/wp\/v2\/product_cat?post=42120"},{"taxonomy":"product_tag","embeddable":true,"href":"https:\/\/milicia-pro.com\/index.php\/wp-json\/wp\/v2\/product_tag?post=42120"}],"curies":[{"name":"wp","href":"https:\/\/api.w.org\/{rel}","templated":true}]}}