{"id":42112,"date":"2025-04-01T17:39:49","date_gmt":"2025-04-01T17:39:49","guid":{"rendered":"https:\/\/milicia-pro.com\/?post_type=product&#038;p=42112"},"modified":"2025-04-01T17:40:39","modified_gmt":"2025-04-01T17:40:39","slug":"rede-camuflagem-sniper-anti-fogo-p-cobrir-c-bolsa-de-transporte-140x100cm","status":"publish","type":"product","link":"https:\/\/milicia-pro.com\/index.php\/product\/rede-camuflagem-sniper-anti-fogo-p-cobrir-c-bolsa-de-transporte-140x100cm\/","title":{"rendered":"REDE CAMUFLAGEM SNIPER ANTI-FOGO P\/COBRIR C\/BOLSA DE TRANSPORTE 140X100CM"},"content":{"rendered":"<p>100% poli\u00e9ster<br \/>\nBolsa de transporte: 100% poli\u00e9ster<br \/>\nDimens\u00f5es: 140 x 100 cm<br \/>\nPeso: 0,475 kg<\/p>\n<p>&#8211; Tratamento retardador de fogo<br \/>\n&#8211; Inclui bolsa de transporte<\/p>\n","protected":false},"excerpt":{"rendered":"<p>100% poli\u00e9ster Bolsa de transporte: 100% poli\u00e9ster Dimens\u00f5es: 140 x 100 cm Peso: 0,475 kg &#8211; Tratamento retardador de fogo &#8211; Inclui bolsa de transporte<\/p>\n","protected":false},"featured_media":42114,"comment_status":"open","ping_status":"closed","template":"","meta":{"_monsterinsights_skip_tracking":false,"_monsterinsights_sitenote_active":false,"_monsterinsights_sitenote_note":"","_monsterinsights_sitenote_category":0},"product_brand":[],"product_cat":[1089,1064,829,855],"product_tag":[1372,961,738,1371],"class_list":{"0":"post-42112","1":"product","2":"type-product","3":"status-publish","4":"has-post-thumbnail","6":"product_cat-camuflagem","7":"product_cat-equipamentotatico","8":"product_cat-marcas","9":"product_cat-sturm-mil-tec","10":"product_tag-anti-fogo","11":"product_tag-camuflagem","12":"product_tag-rede","13":"product_tag-sniper","15":"first","16":"onbackorder","17":"shipping-taxable","18":"purchasable","19":"product-type-variable"},"aioseo_notices":[],"jetpack_sharing_enabled":true,"_links":{"self":[{"href":"https:\/\/milicia-pro.com\/index.php\/wp-json\/wp\/v2\/product\/42112","targetHints":{"allow":["GET"]}}],"collection":[{"href":"https:\/\/milicia-pro.com\/index.php\/wp-json\/wp\/v2\/product"}],"about":[{"href":"https:\/\/milicia-pro.com\/index.php\/wp-json\/wp\/v2\/types\/product"}],"replies":[{"embeddable":true,"href":"https:\/\/milicia-pro.com\/index.php\/wp-json\/wp\/v2\/comments?post=42112"}],"wp:featuredmedia":[{"embeddable":true,"href":"https:\/\/milicia-pro.com\/index.php\/wp-json\/wp\/v2\/media\/42114"}],"wp:attachment":[{"href":"https:\/\/milicia-pro.com\/index.php\/wp-json\/wp\/v2\/media?parent=42112"}],"wp:term":[{"taxonomy":"product_brand","embeddable":true,"href":"https:\/\/milicia-pro.com\/index.php\/wp-json\/wp\/v2\/product_brand?post=42112"},{"taxonomy":"product_cat","embeddable":true,"href":"https:\/\/milicia-pro.com\/index.php\/wp-json\/wp\/v2\/product_cat?post=42112"},{"taxonomy":"product_tag","embeddable":true,"href":"https:\/\/milicia-pro.com\/index.php\/wp-json\/wp\/v2\/product_tag?post=42112"}],"curies":[{"name":"wp","href":"https:\/\/api.w.org\/{rel}","templated":true}]}}