{"id":41964,"date":"2025-03-11T14:39:51","date_gmt":"2025-03-11T14:39:51","guid":{"rendered":"https:\/\/milicia-pro.com\/?post_type=product&#038;p=41964"},"modified":"2025-06-05T08:34:43","modified_gmt":"2025-06-05T08:34:43","slug":"porta-blocos-pequeno","status":"publish","type":"product","link":"https:\/\/milicia-pro.com\/index.php\/product\/porta-blocos-pequeno\/","title":{"rendered":"PORTA BLOCOS PEQUENO"},"content":{"rendered":"<p>100% poli\u00e9ster, policloreto de vinilo revestido<br \/>\nDimens\u00f5es fechadas: 14 x 1 x 16 cm<br \/>\nDimens\u00f5es abertas: 14 x 0,5 x 33 cm<\/p>\n<p>&#8211; Com 2 porta-canetas e 2 compartimentos adicionais no exterior<br \/>\n&#8211; 2 compartimentos interiores<br \/>\n&#8211; Adequado para bloco de notas em formato A6<\/p>\n","protected":false},"excerpt":{"rendered":"<p>100% poli\u00e9ster, policloreto de vinilo revestido Dimens\u00f5es fechadas: 14 x 1 x 16 cm Dimens\u00f5es abertas: 14 x 0,5 x 33 cm &#8211; Com 2 porta-canetas e 2 compartimentos adicionais no exterior &#8211; 2 compartimentos interiores &#8211; Adequado para bloco de notas em formato A6<\/p>\n","protected":false},"featured_media":41966,"comment_status":"open","ping_status":"closed","template":"","meta":{"_monsterinsights_skip_tracking":false,"_monsterinsights_sitenote_active":false,"_monsterinsights_sitenote_note":"","_monsterinsights_sitenote_category":0},"product_brand":[],"product_cat":[1454,1064,829,855],"product_tag":[251],"class_list":{"0":"post-41964","1":"product","2":"type-product","3":"status-publish","4":"has-post-thumbnail","6":"product_cat-acessorios-equipamentotatico","7":"product_cat-equipamentotatico","8":"product_cat-marcas","9":"product_cat-sturm-mil-tec","10":"product_tag-porta-bloco-notas","12":"first","13":"instock","14":"shipping-taxable","15":"purchasable","16":"product-type-variable"},"aioseo_notices":[],"jetpack_sharing_enabled":true,"_links":{"self":[{"href":"https:\/\/milicia-pro.com\/index.php\/wp-json\/wp\/v2\/product\/41964","targetHints":{"allow":["GET"]}}],"collection":[{"href":"https:\/\/milicia-pro.com\/index.php\/wp-json\/wp\/v2\/product"}],"about":[{"href":"https:\/\/milicia-pro.com\/index.php\/wp-json\/wp\/v2\/types\/product"}],"replies":[{"embeddable":true,"href":"https:\/\/milicia-pro.com\/index.php\/wp-json\/wp\/v2\/comments?post=41964"}],"wp:featuredmedia":[{"embeddable":true,"href":"https:\/\/milicia-pro.com\/index.php\/wp-json\/wp\/v2\/media\/41966"}],"wp:attachment":[{"href":"https:\/\/milicia-pro.com\/index.php\/wp-json\/wp\/v2\/media?parent=41964"}],"wp:term":[{"taxonomy":"product_brand","embeddable":true,"href":"https:\/\/milicia-pro.com\/index.php\/wp-json\/wp\/v2\/product_brand?post=41964"},{"taxonomy":"product_cat","embeddable":true,"href":"https:\/\/milicia-pro.com\/index.php\/wp-json\/wp\/v2\/product_cat?post=41964"},{"taxonomy":"product_tag","embeddable":true,"href":"https:\/\/milicia-pro.com\/index.php\/wp-json\/wp\/v2\/product_tag?post=41964"}],"curies":[{"name":"wp","href":"https:\/\/api.w.org\/{rel}","templated":true}]}}