{"id":41825,"date":"2025-02-21T17:31:33","date_gmt":"2025-02-21T17:31:33","guid":{"rendered":"https:\/\/milicia-pro.com\/?post_type=product&#038;p=41825"},"modified":"2026-01-23T18:25:23","modified_gmt":"2026-01-23T18:25:23","slug":"saco-chourico-100-algodao-105x60cm-125x75cm","status":"publish","type":"product","link":"https:\/\/milicia-pro.com\/index.php\/product\/saco-chourico-100-algodao-105x60cm-125x75cm\/","title":{"rendered":"SACO CHOURI\u00c7O 100% ALGOD\u00c3O 105X60CM -125X75CM"},"content":{"rendered":"<p>Mochila vers\u00e1til com espa\u00e7o de armazenamento suficiente.<br \/>\n-Al\u00e7a de ombro<br \/>\n-Al\u00e7a de transporte<\/p>\n<p>100% algod\u00e3o<br \/>\nAl\u00e7a de transporte: 80% algod\u00e3o, 20% poli\u00e9ster<br \/>\nDimens\u00f5es: 105 x 60 cm<\/p>\n<p>Dimens\u00f5es : 125 x 75 cm<\/p>\n","protected":false},"excerpt":{"rendered":"<p>Mochila vers\u00e1til com espa\u00e7o de armazenamento suficiente. -Al\u00e7a de ombro -Al\u00e7a de transporte 100% algod\u00e3o Al\u00e7a de transporte: 80% algod\u00e3o, 20% poli\u00e9ster Dimens\u00f5es: 105 x 60 cm Dimens\u00f5es : 125 x 75 cm<\/p>\n","protected":false},"featured_media":41827,"comment_status":"open","ping_status":"closed","template":"","meta":{"_monsterinsights_skip_tracking":false,"_monsterinsights_sitenote_active":false,"_monsterinsights_sitenote_note":"","_monsterinsights_sitenote_category":0},"product_brand":[],"product_cat":[829,1467,1111,855],"product_tag":[857,215,296,741],"class_list":{"0":"post-41825","1":"product","2":"type-product","3":"status-publish","4":"has-post-thumbnail","6":"product_cat-marcas","7":"product_cat-mochilas-bolsas","8":"product_cat-saco-militar","9":"product_cat-sturm-mil-tec","10":"product_tag-militar","11":"product_tag-mochila","12":"product_tag-saco","13":"product_tag-transporte","15":"first","16":"instock","17":"shipping-taxable","18":"purchasable","19":"product-type-variable"},"aioseo_notices":[],"jetpack_sharing_enabled":true,"_links":{"self":[{"href":"https:\/\/milicia-pro.com\/index.php\/wp-json\/wp\/v2\/product\/41825","targetHints":{"allow":["GET"]}}],"collection":[{"href":"https:\/\/milicia-pro.com\/index.php\/wp-json\/wp\/v2\/product"}],"about":[{"href":"https:\/\/milicia-pro.com\/index.php\/wp-json\/wp\/v2\/types\/product"}],"replies":[{"embeddable":true,"href":"https:\/\/milicia-pro.com\/index.php\/wp-json\/wp\/v2\/comments?post=41825"}],"wp:featuredmedia":[{"embeddable":true,"href":"https:\/\/milicia-pro.com\/index.php\/wp-json\/wp\/v2\/media\/41827"}],"wp:attachment":[{"href":"https:\/\/milicia-pro.com\/index.php\/wp-json\/wp\/v2\/media?parent=41825"}],"wp:term":[{"taxonomy":"product_brand","embeddable":true,"href":"https:\/\/milicia-pro.com\/index.php\/wp-json\/wp\/v2\/product_brand?post=41825"},{"taxonomy":"product_cat","embeddable":true,"href":"https:\/\/milicia-pro.com\/index.php\/wp-json\/wp\/v2\/product_cat?post=41825"},{"taxonomy":"product_tag","embeddable":true,"href":"https:\/\/milicia-pro.com\/index.php\/wp-json\/wp\/v2\/product_tag?post=41825"}],"curies":[{"name":"wp","href":"https:\/\/api.w.org\/{rel}","templated":true}]}}