{"id":41737,"date":"2025-01-23T18:09:07","date_gmt":"2025-01-23T18:09:07","guid":{"rendered":"https:\/\/milicia-pro.com\/?post_type=product&#038;p=41737"},"modified":"2025-06-05T15:29:53","modified_gmt":"2025-06-05T15:29:53","slug":"kit-de-sobrevivencia-parang","status":"publish","type":"product","link":"https:\/\/milicia-pro.com\/index.php\/product\/kit-de-sobrevivencia-parang\/","title":{"rendered":"KIT DE SOBREVIV\u00caNCIA PARANG"},"content":{"rendered":"<p>A caixa met\u00e1lica com o Kit Sobreviv\u00eancia Parang da Fox \u00e9 bem abastecida e cuidadosamente montada. O kit inclui todos os itens recomendados, incluindo apito, b\u00fassola, a\u00e7o de fogo, vela, la\u00e7o, uma pequena l\u00e2mina e muito mais.<\/p>\n","protected":false},"excerpt":{"rendered":"<p>A caixa met\u00e1lica com o Kit Sobreviv\u00eancia Parang da Fox \u00e9 bem abastecida e cuidadosamente montada. O kit inclui todos os itens recomendados, incluindo apito, b\u00fassola, a\u00e7o de fogo, vela, la\u00e7o, uma pequena l\u00e2mina e muito mais.<\/p>\n","protected":false},"featured_media":41739,"comment_status":"open","ping_status":"closed","template":"","meta":{"_monsterinsights_skip_tracking":false,"_monsterinsights_sitenote_active":false,"_monsterinsights_sitenote_note":"","_monsterinsights_sitenote_category":0},"product_brand":[],"product_cat":[1240,829,1068,1074],"product_tag":[185,306],"class_list":{"0":"post-41737","1":"product","2":"type-product","3":"status-publish","4":"has-post-thumbnail","6":"product_cat-fox-knives","7":"product_cat-marcas","8":"product_cat-outdoor","9":"product_cat-sobrevivencia","10":"product_tag-kit","11":"product_tag-sobrevivencia","13":"first","14":"instock","15":"shipping-taxable","16":"purchasable","17":"product-type-variable"},"aioseo_notices":[],"jetpack_sharing_enabled":true,"_links":{"self":[{"href":"https:\/\/milicia-pro.com\/index.php\/wp-json\/wp\/v2\/product\/41737","targetHints":{"allow":["GET"]}}],"collection":[{"href":"https:\/\/milicia-pro.com\/index.php\/wp-json\/wp\/v2\/product"}],"about":[{"href":"https:\/\/milicia-pro.com\/index.php\/wp-json\/wp\/v2\/types\/product"}],"replies":[{"embeddable":true,"href":"https:\/\/milicia-pro.com\/index.php\/wp-json\/wp\/v2\/comments?post=41737"}],"wp:featuredmedia":[{"embeddable":true,"href":"https:\/\/milicia-pro.com\/index.php\/wp-json\/wp\/v2\/media\/41739"}],"wp:attachment":[{"href":"https:\/\/milicia-pro.com\/index.php\/wp-json\/wp\/v2\/media?parent=41737"}],"wp:term":[{"taxonomy":"product_brand","embeddable":true,"href":"https:\/\/milicia-pro.com\/index.php\/wp-json\/wp\/v2\/product_brand?post=41737"},{"taxonomy":"product_cat","embeddable":true,"href":"https:\/\/milicia-pro.com\/index.php\/wp-json\/wp\/v2\/product_cat?post=41737"},{"taxonomy":"product_tag","embeddable":true,"href":"https:\/\/milicia-pro.com\/index.php\/wp-json\/wp\/v2\/product_tag?post=41737"}],"curies":[{"name":"wp","href":"https:\/\/api.w.org\/{rel}","templated":true}]}}