{"id":41722,"date":"2025-01-23T17:45:47","date_gmt":"2025-01-23T17:45:47","guid":{"rendered":"https:\/\/milicia-pro.com\/?post_type=product&#038;p=41722"},"modified":"2025-06-05T16:38:58","modified_gmt":"2025-06-05T16:38:58","slug":"conjunto-campismo-talherescopo","status":"publish","type":"product","link":"https:\/\/milicia-pro.com\/index.php\/product\/conjunto-campismo-talherescopo\/","title":{"rendered":"CONJUNTO CAMPISMO TALHERES+COPO"},"content":{"rendered":"<p>A FOX apresenta um copo de pl\u00e1stico para campismo, contendo no seu interior um conjunto de talheres &#8211; faca, garfo e colher em metal com cabo de pl\u00e1stico de cor vermelho.<\/p>\n<p>Os talheres acondicionam-se numa base de pl\u00e1stico de cor preta, a qual tem numa das extremidades um utensilio em metal com algumas as fun\u00e7\u00f5es necess\u00e1rias para abrir latas, abre c\u00e1psulas e perfurante.<\/p>\n<ul>\n<li>Comprimento total do conjunto \u2013 17cm<\/li>\n<li>Peso total \u2013 135gr<\/li>\n<\/ul>\n","protected":false},"excerpt":{"rendered":"<p>A FOX apresenta um copo de pl\u00e1stico para campismo, contendo no seu interior um conjunto de talheres &#8211; faca, garfo e colher em metal com cabo de pl\u00e1stico de cor vermelho. Os talheres acondicionam-se numa base de pl\u00e1stico de cor preta, a qual tem numa das extremidades um utensilio em metal com algumas as fun\u00e7\u00f5es [&#8230;]\n","protected":false},"featured_media":41728,"comment_status":"open","ping_status":"closed","template":"","meta":{"_monsterinsights_skip_tracking":false,"_monsterinsights_sitenote_active":false,"_monsterinsights_sitenote_note":"","_monsterinsights_sitenote_category":0},"product_brand":[],"product_cat":[1474,1240,829,1068],"product_tag":[970,744],"class_list":{"0":"post-41722","1":"product","2":"type-product","3":"status-publish","4":"has-post-thumbnail","6":"product_cat-alimentacao-acessorios","7":"product_cat-fox-knives","8":"product_cat-marcas","9":"product_cat-outdoor","10":"product_tag-acampamento","11":"product_tag-talheres","13":"first","14":"instock","15":"shipping-taxable","16":"purchasable","17":"product-type-variable"},"aioseo_notices":[],"jetpack_sharing_enabled":true,"_links":{"self":[{"href":"https:\/\/milicia-pro.com\/index.php\/wp-json\/wp\/v2\/product\/41722","targetHints":{"allow":["GET"]}}],"collection":[{"href":"https:\/\/milicia-pro.com\/index.php\/wp-json\/wp\/v2\/product"}],"about":[{"href":"https:\/\/milicia-pro.com\/index.php\/wp-json\/wp\/v2\/types\/product"}],"replies":[{"embeddable":true,"href":"https:\/\/milicia-pro.com\/index.php\/wp-json\/wp\/v2\/comments?post=41722"}],"wp:featuredmedia":[{"embeddable":true,"href":"https:\/\/milicia-pro.com\/index.php\/wp-json\/wp\/v2\/media\/41728"}],"wp:attachment":[{"href":"https:\/\/milicia-pro.com\/index.php\/wp-json\/wp\/v2\/media?parent=41722"}],"wp:term":[{"taxonomy":"product_brand","embeddable":true,"href":"https:\/\/milicia-pro.com\/index.php\/wp-json\/wp\/v2\/product_brand?post=41722"},{"taxonomy":"product_cat","embeddable":true,"href":"https:\/\/milicia-pro.com\/index.php\/wp-json\/wp\/v2\/product_cat?post=41722"},{"taxonomy":"product_tag","embeddable":true,"href":"https:\/\/milicia-pro.com\/index.php\/wp-json\/wp\/v2\/product_tag?post=41722"}],"curies":[{"name":"wp","href":"https:\/\/api.w.org\/{rel}","templated":true}]}}