{"id":41655,"date":"2024-12-19T16:36:52","date_gmt":"2024-12-19T16:36:52","guid":{"rendered":"https:\/\/milicia-pro.com\/?post_type=product&#038;p=41655"},"modified":"2025-09-24T17:01:18","modified_gmt":"2025-09-24T17:01:18","slug":"light-stick-12h-12","status":"publish","type":"product","link":"https:\/\/milicia-pro.com\/index.php\/product\/light-stick-12h-12\/","title":{"rendered":"LIGHT STICK 12H-12&#8243;"},"content":{"rendered":"<p><img loading=\"lazy\" decoding=\"async\" class=\"alignnone size-medium wp-image-41660\" src=\"https:\/\/milicia-pro.com\/wp-content\/uploads\/2024\/12\/BKH.75L212--297x300.png\" alt=\"\" width=\"297\" height=\"300\" srcset=\"https:\/\/milicia-pro.com\/wp-content\/uploads\/2024\/12\/BKH.75L212--297x300.png 297w, https:\/\/milicia-pro.com\/wp-content\/uploads\/2024\/12\/BKH.75L212--100x100.png 100w, https:\/\/milicia-pro.com\/wp-content\/uploads\/2024\/12\/BKH.75L212--50x50.png 50w, https:\/\/milicia-pro.com\/wp-content\/uploads\/2024\/12\/BKH.75L212-.png 467w\" sizes=\"auto, (max-width: 297px) 100vw, 297px\" \/><\/p>\n<p>Este Light Stick de 12 polegadas ou o chamado Bast\u00e3o de Luz, tem a dura\u00e7\u00e3o de 12 horas e tem como finalidade, identificar, iluminar, sinalizar&#8230;<\/p>\n<p>Os\u00a0light sticks s\u00e3o uma fonte de luz que funciona sem energia el\u00e9trica.<br \/>\nO brilho ser\u00e1 ativado\u00a0partindo\u00a0o\u00a0stick.<br \/>\nA usabilidade do bast\u00e3o de luz \u00e9 quase ilimitada. Funciona mesmo debaixo de \u00e1gua.<\/p>\n<p>&nbsp;<\/p>\n","protected":false},"excerpt":{"rendered":"<p>Este Light Stick de 12 polegadas ou o chamado Bast\u00e3o de Luz, tem a dura\u00e7\u00e3o de 12 horas e tem como finalidade, identificar, iluminar, sinalizar&#8230; Os\u00a0light sticks s\u00e3o uma fonte de luz que funciona sem energia el\u00e9trica. O brilho ser\u00e1 ativado\u00a0partindo\u00a0o\u00a0stick. A usabilidade do bast\u00e3o de luz \u00e9 quase ilimitada. Funciona mesmo debaixo de \u00e1gua. [&#8230;]\n","protected":false},"featured_media":41660,"comment_status":"open","ping_status":"closed","template":"","meta":{"_monsterinsights_skip_tracking":false,"_monsterinsights_sitenote_active":false,"_monsterinsights_sitenote_note":"","_monsterinsights_sitenote_category":0},"product_brand":[1504],"product_cat":[1137,1179,829,1068],"product_tag":[1182,1181,1180,1224],"class_list":{"0":"post-41655","1":"product","2":"type-product","3":"status-publish","4":"has-post-thumbnail","6":"product_brand-blackhawk","7":"product_cat-blackhawk","8":"product_cat-cyalume","9":"product_cat-marcas","10":"product_cat-outdoor","11":"product_tag-bastao-de-luz","12":"product_tag-iluminacao","13":"product_tag-light-stick","14":"product_tag-sobrevivenca","16":"first","17":"instock","18":"shipping-taxable","19":"purchasable","20":"product-type-variable"},"aioseo_notices":[],"jetpack_sharing_enabled":true,"_links":{"self":[{"href":"https:\/\/milicia-pro.com\/index.php\/wp-json\/wp\/v2\/product\/41655","targetHints":{"allow":["GET"]}}],"collection":[{"href":"https:\/\/milicia-pro.com\/index.php\/wp-json\/wp\/v2\/product"}],"about":[{"href":"https:\/\/milicia-pro.com\/index.php\/wp-json\/wp\/v2\/types\/product"}],"replies":[{"embeddable":true,"href":"https:\/\/milicia-pro.com\/index.php\/wp-json\/wp\/v2\/comments?post=41655"}],"wp:featuredmedia":[{"embeddable":true,"href":"https:\/\/milicia-pro.com\/index.php\/wp-json\/wp\/v2\/media\/41660"}],"wp:attachment":[{"href":"https:\/\/milicia-pro.com\/index.php\/wp-json\/wp\/v2\/media?parent=41655"}],"wp:term":[{"taxonomy":"product_brand","embeddable":true,"href":"https:\/\/milicia-pro.com\/index.php\/wp-json\/wp\/v2\/product_brand?post=41655"},{"taxonomy":"product_cat","embeddable":true,"href":"https:\/\/milicia-pro.com\/index.php\/wp-json\/wp\/v2\/product_cat?post=41655"},{"taxonomy":"product_tag","embeddable":true,"href":"https:\/\/milicia-pro.com\/index.php\/wp-json\/wp\/v2\/product_tag?post=41655"}],"curies":[{"name":"wp","href":"https:\/\/api.w.org\/{rel}","templated":true}]}}