{"id":41636,"date":"2024-12-19T15:33:35","date_gmt":"2024-12-19T15:33:35","guid":{"rendered":"https:\/\/milicia-pro.com\/?post_type=product&#038;p=41636"},"modified":"2025-03-05T14:12:07","modified_gmt":"2025-03-05T14:12:07","slug":"bluegun-glock-17","status":"publish","type":"product","link":"https:\/\/milicia-pro.com\/index.php\/product\/bluegun-glock-17\/","title":{"rendered":"BLUEGUN-GLOCK 17"},"content":{"rendered":"<p>Treine com seguran\u00e7a usando um simulador BlueGun em vez de uma arma real. Esta r\u00e9plica inerte e detalhada da Glock 17 d\u00e1 aos alunos a confian\u00e7a para manusear, equilibrar e usar esta arma de fogo.<\/p>\n<p>&nbsp;<\/p>\n<p>Especifica\u00e7\u00f5es do produto<\/p>\n<ul>\n<li>Feito de poliuretano resistente a impactos atado com a\u00e7o para refor\u00e7ar e evitar dobras e flex\u00f5es<\/li>\n<li>Serve como uma alternativa realista ao uso da Glock 17 ao vivo em situa\u00e7\u00f5es de treinamento<\/li>\n<li>Dimensionado para caber no coldre apropriado<\/li>\n<li>Fabricado em Azul de Aplica\u00e7\u00e3o da Lei<\/li>\n<\/ul>\n","protected":false},"excerpt":{"rendered":"<p>Treine com seguran\u00e7a usando um simulador BlueGun em vez de uma arma real. Esta r\u00e9plica inerte e detalhada da Glock 17 d\u00e1 aos alunos a confian\u00e7a para manusear, equilibrar e usar esta arma de fogo. &nbsp; Especifica\u00e7\u00f5es do produto Feito de poliuretano resistente a impactos atado com a\u00e7o para refor\u00e7ar e evitar dobras e flex\u00f5es [&#8230;]\n","protected":false},"featured_media":41639,"comment_status":"open","ping_status":"closed","template":"","meta":{"_monsterinsights_skip_tracking":false,"_monsterinsights_sitenote_active":false,"_monsterinsights_sitenote_note":"","_monsterinsights_sitenote_category":0},"product_brand":[],"product_cat":[1115,1329,1064,829,1290],"product_tag":[1291,333],"class_list":{"0":"post-41636","1":"product","2":"type-product","3":"status-publish","4":"has-post-thumbnail","6":"product_cat-acessorios-armas","7":"product_cat-bluegun-acessorios-arma","8":"product_cat-equipamentotatico","9":"product_cat-marcas","10":"product_cat-rings-manufaturing","11":"product_tag-bluegun","12":"product_tag-treino","14":"first","15":"instock","16":"shipping-taxable","17":"purchasable","18":"product-type-variable"},"aioseo_notices":[],"jetpack_sharing_enabled":true,"_links":{"self":[{"href":"https:\/\/milicia-pro.com\/index.php\/wp-json\/wp\/v2\/product\/41636","targetHints":{"allow":["GET"]}}],"collection":[{"href":"https:\/\/milicia-pro.com\/index.php\/wp-json\/wp\/v2\/product"}],"about":[{"href":"https:\/\/milicia-pro.com\/index.php\/wp-json\/wp\/v2\/types\/product"}],"replies":[{"embeddable":true,"href":"https:\/\/milicia-pro.com\/index.php\/wp-json\/wp\/v2\/comments?post=41636"}],"wp:featuredmedia":[{"embeddable":true,"href":"https:\/\/milicia-pro.com\/index.php\/wp-json\/wp\/v2\/media\/41639"}],"wp:attachment":[{"href":"https:\/\/milicia-pro.com\/index.php\/wp-json\/wp\/v2\/media?parent=41636"}],"wp:term":[{"taxonomy":"product_brand","embeddable":true,"href":"https:\/\/milicia-pro.com\/index.php\/wp-json\/wp\/v2\/product_brand?post=41636"},{"taxonomy":"product_cat","embeddable":true,"href":"https:\/\/milicia-pro.com\/index.php\/wp-json\/wp\/v2\/product_cat?post=41636"},{"taxonomy":"product_tag","embeddable":true,"href":"https:\/\/milicia-pro.com\/index.php\/wp-json\/wp\/v2\/product_tag?post=41636"}],"curies":[{"name":"wp","href":"https:\/\/api.w.org\/{rel}","templated":true}]}}