{"id":41588,"date":"2024-12-09T15:10:29","date_gmt":"2024-12-09T15:10:29","guid":{"rendered":"https:\/\/milicia-pro.com\/?post_type=product&#038;p=41588"},"modified":"2026-01-06T16:21:46","modified_gmt":"2026-01-06T16:21:46","slug":"cordoes-p-botas-7-operator-replacement","status":"publish","type":"product","link":"https:\/\/milicia-pro.com\/index.php\/product\/cordoes-p-botas-7-operator-replacement\/","title":{"rendered":"CORD\u00d5ES P\/ BOTAS 7\u201d OPERATOR REPLACEMENT"},"content":{"rendered":"<p>Estes cord\u00f5es de substitui\u00e7\u00e3o da First Tactical s\u00e3o fabricados com recursos duradouros e confi\u00e1veis, ideais para substituir os antigos, tanto na sua bota de cor black como na bota de cor coyote. Bastante resistentes feitos para cal\u00e7ado dos profissionais.<\/p>\n","protected":false},"excerpt":{"rendered":"<p>Estes cord\u00f5es de substitui\u00e7\u00e3o da First Tactical s\u00e3o fabricados com recursos duradouros e confi\u00e1veis, ideais para substituir os antigos, tanto na sua bota de cor black como na bota de cor coyote. Bastante resistentes feitos para cal\u00e7ado dos profissionais.<\/p>\n","protected":false},"featured_media":41589,"comment_status":"open","ping_status":"closed","template":"","meta":{"_monsterinsights_skip_tracking":false,"_monsterinsights_sitenote_active":false,"_monsterinsights_sitenote_note":"","_monsterinsights_sitenote_category":0},"product_brand":[],"product_cat":[1466,1463,830,829],"product_tag":[128],"class_list":{"0":"post-41588","1":"product","2":"type-product","3":"status-publish","4":"has-post-thumbnail","6":"product_cat-acessorios-calcado-2","7":"product_cat-calcado-2","8":"product_cat-firsttactical","9":"product_cat-marcas","10":"product_tag-cordoes","12":"first","13":"instock","14":"shipping-taxable","15":"purchasable","16":"product-type-variable"},"aioseo_notices":[],"jetpack_sharing_enabled":true,"_links":{"self":[{"href":"https:\/\/milicia-pro.com\/index.php\/wp-json\/wp\/v2\/product\/41588","targetHints":{"allow":["GET"]}}],"collection":[{"href":"https:\/\/milicia-pro.com\/index.php\/wp-json\/wp\/v2\/product"}],"about":[{"href":"https:\/\/milicia-pro.com\/index.php\/wp-json\/wp\/v2\/types\/product"}],"replies":[{"embeddable":true,"href":"https:\/\/milicia-pro.com\/index.php\/wp-json\/wp\/v2\/comments?post=41588"}],"wp:featuredmedia":[{"embeddable":true,"href":"https:\/\/milicia-pro.com\/index.php\/wp-json\/wp\/v2\/media\/41589"}],"wp:attachment":[{"href":"https:\/\/milicia-pro.com\/index.php\/wp-json\/wp\/v2\/media?parent=41588"}],"wp:term":[{"taxonomy":"product_brand","embeddable":true,"href":"https:\/\/milicia-pro.com\/index.php\/wp-json\/wp\/v2\/product_brand?post=41588"},{"taxonomy":"product_cat","embeddable":true,"href":"https:\/\/milicia-pro.com\/index.php\/wp-json\/wp\/v2\/product_cat?post=41588"},{"taxonomy":"product_tag","embeddable":true,"href":"https:\/\/milicia-pro.com\/index.php\/wp-json\/wp\/v2\/product_tag?post=41588"}],"curies":[{"name":"wp","href":"https:\/\/api.w.org\/{rel}","templated":true}]}}